{"id":67328,"date":"2022-12-01T08:53:57","date_gmt":"2022-12-01T08:53:57","guid":{"rendered":"https:\/\/logistiikkakeskus.net\/kauppa\/tuote\/nappaimisto-langallinen-usb\/"},"modified":"2026-01-20T09:15:03","modified_gmt":"2026-01-20T07:15:03","slug":"nappaimisto-langallinen-usb","status":"publish","type":"product","link":"https:\/\/logistiikkakeskus.net\/kauppa\/tuote\/nappaimisto-langallinen-usb\/","title":{"rendered":"N\u00e4pp\u00e4imist\u00f6 K120, langallinen (USB)"},"content":{"rendered":"<p>Keyboard K120 for Business on kest\u00e4v\u00e4 n\u00e4pp\u00e4imist\u00f6. Matalat, k\u00e4yt\u00f6ss\u00e4mukavat n\u00e4pp\u00e4imet ovat l\u00e4hes \u00e4\u00e4nett\u00f6m\u00e4t. N\u00e4pp\u00e4imist\u00f6ss\u00e4 on k\u00e4ytetty my\u00f6svakion\u00e4pp\u00e4inasettelua, ja siin\u00e4 on t\u00e4ysikokoiset funktion\u00e4pp\u00e4imet janumeron\u00e4pp\u00e4imist\u00f6. N\u00e4pp\u00e4imist\u00f6 on my\u00f6s eritt\u00e4in kest\u00e4v\u00e4.<\/p>\n","protected":false},"excerpt":{"rendered":"<p>Keyboard K120 for Business on kest\u00e4v\u00e4 n\u00e4pp\u00e4imist\u00f6. Matalat, k\u00e4yt\u00f6ss\u00e4mukavat n\u00e4pp\u00e4imet ovat l\u00e4hes \u00e4\u00e4nett\u00f6m\u00e4t. N\u00e4pp\u00e4imist\u00f6ss\u00e4 on k\u00e4ytetty my\u00f6svakion\u00e4pp\u00e4inasettelua, ja siin\u00e4 on t\u00e4ysikokoiset funktion\u00e4pp\u00e4imet janumeron\u00e4pp\u00e4imist\u00f6. N\u00e4pp\u00e4imist\u00f6 on my\u00f6s eritt\u00e4in kest\u00e4v\u00e4.<\/p>\n","protected":false},"featured_media":101684,"comment_status":"open","ping_status":"closed","template":"","meta":[],"product_brand":[],"product_cat":[3249],"product_tag":[],"class_list":{"0":"post-67328","1":"product","2":"type-product","3":"status-publish","4":"has-post-thumbnail","6":"product_cat-it-toimisto-sahkolaitteet-ja-tarv-it-tarvikkeet-tietokoneiden-oheislaitteet","8":"first","9":"instock","10":"shipping-taxable","11":"purchasable","12":"product-type-simple"},"_links":{"self":[{"href":"https:\/\/logistiikkakeskus.net\/kauppa\/wp-json\/wp\/v2\/product\/67328","targetHints":{"allow":["GET"]}}],"collection":[{"href":"https:\/\/logistiikkakeskus.net\/kauppa\/wp-json\/wp\/v2\/product"}],"about":[{"href":"https:\/\/logistiikkakeskus.net\/kauppa\/wp-json\/wp\/v2\/types\/product"}],"replies":[{"embeddable":true,"href":"https:\/\/logistiikkakeskus.net\/kauppa\/wp-json\/wp\/v2\/comments?post=67328"}],"wp:featuredmedia":[{"embeddable":true,"href":"https:\/\/logistiikkakeskus.net\/kauppa\/wp-json\/wp\/v2\/media\/101684"}],"wp:attachment":[{"href":"https:\/\/logistiikkakeskus.net\/kauppa\/wp-json\/wp\/v2\/media?parent=67328"}],"wp:term":[{"taxonomy":"product_brand","embeddable":true,"href":"https:\/\/logistiikkakeskus.net\/kauppa\/wp-json\/wp\/v2\/product_brand?post=67328"},{"taxonomy":"product_cat","embeddable":true,"href":"https:\/\/logistiikkakeskus.net\/kauppa\/wp-json\/wp\/v2\/product_cat?post=67328"},{"taxonomy":"product_tag","embeddable":true,"href":"https:\/\/logistiikkakeskus.net\/kauppa\/wp-json\/wp\/v2\/product_tag?post=67328"}],"curies":[{"name":"wp","href":"https:\/\/api.w.org\/{rel}","templated":true}]}}