{"id":67308,"date":"2022-12-01T08:53:51","date_gmt":"2022-12-01T08:53:51","guid":{"rendered":"https:\/\/logistiikkakeskus.net\/kauppa\/tuote\/hiiri-langaton-bluetooth\/"},"modified":"2026-01-20T09:15:01","modified_gmt":"2026-01-20T07:15:01","slug":"hiiri-langaton-bluetooth","status":"publish","type":"product","link":"https:\/\/logistiikkakeskus.net\/kauppa\/tuote\/hiiri-langaton-bluetooth\/","title":{"rendered":"Hiiri, langaton (bluetooth)"},"content":{"rendered":"<p>Logitech Signature M650 -hiiress\u00e4 on SmartWheel-vieritys, joka tarjoaatarkkuutta tai nopeutta. Saumaton langaton yhteys, \u00e4\u00e4nett\u00f6m\u00e4tnapsautukset, mukautettavat sivupainikkeet ja mukava muotoilu.Painikkeiden m\u00e4\u00e4r\u00e4: 5. Pariston kesto Bluetoothilla: jopa 20 kuukautta.Pariston kesto USB-vastaanottimella: jopa 24 kuukautta.<\/p>\n","protected":false},"excerpt":{"rendered":"<p>Logitech Signature M650 -hiiress\u00e4 on SmartWheel-vieritys, joka tarjoaatarkkuutta tai nopeutta. Saumaton langaton yhteys, \u00e4\u00e4nett\u00f6m\u00e4tnapsautukset, mukautettavat sivupainikkeet ja mukava muotoilu.Painikkeiden m\u00e4\u00e4r\u00e4: 5. Pariston kesto Bluetoothilla: jopa 20 kuukautta.Pariston kesto USB-vastaanottimella: jopa 24 kuukautta.<\/p>\n","protected":false},"featured_media":101673,"comment_status":"open","ping_status":"closed","template":"","meta":[],"product_brand":[],"product_cat":[3249],"product_tag":[],"class_list":{"0":"post-67308","1":"product","2":"type-product","3":"status-publish","4":"has-post-thumbnail","6":"product_cat-it-toimisto-sahkolaitteet-ja-tarv-it-tarvikkeet-tietokoneiden-oheislaitteet","8":"first","9":"instock","10":"shipping-taxable","11":"purchasable","12":"product-type-simple"},"_links":{"self":[{"href":"https:\/\/logistiikkakeskus.net\/kauppa\/wp-json\/wp\/v2\/product\/67308","targetHints":{"allow":["GET"]}}],"collection":[{"href":"https:\/\/logistiikkakeskus.net\/kauppa\/wp-json\/wp\/v2\/product"}],"about":[{"href":"https:\/\/logistiikkakeskus.net\/kauppa\/wp-json\/wp\/v2\/types\/product"}],"replies":[{"embeddable":true,"href":"https:\/\/logistiikkakeskus.net\/kauppa\/wp-json\/wp\/v2\/comments?post=67308"}],"wp:featuredmedia":[{"embeddable":true,"href":"https:\/\/logistiikkakeskus.net\/kauppa\/wp-json\/wp\/v2\/media\/101673"}],"wp:attachment":[{"href":"https:\/\/logistiikkakeskus.net\/kauppa\/wp-json\/wp\/v2\/media?parent=67308"}],"wp:term":[{"taxonomy":"product_brand","embeddable":true,"href":"https:\/\/logistiikkakeskus.net\/kauppa\/wp-json\/wp\/v2\/product_brand?post=67308"},{"taxonomy":"product_cat","embeddable":true,"href":"https:\/\/logistiikkakeskus.net\/kauppa\/wp-json\/wp\/v2\/product_cat?post=67308"},{"taxonomy":"product_tag","embeddable":true,"href":"https:\/\/logistiikkakeskus.net\/kauppa\/wp-json\/wp\/v2\/product_tag?post=67308"}],"curies":[{"name":"wp","href":"https:\/\/api.w.org\/{rel}","templated":true}]}}