{"id":67296,"date":"2022-12-01T08:53:47","date_gmt":"2022-12-01T08:53:47","guid":{"rendered":"https:\/\/logistiikkakeskus.net\/kauppa\/tuote\/tietoturvasuoja-23-510-x-287-mm\/"},"modified":"2026-01-20T09:15:01","modified_gmt":"2026-01-20T07:15:01","slug":"tietoturvasuoja-23-510-x-287-mm","status":"publish","type":"product","link":"https:\/\/logistiikkakeskus.net\/kauppa\/tuote\/tietoturvasuoja-23-510-x-287-mm\/","title":{"rendered":"Tietoturvasuoja 23&#8243; (510 x 287 mm)"},"content":{"rendered":"<p>3M tietoturvasuoja PF23.0W9 150326 23&#8221; widescreen 16:9 Lis\u00e4tiedot:Ty\u00f6skentele rauhassa ja suojaa n\u00e4ytt\u00f6si sis\u00e4lt\u00f6 sivullisten katseiltatietoturvasuojakalvon avulla. K\u00e4yt\u00e4tp\u00e4 tietokonetta tai tablettiasikahvilassa, bussissa, lentokent\u00e4ll\u00e4 tai muussa julkisessa tilassa,tietoturvasuoja piment\u00e4\u00e4 n\u00e4ytt\u00f6si sivuilta kaLyhyt selite:  3Mtietoturvasuoja PF23.0W9. Myyntier\u00e4:1 KPL. Valmistaja\/valmistuttaja: 3M<\/p>\n","protected":false},"excerpt":{"rendered":"<p>3M tietoturvasuoja PF23.0W9 150326 23&#8221; widescreen 16:9 Lis\u00e4tiedot:Ty\u00f6skentele rauhassa ja suojaa n\u00e4ytt\u00f6si sis\u00e4lt\u00f6 sivullisten katseiltatietoturvasuojakalvon avulla. K\u00e4yt\u00e4tp\u00e4 tietokonetta tai tablettiasikahvilassa, bussissa, lentokent\u00e4ll\u00e4 tai muussa julkisessa tilassa,tietoturvasuoja piment\u00e4\u00e4 n\u00e4ytt\u00f6si sivuilta kaLyhyt selite: 3Mtietoturvasuoja PF23.0W9. Myyntier\u00e4:1 KPL. Valmistaja\/valmistuttaja: 3M<\/p>\n","protected":false},"featured_media":101669,"comment_status":"open","ping_status":"closed","template":"","meta":[],"product_brand":[],"product_cat":[3247],"product_tag":[],"class_list":{"0":"post-67296","1":"product","2":"type-product","3":"status-publish","4":"has-post-thumbnail","6":"product_cat-it-toimisto-sahkolaitteet-ja-tarv-it-tarvikkeet-muut-it-tarvikkeet","8":"first","9":"instock","10":"shipping-taxable","11":"purchasable","12":"product-type-simple"},"_links":{"self":[{"href":"https:\/\/logistiikkakeskus.net\/kauppa\/wp-json\/wp\/v2\/product\/67296","targetHints":{"allow":["GET"]}}],"collection":[{"href":"https:\/\/logistiikkakeskus.net\/kauppa\/wp-json\/wp\/v2\/product"}],"about":[{"href":"https:\/\/logistiikkakeskus.net\/kauppa\/wp-json\/wp\/v2\/types\/product"}],"replies":[{"embeddable":true,"href":"https:\/\/logistiikkakeskus.net\/kauppa\/wp-json\/wp\/v2\/comments?post=67296"}],"wp:featuredmedia":[{"embeddable":true,"href":"https:\/\/logistiikkakeskus.net\/kauppa\/wp-json\/wp\/v2\/media\/101669"}],"wp:attachment":[{"href":"https:\/\/logistiikkakeskus.net\/kauppa\/wp-json\/wp\/v2\/media?parent=67296"}],"wp:term":[{"taxonomy":"product_brand","embeddable":true,"href":"https:\/\/logistiikkakeskus.net\/kauppa\/wp-json\/wp\/v2\/product_brand?post=67296"},{"taxonomy":"product_cat","embeddable":true,"href":"https:\/\/logistiikkakeskus.net\/kauppa\/wp-json\/wp\/v2\/product_cat?post=67296"},{"taxonomy":"product_tag","embeddable":true,"href":"https:\/\/logistiikkakeskus.net\/kauppa\/wp-json\/wp\/v2\/product_tag?post=67296"}],"curies":[{"name":"wp","href":"https:\/\/api.w.org\/{rel}","templated":true}]}}