{"id":67290,"date":"2022-12-01T08:53:45","date_gmt":"2022-12-01T08:53:45","guid":{"rendered":"https:\/\/logistiikkakeskus.net\/kauppa\/tuote\/tietoturvasuoja-19-377-x-302-mm\/"},"modified":"2026-01-20T09:15:00","modified_gmt":"2026-01-20T07:15:00","slug":"tietoturvasuoja-19-377-x-302-mm","status":"publish","type":"product","link":"https:\/\/logistiikkakeskus.net\/kauppa\/tuote\/tietoturvasuoja-19-377-x-302-mm\/","title":{"rendered":"Tietoturvasuoja 19&#8243; (377 x 302 mm)"},"content":{"rendered":"<p>3M tietoturvasuoja PF19.0 1009471 19.0&#8221; kehykset\u00f6n 5:4 Lis\u00e4tiedot: CRT19-21&#8221;, LCD 19-20&#8221;, 30,2 x 37,7cmLyhyt selite:  3M tietoturvasuojaPF19.0. Myyntier\u00e4:1 KPL. Valmistaja\/valmistuttaja: 3M<\/p>\n","protected":false},"excerpt":{"rendered":"<p>3M tietoturvasuoja PF19.0 1009471 19.0&#8221; kehykset\u00f6n 5:4 Lis\u00e4tiedot: CRT19-21&#8221;, LCD 19-20&#8221;, 30,2 x 37,7cmLyhyt selite: 3M tietoturvasuojaPF19.0. Myyntier\u00e4:1 KPL. Valmistaja\/valmistuttaja: 3M<\/p>\n","protected":false},"featured_media":101666,"comment_status":"open","ping_status":"closed","template":"","meta":[],"product_brand":[],"product_cat":[3247],"product_tag":[],"class_list":{"0":"post-67290","1":"product","2":"type-product","3":"status-publish","4":"has-post-thumbnail","6":"product_cat-it-toimisto-sahkolaitteet-ja-tarv-it-tarvikkeet-muut-it-tarvikkeet","8":"first","9":"instock","10":"shipping-taxable","11":"purchasable","12":"product-type-simple"},"_links":{"self":[{"href":"https:\/\/logistiikkakeskus.net\/kauppa\/wp-json\/wp\/v2\/product\/67290","targetHints":{"allow":["GET"]}}],"collection":[{"href":"https:\/\/logistiikkakeskus.net\/kauppa\/wp-json\/wp\/v2\/product"}],"about":[{"href":"https:\/\/logistiikkakeskus.net\/kauppa\/wp-json\/wp\/v2\/types\/product"}],"replies":[{"embeddable":true,"href":"https:\/\/logistiikkakeskus.net\/kauppa\/wp-json\/wp\/v2\/comments?post=67290"}],"wp:featuredmedia":[{"embeddable":true,"href":"https:\/\/logistiikkakeskus.net\/kauppa\/wp-json\/wp\/v2\/media\/101666"}],"wp:attachment":[{"href":"https:\/\/logistiikkakeskus.net\/kauppa\/wp-json\/wp\/v2\/media?parent=67290"}],"wp:term":[{"taxonomy":"product_brand","embeddable":true,"href":"https:\/\/logistiikkakeskus.net\/kauppa\/wp-json\/wp\/v2\/product_brand?post=67290"},{"taxonomy":"product_cat","embeddable":true,"href":"https:\/\/logistiikkakeskus.net\/kauppa\/wp-json\/wp\/v2\/product_cat?post=67290"},{"taxonomy":"product_tag","embeddable":true,"href":"https:\/\/logistiikkakeskus.net\/kauppa\/wp-json\/wp\/v2\/product_tag?post=67290"}],"curies":[{"name":"wp","href":"https:\/\/api.w.org\/{rel}","templated":true}]}}