{"id":67288,"date":"2022-12-01T08:53:45","date_gmt":"2022-12-01T08:53:45","guid":{"rendered":"https:\/\/logistiikkakeskus.net\/kauppa\/tuote\/tietoturvasuoja-156-345-x-194-mm\/"},"modified":"2026-01-20T09:15:00","modified_gmt":"2026-01-20T07:15:00","slug":"tietoturvasuoja-156-345-x-194-mm","status":"publish","type":"product","link":"https:\/\/logistiikkakeskus.net\/kauppa\/tuote\/tietoturvasuoja-156-345-x-194-mm\/","title":{"rendered":"Tietoturvasuoja 15,6&#8243; (345 x 194 mm)"},"content":{"rendered":"<p>3M tietoturvasuoja PF15.6W9 150267 15.6&#8221; widescreen, 16:9 Lis\u00e4tiedot:Ty\u00f6skentele rauhassa ja suojaa n\u00e4ytt\u00f6si sis\u00e4lt\u00f6 sivullisten katseiltatietoturvasuojakalvon avulla. K\u00e4yt\u00e4tp\u00e4 tietokonetta tai tablettiasikahvilassa, bussissa, lentokent\u00e4ll\u00e4 tai muussa julkisessa tilassa,tietoturvasuoja piment\u00e4\u00e4 n\u00e4ytt\u00f6si sivuilta kaLyhyt selite:  3Mtietoturvasuoja PF15.6W9. Myyntier\u00e4:1 KPL. Valmistaja\/valmistuttaja: 3M<\/p>\n","protected":false},"excerpt":{"rendered":"<p>3M tietoturvasuoja PF15.6W9 150267 15.6&#8221; widescreen, 16:9 Lis\u00e4tiedot:Ty\u00f6skentele rauhassa ja suojaa n\u00e4ytt\u00f6si sis\u00e4lt\u00f6 sivullisten katseiltatietoturvasuojakalvon avulla. K\u00e4yt\u00e4tp\u00e4 tietokonetta tai tablettiasikahvilassa, bussissa, lentokent\u00e4ll\u00e4 tai muussa julkisessa tilassa,tietoturvasuoja piment\u00e4\u00e4 n\u00e4ytt\u00f6si sivuilta kaLyhyt selite: 3Mtietoturvasuoja PF15.6W9. Myyntier\u00e4:1 KPL. Valmistaja\/valmistuttaja: 3M<\/p>\n","protected":false},"featured_media":101665,"comment_status":"open","ping_status":"closed","template":"","meta":[],"product_brand":[],"product_cat":[3247],"product_tag":[],"class_list":{"0":"post-67288","1":"product","2":"type-product","3":"status-publish","4":"has-post-thumbnail","6":"product_cat-it-toimisto-sahkolaitteet-ja-tarv-it-tarvikkeet-muut-it-tarvikkeet","8":"first","9":"instock","10":"shipping-taxable","11":"purchasable","12":"product-type-simple"},"_links":{"self":[{"href":"https:\/\/logistiikkakeskus.net\/kauppa\/wp-json\/wp\/v2\/product\/67288","targetHints":{"allow":["GET"]}}],"collection":[{"href":"https:\/\/logistiikkakeskus.net\/kauppa\/wp-json\/wp\/v2\/product"}],"about":[{"href":"https:\/\/logistiikkakeskus.net\/kauppa\/wp-json\/wp\/v2\/types\/product"}],"replies":[{"embeddable":true,"href":"https:\/\/logistiikkakeskus.net\/kauppa\/wp-json\/wp\/v2\/comments?post=67288"}],"wp:featuredmedia":[{"embeddable":true,"href":"https:\/\/logistiikkakeskus.net\/kauppa\/wp-json\/wp\/v2\/media\/101665"}],"wp:attachment":[{"href":"https:\/\/logistiikkakeskus.net\/kauppa\/wp-json\/wp\/v2\/media?parent=67288"}],"wp:term":[{"taxonomy":"product_brand","embeddable":true,"href":"https:\/\/logistiikkakeskus.net\/kauppa\/wp-json\/wp\/v2\/product_brand?post=67288"},{"taxonomy":"product_cat","embeddable":true,"href":"https:\/\/logistiikkakeskus.net\/kauppa\/wp-json\/wp\/v2\/product_cat?post=67288"},{"taxonomy":"product_tag","embeddable":true,"href":"https:\/\/logistiikkakeskus.net\/kauppa\/wp-json\/wp\/v2\/product_tag?post=67288"}],"curies":[{"name":"wp","href":"https:\/\/api.w.org\/{rel}","templated":true}]}}