{"id":67264,"date":"2022-12-01T08:53:38","date_gmt":"2022-12-01T08:53:38","guid":{"rendered":"https:\/\/logistiikkakeskus.net\/kauppa\/tuote\/helsinki-usb-3-0-muistitikku-64gt\/"},"modified":"2026-01-20T09:14:59","modified_gmt":"2026-01-20T07:14:59","slug":"helsinki-usb-3-0-muistitikku-64gt","status":"publish","type":"product","link":"https:\/\/logistiikkakeskus.net\/kauppa\/tuote\/helsinki-usb-3-0-muistitikku-64gt\/","title":{"rendered":"Helsinki USB 3.0 -muistitikku 64GT"},"content":{"rendered":"<h2>USB 3.0 -muistitikku Kingston DataTraveler 100 G3 64 Gt<\/h2>\n<p>Liukuva kansi. K\u00e4ytt\u00f6j\u00e4rjestelm\u00e4t: Linux 2.6.x tai uudempi,MicrosoftWindows XP SP3, Microsoft Windows Vista SP1 tai uudempi, Apple MacOS X10.6.x tai uudempi, Microsoft Windows 7 SP1, Windows 8.<\/p>\n<p><i>hakusanat: flash-levyt, Usb-muistit,usbmuistit, usb-kovalevyt, usb-tikku,HKL-ICT<\/i><\/p>\n","protected":false},"excerpt":{"rendered":"<p>USB 3.0 -muistitikku Kingston DataTraveler 100 G3 64 Gt Liukuva kansi. K\u00e4ytt\u00f6j\u00e4rjestelm\u00e4t: Linux 2.6.x tai uudempi,MicrosoftWindows XP SP3, Microsoft Windows Vista SP1 tai uudempi, Apple MacOS X10.6.x tai uudempi, Microsoft Windows 7 SP1, Windows 8. hakusanat: flash-levyt, Usb-muistit,usbmuistit, usb-kovalevyt, usb-tikku,HKL-ICT<\/p>\n","protected":false},"featured_media":101652,"comment_status":"open","ping_status":"closed","template":"","meta":[],"product_brand":[],"product_cat":[3254],"product_tag":[],"class_list":{"0":"post-67264","1":"product","2":"type-product","3":"status-publish","4":"has-post-thumbnail","6":"product_cat-it-toimisto-sahkolaitteet-ja-tarv-tallennusmediat-usb-muistit","8":"first","9":"instock","10":"shipping-taxable","11":"purchasable","12":"product-type-simple"},"_links":{"self":[{"href":"https:\/\/logistiikkakeskus.net\/kauppa\/wp-json\/wp\/v2\/product\/67264","targetHints":{"allow":["GET"]}}],"collection":[{"href":"https:\/\/logistiikkakeskus.net\/kauppa\/wp-json\/wp\/v2\/product"}],"about":[{"href":"https:\/\/logistiikkakeskus.net\/kauppa\/wp-json\/wp\/v2\/types\/product"}],"replies":[{"embeddable":true,"href":"https:\/\/logistiikkakeskus.net\/kauppa\/wp-json\/wp\/v2\/comments?post=67264"}],"wp:featuredmedia":[{"embeddable":true,"href":"https:\/\/logistiikkakeskus.net\/kauppa\/wp-json\/wp\/v2\/media\/101652"}],"wp:attachment":[{"href":"https:\/\/logistiikkakeskus.net\/kauppa\/wp-json\/wp\/v2\/media?parent=67264"}],"wp:term":[{"taxonomy":"product_brand","embeddable":true,"href":"https:\/\/logistiikkakeskus.net\/kauppa\/wp-json\/wp\/v2\/product_brand?post=67264"},{"taxonomy":"product_cat","embeddable":true,"href":"https:\/\/logistiikkakeskus.net\/kauppa\/wp-json\/wp\/v2\/product_cat?post=67264"},{"taxonomy":"product_tag","embeddable":true,"href":"https:\/\/logistiikkakeskus.net\/kauppa\/wp-json\/wp\/v2\/product_tag?post=67264"}],"curies":[{"name":"wp","href":"https:\/\/api.w.org\/{rel}","templated":true}]}}