{"id":67254,"date":"2022-12-01T08:53:34","date_gmt":"2022-12-01T08:53:34","guid":{"rendered":"https:\/\/logistiikkakeskus.net\/kauppa\/tuote\/akkuparisto-1-2v-hr6aa\/"},"modified":"2026-01-20T09:14:59","modified_gmt":"2026-01-20T07:14:59","slug":"akkuparisto-1-2v-hr6aa","status":"publish","type":"product","link":"https:\/\/logistiikkakeskus.net\/kauppa\/tuote\/akkuparisto-1-2v-hr6aa\/","title":{"rendered":"Akkuparisto 1.2v (HR6\/AA)"},"content":{"rendered":"<p>Myyntiyksikk\u00f6 PKT (4 kpl)<\/p>\n<h2>Akkuparisto LR6\/AA 1,2V (2000 mAh), 4 kpl<\/h2>\n<p>NiMH-ladattava AA-akku, jolla on korkea suorituskyky ja jopa1500-kertainen k\u00e4ytt\u00f6ik\u00e4, joten se sopii ihanteellisesti suuritehoisillelaitteille. T\u00e4m\u00e4 esiladattu ja k\u00e4ytt\u00f6valmis akku v\u00e4hent\u00e4\u00e4kertak\u00e4ytt\u00f6isen pariston k\u00e4ytt\u00f6\u00e4 huomattavasti. Lis\u00e4ksi se voi s\u00e4ilytt\u00e4\u00e4jopa 70% varauksestaan 60 kuukauden ajan uskomattoman alhaisenitsepurkautumisasteensa ansiosta. K\u00e4ytt\u00f6l\u00e4mp\u00f6tila -20C &#8211; +50C.<\/p>\n<ul>\n<li>J\u00e4nnite 1,2 volttia\n<li>Kapasiteetti 2000 mAh<\/ul>\n<p><i>Hakusanat: sormiparistot, AA-paristot, IEC-HR6, 56706,ANSI-1.2H2,U12, HP7, Mignon, MN1500, MX1500, MV1500, FR6, HR6, KR6, ZR6, 15D, 15LF,alkaaliparistot, sauvaparistot, EX-381130<\/i><\/p>\n","protected":false},"excerpt":{"rendered":"<p>Myyntiyksikk\u00f6 PKT (4 kpl) Akkuparisto LR6\/AA 1,2V (2000 mAh), 4 kpl NiMH-ladattava AA-akku, jolla on korkea suorituskyky ja jopa1500-kertainen k\u00e4ytt\u00f6ik\u00e4, joten se sopii ihanteellisesti suuritehoisillelaitteille. T\u00e4m\u00e4 esiladattu ja k\u00e4ytt\u00f6valmis akku v\u00e4hent\u00e4\u00e4kertak\u00e4ytt\u00f6isen pariston k\u00e4ytt\u00f6\u00e4 huomattavasti. Lis\u00e4ksi se voi s\u00e4ilytt\u00e4\u00e4jopa 70% varauksestaan 60 kuukauden ajan uskomattoman alhaisenitsepurkautumisasteensa ansiosta. K\u00e4ytt\u00f6l\u00e4mp\u00f6tila -20C &#8211; +50C. J\u00e4nnite 1,2 volttia Kapasiteetti 2000 [&hellip;]<\/p>\n","protected":false},"featured_media":101650,"comment_status":"open","ping_status":"closed","template":"","meta":[],"product_brand":[],"product_cat":[3252],"product_tag":[],"class_list":{"0":"post-67254","1":"product","2":"type-product","3":"status-publish","4":"has-post-thumbnail","6":"product_cat-it-toimisto-sahkolaitteet-ja-tarv-sahkolaitteet-ja-tarvikkeet-paristot-ja-akut","8":"first","9":"instock","10":"shipping-taxable","11":"purchasable","12":"product-type-simple"},"_links":{"self":[{"href":"https:\/\/logistiikkakeskus.net\/kauppa\/wp-json\/wp\/v2\/product\/67254","targetHints":{"allow":["GET"]}}],"collection":[{"href":"https:\/\/logistiikkakeskus.net\/kauppa\/wp-json\/wp\/v2\/product"}],"about":[{"href":"https:\/\/logistiikkakeskus.net\/kauppa\/wp-json\/wp\/v2\/types\/product"}],"replies":[{"embeddable":true,"href":"https:\/\/logistiikkakeskus.net\/kauppa\/wp-json\/wp\/v2\/comments?post=67254"}],"wp:featuredmedia":[{"embeddable":true,"href":"https:\/\/logistiikkakeskus.net\/kauppa\/wp-json\/wp\/v2\/media\/101650"}],"wp:attachment":[{"href":"https:\/\/logistiikkakeskus.net\/kauppa\/wp-json\/wp\/v2\/media?parent=67254"}],"wp:term":[{"taxonomy":"product_brand","embeddable":true,"href":"https:\/\/logistiikkakeskus.net\/kauppa\/wp-json\/wp\/v2\/product_brand?post=67254"},{"taxonomy":"product_cat","embeddable":true,"href":"https:\/\/logistiikkakeskus.net\/kauppa\/wp-json\/wp\/v2\/product_cat?post=67254"},{"taxonomy":"product_tag","embeddable":true,"href":"https:\/\/logistiikkakeskus.net\/kauppa\/wp-json\/wp\/v2\/product_tag?post=67254"}],"curies":[{"name":"wp","href":"https:\/\/api.w.org\/{rel}","templated":true}]}}