{"id":67250,"date":"2022-12-01T08:53:33","date_gmt":"2022-12-01T08:53:33","guid":{"rendered":"https:\/\/logistiikkakeskus.net\/kauppa\/tuote\/sauvaparisto-12v-23alrv08\/"},"modified":"2026-01-20T09:14:58","modified_gmt":"2026-01-20T07:14:58","slug":"sauvaparisto-12v-23alrv08","status":"publish","type":"product","link":"https:\/\/logistiikkakeskus.net\/kauppa\/tuote\/sauvaparisto-12v-23alrv08\/","title":{"rendered":"Sauvaparisto 12V (23A\/LRV08)"},"content":{"rendered":"<h2>Erikoisalkaliparisto 23AE, 12 volttia (55 mAh)<\/h2>\n<p>Pieni sylinteriparisto, jossa pieneen kokoon n\u00e4hden suurivolttim\u00e4\u00e4r\u00e4. Soveltuu muun muassa l\u00e4\u00e4ketieteen kojeisiin, porttien jaautotallinovien kauko-ohjaimiin, bluetooth- kuulokeisiin sek\u00e4turvah\u00e4lyttimiin.<\/p>\n<ul>\n<li>Halkaisija 10 mm\n<li>Korkeus 28 mm\n<li>J\u00e4nnite 12.0 volttia\n<li>Kapasiteetti 55 mAh<\/ul>\n<p><i>Hakusanat: LRV08, IEC-8LR932 , ANSI-1811A, V23GA,MN21, L1028,8LR23, LRV08, LR23A, GP23A, K23A, MN21\/23, 3LR50<\/i><\/p>\n","protected":false},"excerpt":{"rendered":"<p>Erikoisalkaliparisto 23AE, 12 volttia (55 mAh) Pieni sylinteriparisto, jossa pieneen kokoon n\u00e4hden suurivolttim\u00e4\u00e4r\u00e4. Soveltuu muun muassa l\u00e4\u00e4ketieteen kojeisiin, porttien jaautotallinovien kauko-ohjaimiin, bluetooth- kuulokeisiin sek\u00e4turvah\u00e4lyttimiin. Halkaisija 10 mm Korkeus 28 mm J\u00e4nnite 12.0 volttia Kapasiteetti 55 mAh Hakusanat: LRV08, IEC-8LR932 , ANSI-1811A, V23GA,MN21, L1028,8LR23, LRV08, LR23A, GP23A, K23A, MN21\/23, 3LR50<\/p>\n","protected":false},"featured_media":101647,"comment_status":"open","ping_status":"closed","template":"","meta":[],"product_brand":[],"product_cat":[3252],"product_tag":[],"class_list":{"0":"post-67250","1":"product","2":"type-product","3":"status-publish","4":"has-post-thumbnail","6":"product_cat-it-toimisto-sahkolaitteet-ja-tarv-sahkolaitteet-ja-tarvikkeet-paristot-ja-akut","8":"first","9":"instock","10":"shipping-taxable","11":"purchasable","12":"product-type-simple"},"_links":{"self":[{"href":"https:\/\/logistiikkakeskus.net\/kauppa\/wp-json\/wp\/v2\/product\/67250","targetHints":{"allow":["GET"]}}],"collection":[{"href":"https:\/\/logistiikkakeskus.net\/kauppa\/wp-json\/wp\/v2\/product"}],"about":[{"href":"https:\/\/logistiikkakeskus.net\/kauppa\/wp-json\/wp\/v2\/types\/product"}],"replies":[{"embeddable":true,"href":"https:\/\/logistiikkakeskus.net\/kauppa\/wp-json\/wp\/v2\/comments?post=67250"}],"wp:featuredmedia":[{"embeddable":true,"href":"https:\/\/logistiikkakeskus.net\/kauppa\/wp-json\/wp\/v2\/media\/101647"}],"wp:attachment":[{"href":"https:\/\/logistiikkakeskus.net\/kauppa\/wp-json\/wp\/v2\/media?parent=67250"}],"wp:term":[{"taxonomy":"product_brand","embeddable":true,"href":"https:\/\/logistiikkakeskus.net\/kauppa\/wp-json\/wp\/v2\/product_brand?post=67250"},{"taxonomy":"product_cat","embeddable":true,"href":"https:\/\/logistiikkakeskus.net\/kauppa\/wp-json\/wp\/v2\/product_cat?post=67250"},{"taxonomy":"product_tag","embeddable":true,"href":"https:\/\/logistiikkakeskus.net\/kauppa\/wp-json\/wp\/v2\/product_tag?post=67250"}],"curies":[{"name":"wp","href":"https:\/\/api.w.org\/{rel}","templated":true}]}}