{"id":67248,"date":"2022-12-01T08:53:33","date_gmt":"2022-12-01T08:53:33","guid":{"rendered":"https:\/\/logistiikkakeskus.net\/kauppa\/tuote\/sauvaparisto-varta-3v-cr123a-lithium\/"},"modified":"2026-01-20T09:14:58","modified_gmt":"2026-01-20T07:14:58","slug":"sauvaparisto-varta-3v-cr123a-lithium","status":"publish","type":"product","link":"https:\/\/logistiikkakeskus.net\/kauppa\/tuote\/sauvaparisto-varta-3v-cr123a-lithium\/","title":{"rendered":"Sauvaparisto Varta 3V CR123A lithium"},"content":{"rendered":"<h2>Kameraparisto Varta CR123A\/6205 lithium 3 volttia (1550 mAh)<\/h2>\n<p>Tehokas lithiumparisto (ns. kameraparisto) jota k\u00e4ytet\u00e4\u00e4n kohteissajotka  vaativat pitk\u00e4\u00e4 valmiustilassa oloaikaa ja pitk\u00e4\u00e4  k\u00e4ytt\u00f6aikaanimellisj\u00e4nniteell\u00e4. Paristolla on laaja k\u00e4ytt\u00f6l\u00e4mp\u00f6tila-alue &#8211; toimiihelteell\u00e4 kuin  pakkasellakin. Paristoa k\u00e4ytet\u00e4\u00e4n mm. kameroissa, liiketunnistimissa, kameroissa, salamavaloissa, taskulampuissa japaloh\u00e4lyttimiss\u00e4.<b>K\u00c4Y AEDPLUS defibrillaattoriin<\/b><\/p>\n<ul><b>Ominaisuudet<\/b> <\/p>\n<li>Pariston halkaisija 17 mm\n<li>Pariston korkeus34.5 mm\n<li>J\u00e4nnite 3.0 volttia\n<li>Kapasiteetti 1550 mAh<\/ul>\n<p><i>hakusanat: K123LA-1, IEC-CR17345, ANSI-5018LC, EL123, DL124A, 16340,RCR123A, ex-820840<\/i><\/p>\n","protected":false},"excerpt":{"rendered":"<p>Kameraparisto Varta CR123A\/6205 lithium 3 volttia (1550 mAh) Tehokas lithiumparisto (ns. kameraparisto) jota k\u00e4ytet\u00e4\u00e4n kohteissajotka vaativat pitk\u00e4\u00e4 valmiustilassa oloaikaa ja pitk\u00e4\u00e4 k\u00e4ytt\u00f6aikaanimellisj\u00e4nniteell\u00e4. Paristolla on laaja k\u00e4ytt\u00f6l\u00e4mp\u00f6tila-alue &#8211; toimiihelteell\u00e4 kuin pakkasellakin. Paristoa k\u00e4ytet\u00e4\u00e4n mm. kameroissa, liiketunnistimissa, kameroissa, salamavaloissa, taskulampuissa japaloh\u00e4lyttimiss\u00e4.K\u00c4Y AEDPLUS defibrillaattoriin Ominaisuudet Pariston halkaisija 17 mm Pariston korkeus34.5 mm J\u00e4nnite 3.0 volttia Kapasiteetti 1550 mAh [&hellip;]<\/p>\n","protected":false},"featured_media":101646,"comment_status":"open","ping_status":"closed","template":"","meta":[],"product_brand":[],"product_cat":[3252],"product_tag":[],"class_list":{"0":"post-67248","1":"product","2":"type-product","3":"status-publish","4":"has-post-thumbnail","6":"product_cat-it-toimisto-sahkolaitteet-ja-tarv-sahkolaitteet-ja-tarvikkeet-paristot-ja-akut","8":"first","9":"instock","10":"shipping-taxable","11":"purchasable","12":"product-type-simple"},"_links":{"self":[{"href":"https:\/\/logistiikkakeskus.net\/kauppa\/wp-json\/wp\/v2\/product\/67248","targetHints":{"allow":["GET"]}}],"collection":[{"href":"https:\/\/logistiikkakeskus.net\/kauppa\/wp-json\/wp\/v2\/product"}],"about":[{"href":"https:\/\/logistiikkakeskus.net\/kauppa\/wp-json\/wp\/v2\/types\/product"}],"replies":[{"embeddable":true,"href":"https:\/\/logistiikkakeskus.net\/kauppa\/wp-json\/wp\/v2\/comments?post=67248"}],"wp:featuredmedia":[{"embeddable":true,"href":"https:\/\/logistiikkakeskus.net\/kauppa\/wp-json\/wp\/v2\/media\/101646"}],"wp:attachment":[{"href":"https:\/\/logistiikkakeskus.net\/kauppa\/wp-json\/wp\/v2\/media?parent=67248"}],"wp:term":[{"taxonomy":"product_brand","embeddable":true,"href":"https:\/\/logistiikkakeskus.net\/kauppa\/wp-json\/wp\/v2\/product_brand?post=67248"},{"taxonomy":"product_cat","embeddable":true,"href":"https:\/\/logistiikkakeskus.net\/kauppa\/wp-json\/wp\/v2\/product_cat?post=67248"},{"taxonomy":"product_tag","embeddable":true,"href":"https:\/\/logistiikkakeskus.net\/kauppa\/wp-json\/wp\/v2\/product_tag?post=67248"}],"curies":[{"name":"wp","href":"https:\/\/api.w.org\/{rel}","templated":true}]}}