{"id":67246,"date":"2022-12-01T08:53:32","date_gmt":"2022-12-01T08:53:32","guid":{"rendered":"https:\/\/logistiikkakeskus.net\/kauppa\/tuote\/sauvaparisto-1-5v-lr20d2\/"},"modified":"2026-01-20T09:14:58","modified_gmt":"2026-01-20T07:14:58","slug":"sauvaparisto-1-5v-lr20d2","status":"publish","type":"product","link":"https:\/\/logistiikkakeskus.net\/kauppa\/tuote\/sauvaparisto-1-5v-lr20d2\/","title":{"rendered":"Sauvaparisto 1.5v (LR20\/D2)"},"content":{"rendered":"<p>Myyntiyksikk\u00f6 PKT (2 kpl)<\/p>\n<p>Longlife D \/ LR20 alkaliparisto 2kpl<\/p>\n<ul>\n<li>Halkaisija 34,2 mm, korkeus: 61,5 mm\n<li>J\u00e4nnite 1.5 volttia\n<li>Kapasiteetti 12000 mAh\n<li>Paristo ony mp\u00e4rist\u00f6merkitty pohjoismaisella Joutsen-merkill\u00e4<\/ul>\n<p><i>Hakusanat: vastuullinen, D-paristot, IEC-LR20,ANSI-13A, U2, HP2,MN1300, MX1300, Goliath, Type373, BA-30, UM1, HR20, KR20, ZR20, 13D,alkaliparistot, EX-38120<\/i><\/p>\n","protected":false},"excerpt":{"rendered":"<p>Myyntiyksikk\u00f6 PKT (2 kpl) Longlife D \/ LR20 alkaliparisto 2kpl Halkaisija 34,2 mm, korkeus: 61,5 mm J\u00e4nnite 1.5 volttia Kapasiteetti 12000 mAh Paristo ony mp\u00e4rist\u00f6merkitty pohjoismaisella Joutsen-merkill\u00e4 Hakusanat: vastuullinen, D-paristot, IEC-LR20,ANSI-13A, U2, HP2,MN1300, MX1300, Goliath, Type373, BA-30, UM1, HR20, KR20, ZR20, 13D,alkaliparistot, EX-38120<\/p>\n","protected":false},"featured_media":101645,"comment_status":"open","ping_status":"closed","template":"","meta":[],"product_brand":[],"product_cat":[3252],"product_tag":[],"class_list":{"0":"post-67246","1":"product","2":"type-product","3":"status-publish","4":"has-post-thumbnail","6":"product_cat-it-toimisto-sahkolaitteet-ja-tarv-sahkolaitteet-ja-tarvikkeet-paristot-ja-akut","8":"first","9":"instock","10":"shipping-taxable","11":"purchasable","12":"product-type-simple"},"_links":{"self":[{"href":"https:\/\/logistiikkakeskus.net\/kauppa\/wp-json\/wp\/v2\/product\/67246","targetHints":{"allow":["GET"]}}],"collection":[{"href":"https:\/\/logistiikkakeskus.net\/kauppa\/wp-json\/wp\/v2\/product"}],"about":[{"href":"https:\/\/logistiikkakeskus.net\/kauppa\/wp-json\/wp\/v2\/types\/product"}],"replies":[{"embeddable":true,"href":"https:\/\/logistiikkakeskus.net\/kauppa\/wp-json\/wp\/v2\/comments?post=67246"}],"wp:featuredmedia":[{"embeddable":true,"href":"https:\/\/logistiikkakeskus.net\/kauppa\/wp-json\/wp\/v2\/media\/101645"}],"wp:attachment":[{"href":"https:\/\/logistiikkakeskus.net\/kauppa\/wp-json\/wp\/v2\/media?parent=67246"}],"wp:term":[{"taxonomy":"product_brand","embeddable":true,"href":"https:\/\/logistiikkakeskus.net\/kauppa\/wp-json\/wp\/v2\/product_brand?post=67246"},{"taxonomy":"product_cat","embeddable":true,"href":"https:\/\/logistiikkakeskus.net\/kauppa\/wp-json\/wp\/v2\/product_cat?post=67246"},{"taxonomy":"product_tag","embeddable":true,"href":"https:\/\/logistiikkakeskus.net\/kauppa\/wp-json\/wp\/v2\/product_tag?post=67246"}],"curies":[{"name":"wp","href":"https:\/\/api.w.org\/{rel}","templated":true}]}}