{"id":67242,"date":"2022-12-01T08:53:31","date_gmt":"2022-12-01T08:53:31","guid":{"rendered":"https:\/\/logistiikkakeskus.net\/kauppa\/tuote\/sauvaparisto-1-5v-lr06-aa\/"},"modified":"2026-01-20T09:14:58","modified_gmt":"2026-01-20T07:14:58","slug":"sauvaparisto-1-5v-lr06-aa","status":"publish","type":"product","link":"https:\/\/logistiikkakeskus.net\/kauppa\/tuote\/sauvaparisto-1-5v-lr06-aa\/","title":{"rendered":"Sauvaparisto 1.5V LR06 (AA)"},"content":{"rendered":"<p>Myyntiyksikk\u00f6 PKT (4 kpl)<\/p>\n<p>Longlife AA \/ LR06 alkaliparisto, 4 kpl<\/p>\n<ul>\n<li>Halkaisija: 14,5 mm, korkeus: 50,5 mm\n<li>J\u00e4nnite: 1.5 volttia\n<li>Kapasiteetti: 2600 mAh\n<li>Ymp\u00e4rist\u00f6merkitty pohjoismaisella Joutsen-merkill\u00e4<\/ul>\n<p><i>Hakusanat: sormiparistot, IEC- LR06, Mignon, ANSI-15A,U12, HP7,MN1500,MX1500, MV1500, FR6, HR6, KR6, ZR6, 15D, 15LF, alkaliparistot,VASTUULLINEN JOUTSENMERKKI, sauvaparistot<\/i><\/p>\n","protected":false},"excerpt":{"rendered":"<p>Myyntiyksikk\u00f6 PKT (4 kpl) Longlife AA \/ LR06 alkaliparisto, 4 kpl Halkaisija: 14,5 mm, korkeus: 50,5 mm J\u00e4nnite: 1.5 volttia Kapasiteetti: 2600 mAh Ymp\u00e4rist\u00f6merkitty pohjoismaisella Joutsen-merkill\u00e4 Hakusanat: sormiparistot, IEC- LR06, Mignon, ANSI-15A,U12, HP7,MN1500,MX1500, MV1500, FR6, HR6, KR6, ZR6, 15D, 15LF, alkaliparistot,VASTUULLINEN JOUTSENMERKKI, sauvaparistot<\/p>\n","protected":false},"featured_media":101643,"comment_status":"open","ping_status":"closed","template":"","meta":[],"product_brand":[],"product_cat":[3252],"product_tag":[],"class_list":{"0":"post-67242","1":"product","2":"type-product","3":"status-publish","4":"has-post-thumbnail","6":"product_cat-it-toimisto-sahkolaitteet-ja-tarv-sahkolaitteet-ja-tarvikkeet-paristot-ja-akut","8":"first","9":"instock","10":"shipping-taxable","11":"purchasable","12":"product-type-simple"},"_links":{"self":[{"href":"https:\/\/logistiikkakeskus.net\/kauppa\/wp-json\/wp\/v2\/product\/67242","targetHints":{"allow":["GET"]}}],"collection":[{"href":"https:\/\/logistiikkakeskus.net\/kauppa\/wp-json\/wp\/v2\/product"}],"about":[{"href":"https:\/\/logistiikkakeskus.net\/kauppa\/wp-json\/wp\/v2\/types\/product"}],"replies":[{"embeddable":true,"href":"https:\/\/logistiikkakeskus.net\/kauppa\/wp-json\/wp\/v2\/comments?post=67242"}],"wp:featuredmedia":[{"embeddable":true,"href":"https:\/\/logistiikkakeskus.net\/kauppa\/wp-json\/wp\/v2\/media\/101643"}],"wp:attachment":[{"href":"https:\/\/logistiikkakeskus.net\/kauppa\/wp-json\/wp\/v2\/media?parent=67242"}],"wp:term":[{"taxonomy":"product_brand","embeddable":true,"href":"https:\/\/logistiikkakeskus.net\/kauppa\/wp-json\/wp\/v2\/product_brand?post=67242"},{"taxonomy":"product_cat","embeddable":true,"href":"https:\/\/logistiikkakeskus.net\/kauppa\/wp-json\/wp\/v2\/product_cat?post=67242"},{"taxonomy":"product_tag","embeddable":true,"href":"https:\/\/logistiikkakeskus.net\/kauppa\/wp-json\/wp\/v2\/product_tag?post=67242"}],"curies":[{"name":"wp","href":"https:\/\/api.w.org\/{rel}","templated":true}]}}