{"id":67240,"date":"2022-12-01T08:53:30","date_gmt":"2022-12-01T08:53:30","guid":{"rendered":"https:\/\/logistiikkakeskus.net\/kauppa\/tuote\/sauvaparisto-1-5v-lr03-aaa\/"},"modified":"2026-01-20T09:14:57","modified_gmt":"2026-01-20T07:14:57","slug":"sauvaparisto-1-5v-lr03-aaa","status":"publish","type":"product","link":"https:\/\/logistiikkakeskus.net\/kauppa\/tuote\/sauvaparisto-1-5v-lr03-aaa\/","title":{"rendered":"Sauvaparisto 1.5v LR03 (AAA)"},"content":{"rendered":"<p>Myyntiyksikk\u00f6 PKT (4 kpl)<\/p>\n<p>Ultra AAA\/LR03 1,5V 1300mAh alkaliparisto, 4 kpl<\/p>\n<ul>\n<li>Halkaisija: 10,5 mm, korkeus 44,5 mm\n<li>J\u00e4nnite 1.5 volttia\n<li>Kapasiteetti 1300mAh\n<li>Paristo on ymp\u00e4rist\u00f6merkitty pohjoismaisella Joutsen-merkill\u00e4<\/ul>\n<p><i>Hakusanat: sormiparistot, AAA-paristot, IEC-LR03,ANSI-24A, U16,HP16, Microlight,MN2400, MX2400, MV2400, mini-stilo, FR03, HR03, KR03, ZR03, 24D, 24LF,alkaliparistot, VASTUULLINEN JOUTSENMERKKI<\/i><\/p>\n","protected":false},"excerpt":{"rendered":"<p>Myyntiyksikk\u00f6 PKT (4 kpl) Ultra AAA\/LR03 1,5V 1300mAh alkaliparisto, 4 kpl Halkaisija: 10,5 mm, korkeus 44,5 mm J\u00e4nnite 1.5 volttia Kapasiteetti 1300mAh Paristo on ymp\u00e4rist\u00f6merkitty pohjoismaisella Joutsen-merkill\u00e4 Hakusanat: sormiparistot, AAA-paristot, IEC-LR03,ANSI-24A, U16,HP16, Microlight,MN2400, MX2400, MV2400, mini-stilo, FR03, HR03, KR03, ZR03, 24D, 24LF,alkaliparistot, VASTUULLINEN JOUTSENMERKKI<\/p>\n","protected":false},"featured_media":101642,"comment_status":"open","ping_status":"closed","template":"","meta":[],"product_brand":[],"product_cat":[3252],"product_tag":[],"class_list":{"0":"post-67240","1":"product","2":"type-product","3":"status-publish","4":"has-post-thumbnail","6":"product_cat-it-toimisto-sahkolaitteet-ja-tarv-sahkolaitteet-ja-tarvikkeet-paristot-ja-akut","8":"first","9":"instock","10":"shipping-taxable","11":"purchasable","12":"product-type-simple"},"_links":{"self":[{"href":"https:\/\/logistiikkakeskus.net\/kauppa\/wp-json\/wp\/v2\/product\/67240","targetHints":{"allow":["GET"]}}],"collection":[{"href":"https:\/\/logistiikkakeskus.net\/kauppa\/wp-json\/wp\/v2\/product"}],"about":[{"href":"https:\/\/logistiikkakeskus.net\/kauppa\/wp-json\/wp\/v2\/types\/product"}],"replies":[{"embeddable":true,"href":"https:\/\/logistiikkakeskus.net\/kauppa\/wp-json\/wp\/v2\/comments?post=67240"}],"wp:featuredmedia":[{"embeddable":true,"href":"https:\/\/logistiikkakeskus.net\/kauppa\/wp-json\/wp\/v2\/media\/101642"}],"wp:attachment":[{"href":"https:\/\/logistiikkakeskus.net\/kauppa\/wp-json\/wp\/v2\/media?parent=67240"}],"wp:term":[{"taxonomy":"product_brand","embeddable":true,"href":"https:\/\/logistiikkakeskus.net\/kauppa\/wp-json\/wp\/v2\/product_brand?post=67240"},{"taxonomy":"product_cat","embeddable":true,"href":"https:\/\/logistiikkakeskus.net\/kauppa\/wp-json\/wp\/v2\/product_cat?post=67240"},{"taxonomy":"product_tag","embeddable":true,"href":"https:\/\/logistiikkakeskus.net\/kauppa\/wp-json\/wp\/v2\/product_tag?post=67240"}],"curies":[{"name":"wp","href":"https:\/\/api.w.org\/{rel}","templated":true}]}}