{"id":67239,"date":"2022-12-01T08:53:30","date_gmt":"2022-12-01T08:53:30","guid":{"rendered":"https:\/\/logistiikkakeskus.net\/kauppa\/tuote\/nappiparisto-varta-cr2477\/"},"modified":"2026-01-20T09:14:57","modified_gmt":"2026-01-20T07:14:57","slug":"nappiparisto-varta-cr2477","status":"publish","type":"product","link":"https:\/\/logistiikkakeskus.net\/kauppa\/tuote\/nappiparisto-varta-cr2477\/","title":{"rendered":"Nappiparisto Varta CR2477"},"content":{"rendered":"<p>Varta CR2477-litiumparisto. Laadukkaat Varta-nappiparistotsoveltuvatmm. kelloihin, laskimiin, auton avaimiin, leluihin, l\u00e4\u00e4kinn\u00e4llisiinlaitteisiin ja kaukos\u00e4\u00e4timiin.<\/p>\n<ul>\n<li>J\u00e4nnite: 3 V\n<li>Kapasiteetti: 850 mAh\n<li>Halkaisija: 24 mm, korkeus: 7,7 mm<\/ul>\n","protected":false},"excerpt":{"rendered":"<p>Varta CR2477-litiumparisto. Laadukkaat Varta-nappiparistotsoveltuvatmm. kelloihin, laskimiin, auton avaimiin, leluihin, l\u00e4\u00e4kinn\u00e4llisiinlaitteisiin ja kaukos\u00e4\u00e4timiin. J\u00e4nnite: 3 V Kapasiteetti: 850 mAh Halkaisija: 24 mm, korkeus: 7,7 mm<\/p>\n","protected":false},"featured_media":101641,"comment_status":"open","ping_status":"closed","template":"","meta":[],"product_brand":[],"product_cat":[3252],"product_tag":[],"class_list":{"0":"post-67239","1":"product","2":"type-product","3":"status-publish","4":"has-post-thumbnail","6":"product_cat-it-toimisto-sahkolaitteet-ja-tarv-sahkolaitteet-ja-tarvikkeet-paristot-ja-akut","8":"first","9":"instock","10":"shipping-taxable","11":"purchasable","12":"product-type-simple"},"_links":{"self":[{"href":"https:\/\/logistiikkakeskus.net\/kauppa\/wp-json\/wp\/v2\/product\/67239","targetHints":{"allow":["GET"]}}],"collection":[{"href":"https:\/\/logistiikkakeskus.net\/kauppa\/wp-json\/wp\/v2\/product"}],"about":[{"href":"https:\/\/logistiikkakeskus.net\/kauppa\/wp-json\/wp\/v2\/types\/product"}],"replies":[{"embeddable":true,"href":"https:\/\/logistiikkakeskus.net\/kauppa\/wp-json\/wp\/v2\/comments?post=67239"}],"wp:featuredmedia":[{"embeddable":true,"href":"https:\/\/logistiikkakeskus.net\/kauppa\/wp-json\/wp\/v2\/media\/101641"}],"wp:attachment":[{"href":"https:\/\/logistiikkakeskus.net\/kauppa\/wp-json\/wp\/v2\/media?parent=67239"}],"wp:term":[{"taxonomy":"product_brand","embeddable":true,"href":"https:\/\/logistiikkakeskus.net\/kauppa\/wp-json\/wp\/v2\/product_brand?post=67239"},{"taxonomy":"product_cat","embeddable":true,"href":"https:\/\/logistiikkakeskus.net\/kauppa\/wp-json\/wp\/v2\/product_cat?post=67239"},{"taxonomy":"product_tag","embeddable":true,"href":"https:\/\/logistiikkakeskus.net\/kauppa\/wp-json\/wp\/v2\/product_tag?post=67239"}],"curies":[{"name":"wp","href":"https:\/\/api.w.org\/{rel}","templated":true}]}}