{"id":67235,"date":"2022-12-01T08:53:29","date_gmt":"2022-12-01T08:53:29","guid":{"rendered":"https:\/\/logistiikkakeskus.net\/kauppa\/tuote\/nappiparisto-3v-cr2430\/"},"modified":"2026-01-20T09:14:57","modified_gmt":"2026-01-20T07:14:57","slug":"nappiparisto-3v-cr2430","status":"publish","type":"product","link":"https:\/\/logistiikkakeskus.net\/kauppa\/tuote\/nappiparisto-3v-cr2430\/","title":{"rendered":"Nappiparisto 3v (cr2430)"},"content":{"rendered":"<p>myyntiyksikk\u00f6 KPL, ryhm\u00e4pak 10 kpl\/ras<\/p>\n<h2> Nappiparisto VartaCR2430lithium 3.0 volttia (300 mAh)<\/h2>\n<p>Iso nappiparisto, jotak\u00e4ytet\u00e4\u00e4n s uuren kapasiteettinsa takia muun muassakvartsirannekelloissa ja IC-muistien (tietokoneen emolevy jak\u00e4mmentietokoneet) luotettavana varavirranl\u00e4hteen\u00e4.<\/p>\n<ul><b>Ominaisuudet<\/b><\/p>\n<li> Pariston halkaisija 24.5 mm\n<li>Pariston korkeus3 mm\n<li>J\u00e4nnite 3.0 volttia\n<li>Kapasiteetti 300 mAh<\/ul>\n<p><i>Toimittajan tuotenro: 6430101401 HL- Group<br \/>hakusanat:nappiparistot, nappipatterit, litiumparistot, lithiumparistot, CR2430(IEC-name) , 5011LC (ANSI-name), DL2430, BR2430, KL2430, L2430, ECR2430,LF1\/2W<\/i><\/p>\n","protected":false},"excerpt":{"rendered":"<p>myyntiyksikk\u00f6 KPL, ryhm\u00e4pak 10 kpl\/ras Nappiparisto VartaCR2430lithium 3.0 volttia (300 mAh) Iso nappiparisto, jotak\u00e4ytet\u00e4\u00e4n s uuren kapasiteettinsa takia muun muassakvartsirannekelloissa ja IC-muistien (tietokoneen emolevy jak\u00e4mmentietokoneet) luotettavana varavirranl\u00e4hteen\u00e4. Ominaisuudet Pariston halkaisija 24.5 mm Pariston korkeus3 mm J\u00e4nnite 3.0 volttia Kapasiteetti 300 mAh Toimittajan tuotenro: 6430101401 HL- Grouphakusanat:nappiparistot, nappipatterit, litiumparistot, lithiumparistot, CR2430(IEC-name) , 5011LC (ANSI-name), DL2430, BR2430, [&hellip;]<\/p>\n","protected":false},"featured_media":101639,"comment_status":"open","ping_status":"closed","template":"","meta":[],"product_brand":[],"product_cat":[3252],"product_tag":[],"class_list":{"0":"post-67235","1":"product","2":"type-product","3":"status-publish","4":"has-post-thumbnail","6":"product_cat-it-toimisto-sahkolaitteet-ja-tarv-sahkolaitteet-ja-tarvikkeet-paristot-ja-akut","8":"first","9":"instock","10":"shipping-taxable","11":"purchasable","12":"product-type-simple"},"_links":{"self":[{"href":"https:\/\/logistiikkakeskus.net\/kauppa\/wp-json\/wp\/v2\/product\/67235","targetHints":{"allow":["GET"]}}],"collection":[{"href":"https:\/\/logistiikkakeskus.net\/kauppa\/wp-json\/wp\/v2\/product"}],"about":[{"href":"https:\/\/logistiikkakeskus.net\/kauppa\/wp-json\/wp\/v2\/types\/product"}],"replies":[{"embeddable":true,"href":"https:\/\/logistiikkakeskus.net\/kauppa\/wp-json\/wp\/v2\/comments?post=67235"}],"wp:featuredmedia":[{"embeddable":true,"href":"https:\/\/logistiikkakeskus.net\/kauppa\/wp-json\/wp\/v2\/media\/101639"}],"wp:attachment":[{"href":"https:\/\/logistiikkakeskus.net\/kauppa\/wp-json\/wp\/v2\/media?parent=67235"}],"wp:term":[{"taxonomy":"product_brand","embeddable":true,"href":"https:\/\/logistiikkakeskus.net\/kauppa\/wp-json\/wp\/v2\/product_brand?post=67235"},{"taxonomy":"product_cat","embeddable":true,"href":"https:\/\/logistiikkakeskus.net\/kauppa\/wp-json\/wp\/v2\/product_cat?post=67235"},{"taxonomy":"product_tag","embeddable":true,"href":"https:\/\/logistiikkakeskus.net\/kauppa\/wp-json\/wp\/v2\/product_tag?post=67235"}],"curies":[{"name":"wp","href":"https:\/\/api.w.org\/{rel}","templated":true}]}}