{"id":67233,"date":"2022-12-01T08:53:28","date_gmt":"2022-12-01T08:53:28","guid":{"rendered":"https:\/\/logistiikkakeskus.net\/kauppa\/tuote\/nappiparisto-energizer-cr2032-3v\/"},"modified":"2026-01-20T09:14:57","modified_gmt":"2026-01-20T07:14:57","slug":"nappiparisto-energizer-cr2032-3v","status":"publish","type":"product","link":"https:\/\/logistiikkakeskus.net\/kauppa\/tuote\/nappiparisto-energizer-cr2032-3v\/","title":{"rendered":"Nappiparisto CR2032 3V"},"content":{"rendered":"<h2>Nappiparisto CR2032 lithium 3.0 volttia (220 mAh)<\/h2>\n<p>Iso nappiparisto, jota k\u00e4ytet\u00e4\u00e4n suuren kapasiteettinsa takiakvartsirannekelloissa  ja tietokoneen emolevyn bios-asetusten s\u00e4ilymisenvarmistamiseen. K\u00e4ytet\u00e4\u00e4n yleisesti my\u00f6s LED- tuikuissa, autonavaimissa, porttien ja talliovien kaukos\u00e4\u00e4timiss\u00e4.<\/p>\n<ul>\n<li>Pariston halkaisija 20 mm\n<li>J\u00e4nnite 3.0 volttia\n<li>Kapasiteetti 220 mAh<\/ul>\n<p><i>hakusanat: CR2032(IEC-name), 5004LC (ANSI-name),DL2032, BR2032,KL2032, ECR2032, KCR20 32, E-CR2032, CR2032H, SR2032, CD2032<\/i><\/p>\n","protected":false},"excerpt":{"rendered":"<p>Nappiparisto CR2032 lithium 3.0 volttia (220 mAh) Iso nappiparisto, jota k\u00e4ytet\u00e4\u00e4n suuren kapasiteettinsa takiakvartsirannekelloissa ja tietokoneen emolevyn bios-asetusten s\u00e4ilymisenvarmistamiseen. K\u00e4ytet\u00e4\u00e4n yleisesti my\u00f6s LED- tuikuissa, autonavaimissa, porttien ja talliovien kaukos\u00e4\u00e4timiss\u00e4. Pariston halkaisija 20 mm J\u00e4nnite 3.0 volttia Kapasiteetti 220 mAh hakusanat: CR2032(IEC-name), 5004LC (ANSI-name),DL2032, BR2032,KL2032, ECR2032, KCR20 32, E-CR2032, CR2032H, SR2032, CD2032<\/p>\n","protected":false},"featured_media":101638,"comment_status":"open","ping_status":"closed","template":"","meta":[],"product_brand":[],"product_cat":[3252],"product_tag":[],"class_list":{"0":"post-67233","1":"product","2":"type-product","3":"status-publish","4":"has-post-thumbnail","6":"product_cat-it-toimisto-sahkolaitteet-ja-tarv-sahkolaitteet-ja-tarvikkeet-paristot-ja-akut","8":"first","9":"instock","10":"shipping-taxable","11":"purchasable","12":"product-type-simple"},"_links":{"self":[{"href":"https:\/\/logistiikkakeskus.net\/kauppa\/wp-json\/wp\/v2\/product\/67233","targetHints":{"allow":["GET"]}}],"collection":[{"href":"https:\/\/logistiikkakeskus.net\/kauppa\/wp-json\/wp\/v2\/product"}],"about":[{"href":"https:\/\/logistiikkakeskus.net\/kauppa\/wp-json\/wp\/v2\/types\/product"}],"replies":[{"embeddable":true,"href":"https:\/\/logistiikkakeskus.net\/kauppa\/wp-json\/wp\/v2\/comments?post=67233"}],"wp:featuredmedia":[{"embeddable":true,"href":"https:\/\/logistiikkakeskus.net\/kauppa\/wp-json\/wp\/v2\/media\/101638"}],"wp:attachment":[{"href":"https:\/\/logistiikkakeskus.net\/kauppa\/wp-json\/wp\/v2\/media?parent=67233"}],"wp:term":[{"taxonomy":"product_brand","embeddable":true,"href":"https:\/\/logistiikkakeskus.net\/kauppa\/wp-json\/wp\/v2\/product_brand?post=67233"},{"taxonomy":"product_cat","embeddable":true,"href":"https:\/\/logistiikkakeskus.net\/kauppa\/wp-json\/wp\/v2\/product_cat?post=67233"},{"taxonomy":"product_tag","embeddable":true,"href":"https:\/\/logistiikkakeskus.net\/kauppa\/wp-json\/wp\/v2\/product_tag?post=67233"}],"curies":[{"name":"wp","href":"https:\/\/api.w.org\/{rel}","templated":true}]}}