{"id":67231,"date":"2022-12-01T08:53:28","date_gmt":"2022-12-01T08:53:28","guid":{"rendered":"https:\/\/logistiikkakeskus.net\/kauppa\/tuote\/nappiparisto-3v-cr2025\/"},"modified":"2026-01-20T09:14:57","modified_gmt":"2026-01-20T07:14:57","slug":"nappiparisto-3v-cr2025","status":"publish","type":"product","link":"https:\/\/logistiikkakeskus.net\/kauppa\/tuote\/nappiparisto-3v-cr2025\/","title":{"rendered":"Nappiparisto 3v (cr2025)"},"content":{"rendered":"<p>myyntiyksikk\u00f6 KPL, ryhm\u00e4pak 10 kpl\/ras<\/p>\n<h2> Nappiparisto VartaCR2025lithium 3.0 volttia (165 mAh)<\/h2>\n<p>Iso nappiparisto, jotak\u00e4ytet\u00e4\u00e4n k vartsirannekelloissa, autonavaimissa, kameroissa,taskulaskimissa ja tietokoneen emolevyill\u00e4<\/p>\n<ul> <b>Ominaisuudet<\/b><\/p>\n<li>Pariston halkaisija 20.0 mm\n<li>Pariston korkeus 2.5 mm\n<li>J\u00e4nnite3.0 volttia\n<li>Kapasiteetti 165 mAh<\/ul>\n<p><i>Toimittajan tuotenro:6025101401 HL-group<br \/>hakusanat: CR2025 (IEC-name), 5003LC (ANSI-name),DL2025, ECR2025, BR2025, 208-205, DL20256B, BR2025-1W, CR2025-1W,KCR2025, LM2025, SB-T14, LF1\/2V <\/i><\/p>\n","protected":false},"excerpt":{"rendered":"<p>myyntiyksikk\u00f6 KPL, ryhm\u00e4pak 10 kpl\/ras Nappiparisto VartaCR2025lithium 3.0 volttia (165 mAh) Iso nappiparisto, jotak\u00e4ytet\u00e4\u00e4n k vartsirannekelloissa, autonavaimissa, kameroissa,taskulaskimissa ja tietokoneen emolevyill\u00e4 Ominaisuudet Pariston halkaisija 20.0 mm Pariston korkeus 2.5 mm J\u00e4nnite3.0 volttia Kapasiteetti 165 mAh Toimittajan tuotenro:6025101401 HL-grouphakusanat: CR2025 (IEC-name), 5003LC (ANSI-name),DL2025, ECR2025, BR2025, 208-205, DL20256B, BR2025-1W, CR2025-1W,KCR2025, LM2025, SB-T14, LF1\/2V<\/p>\n","protected":false},"featured_media":101637,"comment_status":"open","ping_status":"closed","template":"","meta":[],"product_brand":[],"product_cat":[3252],"product_tag":[],"class_list":{"0":"post-67231","1":"product","2":"type-product","3":"status-publish","4":"has-post-thumbnail","6":"product_cat-it-toimisto-sahkolaitteet-ja-tarv-sahkolaitteet-ja-tarvikkeet-paristot-ja-akut","8":"first","9":"instock","10":"shipping-taxable","11":"purchasable","12":"product-type-simple"},"_links":{"self":[{"href":"https:\/\/logistiikkakeskus.net\/kauppa\/wp-json\/wp\/v2\/product\/67231","targetHints":{"allow":["GET"]}}],"collection":[{"href":"https:\/\/logistiikkakeskus.net\/kauppa\/wp-json\/wp\/v2\/product"}],"about":[{"href":"https:\/\/logistiikkakeskus.net\/kauppa\/wp-json\/wp\/v2\/types\/product"}],"replies":[{"embeddable":true,"href":"https:\/\/logistiikkakeskus.net\/kauppa\/wp-json\/wp\/v2\/comments?post=67231"}],"wp:featuredmedia":[{"embeddable":true,"href":"https:\/\/logistiikkakeskus.net\/kauppa\/wp-json\/wp\/v2\/media\/101637"}],"wp:attachment":[{"href":"https:\/\/logistiikkakeskus.net\/kauppa\/wp-json\/wp\/v2\/media?parent=67231"}],"wp:term":[{"taxonomy":"product_brand","embeddable":true,"href":"https:\/\/logistiikkakeskus.net\/kauppa\/wp-json\/wp\/v2\/product_brand?post=67231"},{"taxonomy":"product_cat","embeddable":true,"href":"https:\/\/logistiikkakeskus.net\/kauppa\/wp-json\/wp\/v2\/product_cat?post=67231"},{"taxonomy":"product_tag","embeddable":true,"href":"https:\/\/logistiikkakeskus.net\/kauppa\/wp-json\/wp\/v2\/product_tag?post=67231"}],"curies":[{"name":"wp","href":"https:\/\/api.w.org\/{rel}","templated":true}]}}