{"id":67229,"date":"2022-12-01T08:53:27","date_gmt":"2022-12-01T08:53:27","guid":{"rendered":"https:\/\/logistiikkakeskus.net\/kauppa\/tuote\/nappiparisto-1-55v-sr41v392\/"},"modified":"2026-01-20T09:14:57","modified_gmt":"2026-01-20T07:14:57","slug":"nappiparisto-1-55v-sr41v392","status":"publish","type":"product","link":"https:\/\/logistiikkakeskus.net\/kauppa\/tuote\/nappiparisto-1-55v-sr41v392\/","title":{"rendered":"Nappiparisto 1.55V (SR41\/v392)"},"content":{"rendered":"<h2>Nappiparisto 392E\/SR41W, hopeaoksidi<\/h2>\n<p>Pieni nappiparisto (ns. kelloparisto), jota k\u00e4ytet\u00e4\u00e4npienelektroniikassa kuten kelloissa ja laserkyniss\u00e4.<\/p>\n<p><i>Hakusanat: paristot, IEC-SR736, ANSI-1134SO,IEC-LR736, ANSI-1135SO, SR41W, SB-B1,  280-13, V392, D392, 247D, S736E, AG3, AG-3, GP392, LR736, L736, V3GA, LR41, SG3, ASG3, G3A, V36A, GP192, 392X, SR41,TR41SW, SR41SW, 247B, SP392, S736S, 392A, 392X, L736H, L736S, SR736PW,RW47, RW47S, GP392-A1, SR41, E392, LR41H, AG03<\/i><\/p>\n","protected":false},"excerpt":{"rendered":"<p>Nappiparisto 392E\/SR41W, hopeaoksidi Pieni nappiparisto (ns. kelloparisto), jota k\u00e4ytet\u00e4\u00e4npienelektroniikassa kuten kelloissa ja laserkyniss\u00e4. Hakusanat: paristot, IEC-SR736, ANSI-1134SO,IEC-LR736, ANSI-1135SO, SR41W, SB-B1, 280-13, V392, D392, 247D, S736E, AG3, AG-3, GP392, LR736, L736, V3GA, LR41, SG3, ASG3, G3A, V36A, GP192, 392X, SR41,TR41SW, SR41SW, 247B, SP392, S736S, 392A, 392X, L736H, L736S, SR736PW,RW47, RW47S, GP392-A1, SR41, E392, LR41H, AG03<\/p>\n","protected":false},"featured_media":101636,"comment_status":"open","ping_status":"closed","template":"","meta":[],"product_brand":[],"product_cat":[3252],"product_tag":[],"class_list":{"0":"post-67229","1":"product","2":"type-product","3":"status-publish","4":"has-post-thumbnail","6":"product_cat-it-toimisto-sahkolaitteet-ja-tarv-sahkolaitteet-ja-tarvikkeet-paristot-ja-akut","8":"first","9":"instock","10":"shipping-taxable","11":"purchasable","12":"product-type-simple"},"_links":{"self":[{"href":"https:\/\/logistiikkakeskus.net\/kauppa\/wp-json\/wp\/v2\/product\/67229","targetHints":{"allow":["GET"]}}],"collection":[{"href":"https:\/\/logistiikkakeskus.net\/kauppa\/wp-json\/wp\/v2\/product"}],"about":[{"href":"https:\/\/logistiikkakeskus.net\/kauppa\/wp-json\/wp\/v2\/types\/product"}],"replies":[{"embeddable":true,"href":"https:\/\/logistiikkakeskus.net\/kauppa\/wp-json\/wp\/v2\/comments?post=67229"}],"wp:featuredmedia":[{"embeddable":true,"href":"https:\/\/logistiikkakeskus.net\/kauppa\/wp-json\/wp\/v2\/media\/101636"}],"wp:attachment":[{"href":"https:\/\/logistiikkakeskus.net\/kauppa\/wp-json\/wp\/v2\/media?parent=67229"}],"wp:term":[{"taxonomy":"product_brand","embeddable":true,"href":"https:\/\/logistiikkakeskus.net\/kauppa\/wp-json\/wp\/v2\/product_brand?post=67229"},{"taxonomy":"product_cat","embeddable":true,"href":"https:\/\/logistiikkakeskus.net\/kauppa\/wp-json\/wp\/v2\/product_cat?post=67229"},{"taxonomy":"product_tag","embeddable":true,"href":"https:\/\/logistiikkakeskus.net\/kauppa\/wp-json\/wp\/v2\/product_tag?post=67229"}],"curies":[{"name":"wp","href":"https:\/\/api.w.org\/{rel}","templated":true}]}}