{"id":67227,"date":"2022-12-01T08:53:26","date_gmt":"2022-12-01T08:53:26","guid":{"rendered":"https:\/\/logistiikkakeskus.net\/kauppa\/tuote\/nappiparisto-1-5v-lr44a76\/"},"modified":"2026-01-20T09:14:57","modified_gmt":"2026-01-20T07:14:57","slug":"nappiparisto-1-5v-lr44a76","status":"publish","type":"product","link":"https:\/\/logistiikkakeskus.net\/kauppa\/tuote\/nappiparisto-1-5v-lr44a76\/","title":{"rendered":"Nappiparisto 1.5v (lr44\/a76)"},"content":{"rendered":"<h2>Nappiparisto LR44\/A76 alkaline 1.5 volttia (150 mAh)<\/h2>\n<p>Pieninappiparisto, jota k\u00e4ytet\u00e4\u00e4n pienelektroniikassa kutenajastimissa, laserkyniss\u00e4, kuumemittareissa, avaimenper\u00e4valoissa,rannekelloissa, taskulaskimissa ym.<\/p>\n<ul>\n<li>Pariston halkaisija 11,6 mm\n<li>Pariston korkeus 5,4 mm\n<li>J\u00e4nnite 1.5 volttia150 mAh kapasiteetti<\/ul>\n<p><i>hakusanat: Paristot, akut, LR1154 (IEC-name), 1166A(ANSI-name)PX76A\/76A, LR44\/AG13, A76\/LR44, KA76, V13GA, SR1154, SR44, MR1154, MR44,PR44, V357, PR675, LR44GD, LR44H, L1154, L1154C<\/i><\/p>\n","protected":false},"excerpt":{"rendered":"<p>Nappiparisto LR44\/A76 alkaline 1.5 volttia (150 mAh) Pieninappiparisto, jota k\u00e4ytet\u00e4\u00e4n pienelektroniikassa kutenajastimissa, laserkyniss\u00e4, kuumemittareissa, avaimenper\u00e4valoissa,rannekelloissa, taskulaskimissa ym. Pariston halkaisija 11,6 mm Pariston korkeus 5,4 mm J\u00e4nnite 1.5 volttia150 mAh kapasiteetti hakusanat: Paristot, akut, LR1154 (IEC-name), 1166A(ANSI-name)PX76A\/76A, LR44\/AG13, A76\/LR44, KA76, V13GA, SR1154, SR44, MR1154, MR44,PR44, V357, PR675, LR44GD, LR44H, L1154, L1154C<\/p>\n","protected":false},"featured_media":101635,"comment_status":"open","ping_status":"closed","template":"","meta":[],"product_brand":[],"product_cat":[3252],"product_tag":[],"class_list":{"0":"post-67227","1":"product","2":"type-product","3":"status-publish","4":"has-post-thumbnail","6":"product_cat-it-toimisto-sahkolaitteet-ja-tarv-sahkolaitteet-ja-tarvikkeet-paristot-ja-akut","8":"first","9":"instock","10":"shipping-taxable","11":"purchasable","12":"product-type-simple"},"_links":{"self":[{"href":"https:\/\/logistiikkakeskus.net\/kauppa\/wp-json\/wp\/v2\/product\/67227","targetHints":{"allow":["GET"]}}],"collection":[{"href":"https:\/\/logistiikkakeskus.net\/kauppa\/wp-json\/wp\/v2\/product"}],"about":[{"href":"https:\/\/logistiikkakeskus.net\/kauppa\/wp-json\/wp\/v2\/types\/product"}],"replies":[{"embeddable":true,"href":"https:\/\/logistiikkakeskus.net\/kauppa\/wp-json\/wp\/v2\/comments?post=67227"}],"wp:featuredmedia":[{"embeddable":true,"href":"https:\/\/logistiikkakeskus.net\/kauppa\/wp-json\/wp\/v2\/media\/101635"}],"wp:attachment":[{"href":"https:\/\/logistiikkakeskus.net\/kauppa\/wp-json\/wp\/v2\/media?parent=67227"}],"wp:term":[{"taxonomy":"product_brand","embeddable":true,"href":"https:\/\/logistiikkakeskus.net\/kauppa\/wp-json\/wp\/v2\/product_brand?post=67227"},{"taxonomy":"product_cat","embeddable":true,"href":"https:\/\/logistiikkakeskus.net\/kauppa\/wp-json\/wp\/v2\/product_cat?post=67227"},{"taxonomy":"product_tag","embeddable":true,"href":"https:\/\/logistiikkakeskus.net\/kauppa\/wp-json\/wp\/v2\/product_tag?post=67227"}],"curies":[{"name":"wp","href":"https:\/\/api.w.org\/{rel}","templated":true}]}}