{"id":67219,"date":"2022-12-01T08:53:23","date_gmt":"2022-12-01T08:53:23","guid":{"rendered":"https:\/\/logistiikkakeskus.net\/kauppa\/tuote\/deltaco-pb-c1000-virtapankki\/"},"modified":"2026-01-20T09:14:56","modified_gmt":"2026-01-20T07:14:56","slug":"deltaco-pb-c1000-virtapankki","status":"publish","type":"product","link":"https:\/\/logistiikkakeskus.net\/kauppa\/tuote\/deltaco-pb-c1000-virtapankki\/","title":{"rendered":"Insmat QC\/PD 10000mAh &#8211; Virtapankki"},"content":{"rendered":"<p>Suorituskyky\u00e4 Kompaktissa koossa, QC 3.0 ja USB-C PD, 3 x USB porttia.Patentoitu palasaippuan kokoinen, mutta ohuempi varavirtal\u00e4hde,kapasiteetti per\u00e4ti 10 000mAh +USB portit tunnistavat puhelimesi jaoptimoi nopeimman mahdollisen latausnopeuden.Lataa jopa kolmea laitetta samanakaisesti USB-C ja USB-A porttien kauttanopeasti.Tukee QC 3.0 ja PD teknologioita.USB-C Sis\u00e4\u00e4ntulo: DC 5V\/2A, 9V\/2A(PD 3.0) 18W MaxUSB-C Ulostulo: 5V\/3A,9V\/2A,12V\/1.5A (PD3.0) 20W MaxUSB-A Ulostulot:DC QC3.0 5V~6.5V\/3A, 6.5V~9V\/2A, 9V~12V\/1.5A 18W5V\/4.5A, 4.5V\/5A 22.5WSCPLatausaika: 3-4 tuntia ( PD portin kautta )Latauskerrat: 100%:iin n.500 kertaaVaraustilanosoitin: 4 Led valoaSuojaus:- Oikosulkusuoja- Ylilataus-suoja- Purkautumissuoja- YlivirtasuojaMitat: 112 x70 x 17mmPaino: 190g nto, paketin kanssa 260gAkkuteknologia: PolymeeriNimelliskapasiteett: 10 000mAhMateriaali:PC+ABS+ RubberOil pinta<\/h2>\n<p>Ulostuloliittimen tyyppi: USB-A + USB-C<\/p>\n<p><i>H<\/p>\n","protected":false},"excerpt":{"rendered":"<p>Suorituskyky\u00e4 Kompaktissa koossa, QC 3.0 ja USB-C PD, 3 x USB porttia.Patentoitu palasaippuan kokoinen, mutta ohuempi varavirtal\u00e4hde,kapasiteetti per\u00e4ti 10 000mAh +USB portit tunnistavat puhelimesi jaoptimoi nopeimman mahdollisen latausnopeuden.Lataa jopa kolmea laitetta samanakaisesti USB-C ja USB-A porttien kauttanopeasti.Tukee QC 3.0 ja PD teknologioita.USB-C Sis\u00e4\u00e4ntulo: DC 5V\/2A, 9V\/2A(PD 3.0) 18W MaxUSB-C Ulostulo: 5V\/3A,9V\/2A,12V\/1.5A (PD3.0) 20W MaxUSB-A Ulostulot:DC [&hellip;]<\/p>\n","protected":false},"featured_media":101629,"comment_status":"open","ping_status":"closed","template":"","meta":[],"product_brand":[],"product_cat":[3247],"product_tag":[],"class_list":{"0":"post-67219","1":"product","2":"type-product","3":"status-publish","4":"has-post-thumbnail","6":"product_cat-it-toimisto-sahkolaitteet-ja-tarv-it-tarvikkeet-muut-it-tarvikkeet","8":"first","9":"instock","10":"shipping-taxable","11":"purchasable","12":"product-type-simple"},"_links":{"self":[{"href":"https:\/\/logistiikkakeskus.net\/kauppa\/wp-json\/wp\/v2\/product\/67219","targetHints":{"allow":["GET"]}}],"collection":[{"href":"https:\/\/logistiikkakeskus.net\/kauppa\/wp-json\/wp\/v2\/product"}],"about":[{"href":"https:\/\/logistiikkakeskus.net\/kauppa\/wp-json\/wp\/v2\/types\/product"}],"replies":[{"embeddable":true,"href":"https:\/\/logistiikkakeskus.net\/kauppa\/wp-json\/wp\/v2\/comments?post=67219"}],"wp:featuredmedia":[{"embeddable":true,"href":"https:\/\/logistiikkakeskus.net\/kauppa\/wp-json\/wp\/v2\/media\/101629"}],"wp:attachment":[{"href":"https:\/\/logistiikkakeskus.net\/kauppa\/wp-json\/wp\/v2\/media?parent=67219"}],"wp:term":[{"taxonomy":"product_brand","embeddable":true,"href":"https:\/\/logistiikkakeskus.net\/kauppa\/wp-json\/wp\/v2\/product_brand?post=67219"},{"taxonomy":"product_cat","embeddable":true,"href":"https:\/\/logistiikkakeskus.net\/kauppa\/wp-json\/wp\/v2\/product_cat?post=67219"},{"taxonomy":"product_tag","embeddable":true,"href":"https:\/\/logistiikkakeskus.net\/kauppa\/wp-json\/wp\/v2\/product_tag?post=67219"}],"curies":[{"name":"wp","href":"https:\/\/api.w.org\/{rel}","templated":true}]}}