{"id":67217,"date":"2022-12-01T08:53:22","date_gmt":"2022-12-01T08:53:22","guid":{"rendered":"https:\/\/logistiikkakeskus.net\/kauppa\/tuote\/mobiililaitteiden-latauskaappi-12-paik\/"},"modified":"2025-10-15T10:14:09","modified_gmt":"2025-10-15T07:14:09","slug":"mobiililaitteiden-latauskaappi-12-paik","status":"publish","type":"product","link":"https:\/\/logistiikkakeskus.net\/kauppa\/tuote\/mobiililaitteiden-latauskaappi-12-paik\/","title":{"rendered":"Mobiililaitteiden latauskaappi (10-paikk"},"content":{"rendered":"<h2>Kensington Charge\/Sync -latauskaappi<\/h2>\n<p>Kensingtonin lataus- ja synkronointikaappi on t\u00e4ydellinenratkaisujopa 10 iOS- tai Android-tabletin lataamiseen, synkronointiin jasuojaamiseen. Peukaloinninkest\u00e4v\u00e4 ovi yksil\u00f6llisine avaimineen pit\u00e4\u00e4laitteet turvassa.<\/p>\n<ul>\n<li>10 s\u00e4\u00e4dett\u00e4v\u00e4\u00e4 lokeroa\n<li>Integroitu tuuletin kytkeytyy automaattisesti p\u00e4\u00e4lle\n<li>Mitat (KxLxS): 430 x 400 x 350 mm\n<li>P\u00e4\u00e4llekk\u00e4in pinottava<\/ul>\n<p><i>Hakusanat: ATK-tarvikkeet, kotelot, virtal\u00e4hteet,lataustarvikkeet, mobiili<\/i><\/p>\n","protected":false},"excerpt":{"rendered":"<p>Kensington Charge\/Sync -latauskaappi Kensingtonin lataus- ja synkronointikaappi on t\u00e4ydellinenratkaisujopa 10 iOS- tai Android-tabletin lataamiseen, synkronointiin jasuojaamiseen. Peukaloinninkest\u00e4v\u00e4 ovi yksil\u00f6llisine avaimineen pit\u00e4\u00e4laitteet turvassa. 10 s\u00e4\u00e4dett\u00e4v\u00e4\u00e4 lokeroa Integroitu tuuletin kytkeytyy automaattisesti p\u00e4\u00e4lle Mitat (KxLxS): 430 x 400 x 350 mm P\u00e4\u00e4llekk\u00e4in pinottava Hakusanat: ATK-tarvikkeet, kotelot, virtal\u00e4hteet,lataustarvikkeet, mobiili<\/p>\n","protected":false},"featured_media":0,"comment_status":"open","ping_status":"closed","template":"","meta":[],"product_brand":[],"product_cat":[3247],"product_tag":[],"class_list":{"0":"post-67217","1":"product","2":"type-product","3":"status-publish","5":"product_cat-it-toimisto-sahkolaitteet-ja-tarv-it-tarvikkeet-muut-it-tarvikkeet","7":"first","8":"instock","9":"shipping-taxable","10":"purchasable","11":"product-type-simple"},"_links":{"self":[{"href":"https:\/\/logistiikkakeskus.net\/kauppa\/wp-json\/wp\/v2\/product\/67217","targetHints":{"allow":["GET"]}}],"collection":[{"href":"https:\/\/logistiikkakeskus.net\/kauppa\/wp-json\/wp\/v2\/product"}],"about":[{"href":"https:\/\/logistiikkakeskus.net\/kauppa\/wp-json\/wp\/v2\/types\/product"}],"replies":[{"embeddable":true,"href":"https:\/\/logistiikkakeskus.net\/kauppa\/wp-json\/wp\/v2\/comments?post=67217"}],"wp:attachment":[{"href":"https:\/\/logistiikkakeskus.net\/kauppa\/wp-json\/wp\/v2\/media?parent=67217"}],"wp:term":[{"taxonomy":"product_brand","embeddable":true,"href":"https:\/\/logistiikkakeskus.net\/kauppa\/wp-json\/wp\/v2\/product_brand?post=67217"},{"taxonomy":"product_cat","embeddable":true,"href":"https:\/\/logistiikkakeskus.net\/kauppa\/wp-json\/wp\/v2\/product_cat?post=67217"},{"taxonomy":"product_tag","embeddable":true,"href":"https:\/\/logistiikkakeskus.net\/kauppa\/wp-json\/wp\/v2\/product_tag?post=67217"}],"curies":[{"name":"wp","href":"https:\/\/api.w.org\/{rel}","templated":true}]}}