{"id":67195,"date":"2022-12-01T08:53:16","date_gmt":"2022-12-01T08:53:16","guid":{"rendered":"https:\/\/logistiikkakeskus.net\/kauppa\/tuote\/ulkoinen-kiintolevy-2tt-usb-3-0iskunke\/"},"modified":"2026-01-20T09:14:55","modified_gmt":"2026-01-20T07:14:55","slug":"ulkoinen-kiintolevy-2tt-usb-3-0iskunke","status":"publish","type":"product","link":"https:\/\/logistiikkakeskus.net\/kauppa\/tuote\/ulkoinen-kiintolevy-2tt-usb-3-0iskunke\/","title":{"rendered":"Ulkoinen kiintolevy 2Tt (usb 3.0\/iskunke"},"content":{"rendered":"<p>LaCie Rugged Mini Kiintolevyasema 1009086 2 Tt USB 3.0 Lis\u00e4tiedot:Iskunkest\u00e4v\u00e4, salasanan todennus, paineenkest\u00e4v\u00e4,sateenkest\u00e4v\u00e4Lyhytselite:  LaCie Rugged Mini Kiintolevyasema. Myyntier\u00e4:1 KPL.Valmistaja\/valmistuttaja: LACIE<\/p>\n","protected":false},"excerpt":{"rendered":"<p>LaCie Rugged Mini Kiintolevyasema 1009086 2 Tt USB 3.0 Lis\u00e4tiedot:Iskunkest\u00e4v\u00e4, salasanan todennus, paineenkest\u00e4v\u00e4,sateenkest\u00e4v\u00e4Lyhytselite: LaCie Rugged Mini Kiintolevyasema. Myyntier\u00e4:1 KPL.Valmistaja\/valmistuttaja: LACIE<\/p>\n","protected":false},"featured_media":101621,"comment_status":"open","ping_status":"closed","template":"","meta":[],"product_brand":[],"product_cat":[3249],"product_tag":[],"class_list":{"0":"post-67195","1":"product","2":"type-product","3":"status-publish","4":"has-post-thumbnail","6":"product_cat-it-toimisto-sahkolaitteet-ja-tarv-it-tarvikkeet-tietokoneiden-oheislaitteet","8":"first","9":"instock","10":"shipping-taxable","11":"purchasable","12":"product-type-simple"},"_links":{"self":[{"href":"https:\/\/logistiikkakeskus.net\/kauppa\/wp-json\/wp\/v2\/product\/67195","targetHints":{"allow":["GET"]}}],"collection":[{"href":"https:\/\/logistiikkakeskus.net\/kauppa\/wp-json\/wp\/v2\/product"}],"about":[{"href":"https:\/\/logistiikkakeskus.net\/kauppa\/wp-json\/wp\/v2\/types\/product"}],"replies":[{"embeddable":true,"href":"https:\/\/logistiikkakeskus.net\/kauppa\/wp-json\/wp\/v2\/comments?post=67195"}],"wp:featuredmedia":[{"embeddable":true,"href":"https:\/\/logistiikkakeskus.net\/kauppa\/wp-json\/wp\/v2\/media\/101621"}],"wp:attachment":[{"href":"https:\/\/logistiikkakeskus.net\/kauppa\/wp-json\/wp\/v2\/media?parent=67195"}],"wp:term":[{"taxonomy":"product_brand","embeddable":true,"href":"https:\/\/logistiikkakeskus.net\/kauppa\/wp-json\/wp\/v2\/product_brand?post=67195"},{"taxonomy":"product_cat","embeddable":true,"href":"https:\/\/logistiikkakeskus.net\/kauppa\/wp-json\/wp\/v2\/product_cat?post=67195"},{"taxonomy":"product_tag","embeddable":true,"href":"https:\/\/logistiikkakeskus.net\/kauppa\/wp-json\/wp\/v2\/product_tag?post=67195"}],"curies":[{"name":"wp","href":"https:\/\/api.w.org\/{rel}","templated":true}]}}