{"id":67169,"date":"2022-12-01T08:53:08","date_gmt":"2022-12-01T08:53:08","guid":{"rendered":"https:\/\/logistiikkakeskus.net\/kauppa\/tuote\/esitysohjain-logitech-presenter-r400\/"},"modified":"2026-01-20T09:14:55","modified_gmt":"2026-01-20T07:14:55","slug":"esitysohjain-logitech-presenter-r400","status":"publish","type":"product","link":"https:\/\/logistiikkakeskus.net\/kauppa\/tuote\/esitysohjain-logitech-presenter-r400\/","title":{"rendered":"Esitysohjain Logitech Presenter R400"},"content":{"rendered":"<p>Logitech Presenter R400 821433 langaton, kantavuus 15 m Lis\u00e4tiedot:Esityslaite mm. Powerpoint-esitysten pit\u00e4miseen. Toimii langattomana 15m s\u00e4teell\u00e4. Plug &#038; play-asennus. Punainen lasers\u00e4de ja n\u00e4pp\u00e4imetesityksen l\u00e4pivientiin. Yhteensopiva Win-k\u00e4ytt\u00f6j\u00e4rjestelmiin. 2x AAAsis\u00e4ltyy.Lyhyt selite:  Logitech Presenter R400. Myyntier\u00e4:1 KPL.Valmistaja\/valmistuttaja: LOGITECH<\/p>\n","protected":false},"excerpt":{"rendered":"<p>Logitech Presenter R400 821433 langaton, kantavuus 15 m Lis\u00e4tiedot:Esityslaite mm. Powerpoint-esitysten pit\u00e4miseen. Toimii langattomana 15m s\u00e4teell\u00e4. Plug &#038; play-asennus. Punainen lasers\u00e4de ja n\u00e4pp\u00e4imetesityksen l\u00e4pivientiin. Yhteensopiva Win-k\u00e4ytt\u00f6j\u00e4rjestelmiin. 2x AAAsis\u00e4ltyy.Lyhyt selite: Logitech Presenter R400. Myyntier\u00e4:1 KPL.Valmistaja\/valmistuttaja: LOGITECH<\/p>\n","protected":false},"featured_media":101614,"comment_status":"open","ping_status":"closed","template":"","meta":[],"product_brand":[],"product_cat":[3249],"product_tag":[],"class_list":{"0":"post-67169","1":"product","2":"type-product","3":"status-publish","4":"has-post-thumbnail","6":"product_cat-it-toimisto-sahkolaitteet-ja-tarv-it-tarvikkeet-tietokoneiden-oheislaitteet","8":"first","9":"instock","10":"shipping-taxable","11":"purchasable","12":"product-type-simple"},"_links":{"self":[{"href":"https:\/\/logistiikkakeskus.net\/kauppa\/wp-json\/wp\/v2\/product\/67169","targetHints":{"allow":["GET"]}}],"collection":[{"href":"https:\/\/logistiikkakeskus.net\/kauppa\/wp-json\/wp\/v2\/product"}],"about":[{"href":"https:\/\/logistiikkakeskus.net\/kauppa\/wp-json\/wp\/v2\/types\/product"}],"replies":[{"embeddable":true,"href":"https:\/\/logistiikkakeskus.net\/kauppa\/wp-json\/wp\/v2\/comments?post=67169"}],"wp:featuredmedia":[{"embeddable":true,"href":"https:\/\/logistiikkakeskus.net\/kauppa\/wp-json\/wp\/v2\/media\/101614"}],"wp:attachment":[{"href":"https:\/\/logistiikkakeskus.net\/kauppa\/wp-json\/wp\/v2\/media?parent=67169"}],"wp:term":[{"taxonomy":"product_brand","embeddable":true,"href":"https:\/\/logistiikkakeskus.net\/kauppa\/wp-json\/wp\/v2\/product_brand?post=67169"},{"taxonomy":"product_cat","embeddable":true,"href":"https:\/\/logistiikkakeskus.net\/kauppa\/wp-json\/wp\/v2\/product_cat?post=67169"},{"taxonomy":"product_tag","embeddable":true,"href":"https:\/\/logistiikkakeskus.net\/kauppa\/wp-json\/wp\/v2\/product_tag?post=67169"}],"curies":[{"name":"wp","href":"https:\/\/api.w.org\/{rel}","templated":true}]}}