{"id":67163,"date":"2022-12-01T08:53:06","date_gmt":"2022-12-01T08:53:06","guid":{"rendered":"https:\/\/logistiikkakeskus.net\/kauppa\/tuote\/piirtopoyta-wacom-intuos-pro-medium\/"},"modified":"2025-03-18T09:40:56","modified_gmt":"2025-03-18T07:40:56","slug":"piirtopoyta-wacom-intuos-pro-medium","status":"publish","type":"product","link":"https:\/\/logistiikkakeskus.net\/kauppa\/tuote\/piirtopoyta-wacom-intuos-pro-medium\/","title":{"rendered":"Piirtop\u00f6yt\u00e4, Wacom Intuos Pro Medium"},"content":{"rendered":"<h2>Wacom Intuos Pro Medium -piirtop\u00f6yt\u00e4<\/h2>\n<p>Intuos Pro on luotu vastaamaan luovien ammattilaisten haasteisiin, jotkavaativat tarkkuutta ja hallittavuutta. Intuos Pron ominaisuudets\u00e4\u00e4st\u00e4v\u00e4t kallisarvoista ty\u00f6aikaa kuvituksen luomisessa jakuvank\u00e4sittelyss\u00e4. N\u00e4in aikaa j\u00e4\u00e4 enemm\u00e4n kallisarvoiselle luomisty\u00f6lleja ammattitaidolle. Intuos Pro Medium on kooltaan k\u00e4tev\u00e4, muttasuorituskyvyss\u00e4 ei ole tingitty. N\u00e4yt\u00f6n koko on riitt\u00e4v\u00e4 ammattimaisellekuvank\u00e4sittelylle, mutta mahtuu silti mukaan my\u00f6s useimpiin kannettavientietokoneiden laukkuun.<\/p>\n<p><b>Tekniset tiedot:<\/b><\/p>\n<ul>\n<li>Mitat: 338 x 219 x 8 mm\n<li>Kosketusalue: 224 x 148 mm\n<li>Paino: 700 g\n<li>Paineentunnistus: 8192 tasoa (kyn\u00e4 ja pyyhin)\n<li>Kallistuksen tunnistus: \u00b160\n<li>Tarkkuus: 5080 lpi\n<li>ExpressKeys\u2122 8 muokattavaa\n<li>Kosketuspy\u00f6r\u00e4: 4 muokattavaa toimintoa\n<li>Liit\u00e4nt\u00e4: USB-C, Bluetooth LE\n<li>K\u00e4ytt\u00f6j\u00e4rjestelm\u00e4t: Windows XP, Vista, 7, 8, Mac OS X 10.5.8taiuudempi<\/ul>\n<p><\n<\/p>\n","protected":false},"excerpt":{"rendered":"<p>Wacom Intuos Pro Medium -piirtop\u00f6yt\u00e4 Intuos Pro on luotu vastaamaan luovien ammattilaisten haasteisiin, jotkavaativat tarkkuutta ja hallittavuutta. Intuos Pron ominaisuudets\u00e4\u00e4st\u00e4v\u00e4t kallisarvoista ty\u00f6aikaa kuvituksen luomisessa jakuvank\u00e4sittelyss\u00e4. N\u00e4in aikaa j\u00e4\u00e4 enemm\u00e4n kallisarvoiselle luomisty\u00f6lleja ammattitaidolle. Intuos Pro Medium on kooltaan k\u00e4tev\u00e4, muttasuorituskyvyss\u00e4 ei ole tingitty. N\u00e4yt\u00f6n koko on riitt\u00e4v\u00e4 ammattimaisellekuvank\u00e4sittelylle, mutta mahtuu silti mukaan my\u00f6s useimpiin kannettavientietokoneiden laukkuun. [&hellip;]<\/p>\n","protected":false},"featured_media":0,"comment_status":"open","ping_status":"closed","template":"","meta":[],"product_brand":[],"product_cat":[3249],"product_tag":[],"class_list":{"0":"post-67163","1":"product","2":"type-product","3":"status-publish","5":"product_cat-it-toimisto-sahkolaitteet-ja-tarv-it-tarvikkeet-tietokoneiden-oheislaitteet","7":"first","8":"instock","9":"shipping-taxable","10":"purchasable","11":"product-type-simple"},"_links":{"self":[{"href":"https:\/\/logistiikkakeskus.net\/kauppa\/wp-json\/wp\/v2\/product\/67163","targetHints":{"allow":["GET"]}}],"collection":[{"href":"https:\/\/logistiikkakeskus.net\/kauppa\/wp-json\/wp\/v2\/product"}],"about":[{"href":"https:\/\/logistiikkakeskus.net\/kauppa\/wp-json\/wp\/v2\/types\/product"}],"replies":[{"embeddable":true,"href":"https:\/\/logistiikkakeskus.net\/kauppa\/wp-json\/wp\/v2\/comments?post=67163"}],"wp:attachment":[{"href":"https:\/\/logistiikkakeskus.net\/kauppa\/wp-json\/wp\/v2\/media?parent=67163"}],"wp:term":[{"taxonomy":"product_brand","embeddable":true,"href":"https:\/\/logistiikkakeskus.net\/kauppa\/wp-json\/wp\/v2\/product_brand?post=67163"},{"taxonomy":"product_cat","embeddable":true,"href":"https:\/\/logistiikkakeskus.net\/kauppa\/wp-json\/wp\/v2\/product_cat?post=67163"},{"taxonomy":"product_tag","embeddable":true,"href":"https:\/\/logistiikkakeskus.net\/kauppa\/wp-json\/wp\/v2\/product_tag?post=67163"}],"curies":[{"name":"wp","href":"https:\/\/api.w.org\/{rel}","templated":true}]}}