{"id":67159,"date":"2022-12-01T08:53:05","date_gmt":"2022-12-01T08:53:05","guid":{"rendered":"https:\/\/logistiikkakeskus.net\/kauppa\/tuote\/piirtopoyta-wacom-intuos-black\/"},"modified":"2026-01-20T09:14:55","modified_gmt":"2026-01-20T07:14:55","slug":"piirtopoyta-wacom-intuos-black","status":"publish","type":"product","link":"https:\/\/logistiikkakeskus.net\/kauppa\/tuote\/piirtopoyta-wacom-intuos-black\/","title":{"rendered":"Piirtop\u00f6yt\u00e4, Wacom Intuos Black"},"content":{"rendered":"<h2>Wacom Intuos Comic P&#038;T M Black -piirtop\u00f6yt\u00e4, musta<\/h2>\n<ul>\n<li>K\u00e4yt\u00e4 tietokonettasi luovemmin ja intuitiivisemmin innovatiivisellapaineentunnistavan kyn\u00e4n ja monikosketusta tukevan ohjauslevynyhdistelm\u00e4ll\u00e4\n<li>Kyn\u00e4n avulla luonnostelet, piirr\u00e4t, maalaat ja muokkaatvalokuvia luonnollisella tuntumalla\n<li>Monikosketusta tukeva ohjainlevy helpottaa dokumenttien jainternet-sivujen skrollaamista, zoomaamista ja navigointia<\/p>\n<\/ul>\n<ul><b>Tekniset tiedot:<\/b><\/p>\n<li>Tyyppi: CTH-690CK-N\n<li>Mitat: 275 x 217 mm\n<li>Aktiivisen alueen mitat: 216 x 135 mm\n<li>Paineentunnistustasoja: 1024\n<li>Nelj\u00e4 pikan\u00e4pp\u00e4int\u00e4\n<li>Tuki sormikosketuseleille: kyll\u00e4<\/ul>\n<p><i><br \/>hakusanat: KASKO-ITC,ATK-tarvikkeet,piirtop\u00f6yd\u00e4t,piirturinp\u00f6yt\u00e4<\/i><\/p>\n","protected":false},"excerpt":{"rendered":"<p>Wacom Intuos Comic P&#038;T M Black -piirtop\u00f6yt\u00e4, musta K\u00e4yt\u00e4 tietokonettasi luovemmin ja intuitiivisemmin innovatiivisellapaineentunnistavan kyn\u00e4n ja monikosketusta tukevan ohjauslevynyhdistelm\u00e4ll\u00e4 Kyn\u00e4n avulla luonnostelet, piirr\u00e4t, maalaat ja muokkaatvalokuvia luonnollisella tuntumalla Monikosketusta tukeva ohjainlevy helpottaa dokumenttien jainternet-sivujen skrollaamista, zoomaamista ja navigointia Tekniset tiedot: Tyyppi: CTH-690CK-N Mitat: 275 x 217 mm Aktiivisen alueen mitat: 216 x 135 mm Paineentunnistustasoja: [&hellip;]<\/p>\n","protected":false},"featured_media":101613,"comment_status":"open","ping_status":"closed","template":"","meta":[],"product_brand":[],"product_cat":[3249],"product_tag":[],"class_list":{"0":"post-67159","1":"product","2":"type-product","3":"status-publish","4":"has-post-thumbnail","6":"product_cat-it-toimisto-sahkolaitteet-ja-tarv-it-tarvikkeet-tietokoneiden-oheislaitteet","8":"first","9":"instock","10":"shipping-taxable","11":"purchasable","12":"product-type-simple"},"_links":{"self":[{"href":"https:\/\/logistiikkakeskus.net\/kauppa\/wp-json\/wp\/v2\/product\/67159","targetHints":{"allow":["GET"]}}],"collection":[{"href":"https:\/\/logistiikkakeskus.net\/kauppa\/wp-json\/wp\/v2\/product"}],"about":[{"href":"https:\/\/logistiikkakeskus.net\/kauppa\/wp-json\/wp\/v2\/types\/product"}],"replies":[{"embeddable":true,"href":"https:\/\/logistiikkakeskus.net\/kauppa\/wp-json\/wp\/v2\/comments?post=67159"}],"wp:featuredmedia":[{"embeddable":true,"href":"https:\/\/logistiikkakeskus.net\/kauppa\/wp-json\/wp\/v2\/media\/101613"}],"wp:attachment":[{"href":"https:\/\/logistiikkakeskus.net\/kauppa\/wp-json\/wp\/v2\/media?parent=67159"}],"wp:term":[{"taxonomy":"product_brand","embeddable":true,"href":"https:\/\/logistiikkakeskus.net\/kauppa\/wp-json\/wp\/v2\/product_brand?post=67159"},{"taxonomy":"product_cat","embeddable":true,"href":"https:\/\/logistiikkakeskus.net\/kauppa\/wp-json\/wp\/v2\/product_cat?post=67159"},{"taxonomy":"product_tag","embeddable":true,"href":"https:\/\/logistiikkakeskus.net\/kauppa\/wp-json\/wp\/v2\/product_tag?post=67159"}],"curies":[{"name":"wp","href":"https:\/\/api.w.org\/{rel}","templated":true}]}}