{"id":67133,"date":"2022-12-01T08:52:57","date_gmt":"2022-12-01T08:52:57","guid":{"rendered":"https:\/\/logistiikkakeskus.net\/kauppa\/tuote\/apple-adapteri-lightning-35mm\/"},"modified":"2025-10-15T10:14:07","modified_gmt":"2025-10-15T07:14:07","slug":"apple-adapteri-lightning-35mm","status":"publish","type":"product","link":"https:\/\/logistiikkakeskus.net\/kauppa\/tuote\/apple-adapteri-lightning-35mm\/","title":{"rendered":"X Adapteri Apple Lightning &#8211; 3.5mm plugi"},"content":{"rendered":"<p>Apple Lightning to Headphone Jack<\/p>\n<p>T\u00e4ll\u00e4 sovittimella voit liitt\u00e4\u00e4 3,5 mm \u00e4\u00e4niliit\u00e4nt\u00e4\u00e4 k\u00e4ytt\u00e4vi\u00e4laitteita Lightning-laitteisiin.<\/p>\n<p><i>Hakusanat: KASKO-ITC, ATK-tarvikkeet, adapterit,sovittimet,lightning<\/i><\/p>\n","protected":false},"excerpt":{"rendered":"<p>Apple Lightning to Headphone Jack T\u00e4ll\u00e4 sovittimella voit liitt\u00e4\u00e4 3,5 mm \u00e4\u00e4niliit\u00e4nt\u00e4\u00e4 k\u00e4ytt\u00e4vi\u00e4laitteita Lightning-laitteisiin. Hakusanat: KASKO-ITC, ATK-tarvikkeet, adapterit,sovittimet,lightning<\/p>\n","protected":false},"featured_media":0,"comment_status":"open","ping_status":"closed","template":"","meta":[],"product_brand":[],"product_cat":[3247],"product_tag":[],"class_list":{"0":"post-67133","1":"product","2":"type-product","3":"status-publish","5":"product_cat-it-toimisto-sahkolaitteet-ja-tarv-it-tarvikkeet-muut-it-tarvikkeet","7":"first","8":"instock","9":"shipping-taxable","10":"purchasable","11":"product-type-simple"},"_links":{"self":[{"href":"https:\/\/logistiikkakeskus.net\/kauppa\/wp-json\/wp\/v2\/product\/67133","targetHints":{"allow":["GET"]}}],"collection":[{"href":"https:\/\/logistiikkakeskus.net\/kauppa\/wp-json\/wp\/v2\/product"}],"about":[{"href":"https:\/\/logistiikkakeskus.net\/kauppa\/wp-json\/wp\/v2\/types\/product"}],"replies":[{"embeddable":true,"href":"https:\/\/logistiikkakeskus.net\/kauppa\/wp-json\/wp\/v2\/comments?post=67133"}],"wp:attachment":[{"href":"https:\/\/logistiikkakeskus.net\/kauppa\/wp-json\/wp\/v2\/media?parent=67133"}],"wp:term":[{"taxonomy":"product_brand","embeddable":true,"href":"https:\/\/logistiikkakeskus.net\/kauppa\/wp-json\/wp\/v2\/product_brand?post=67133"},{"taxonomy":"product_cat","embeddable":true,"href":"https:\/\/logistiikkakeskus.net\/kauppa\/wp-json\/wp\/v2\/product_cat?post=67133"},{"taxonomy":"product_tag","embeddable":true,"href":"https:\/\/logistiikkakeskus.net\/kauppa\/wp-json\/wp\/v2\/product_tag?post=67133"}],"curies":[{"name":"wp","href":"https:\/\/api.w.org\/{rel}","templated":true}]}}