{"id":67117,"date":"2022-12-01T08:52:52","date_gmt":"2022-12-01T08:52:52","guid":{"rendered":"https:\/\/logistiikkakeskus.net\/kauppa\/tuote\/mediatoistin-appletv-4th-32gb\/"},"modified":"2025-10-15T10:14:07","modified_gmt":"2025-10-15T07:14:07","slug":"mediatoistin-appletv-4th-32gb","status":"publish","type":"product","link":"https:\/\/logistiikkakeskus.net\/kauppa\/tuote\/mediatoistin-appletv-4th-32gb\/","title":{"rendered":"Mediatoistin AppleTV (4th) 32GB"},"content":{"rendered":"<h2>Apple TV (4th generation) 32GB<\/h2>\n<p>TV-ohjelmat, elokuvat ja pelit &#8211; kaikki l\u00f6ytyv\u00e4t Apple TV:st\u00e4.Etsihetkess\u00e4 sis\u00e4lt\u00f6\u00e4 iTunesista ja apeista (kuten HBO:sta, Netflixist\u00e4 jaViaplaysta) Apple TV Remote -kaukos\u00e4\u00e4timell\u00e4. Voit jopa jakaa iPhonellaottamasi kuvat isommalla n\u00e4yt\u00f6ll\u00e4. Kaikki n\u00e4ytt\u00e4\u00e4 upealta HD-tarkkuudella.<\/p>\n<ul>\n<li>1080p HD huippulaatuista videokuvaa varten\n<li>Dolby Digital Plus 7.1 -tila\u00e4\u00e4ni\n<li>A8-siru\n<li>Selaa ja hae Apple TV Remote -kaukos\u00e4\u00e4timell\u00e4<\/ul>\n<p><b>Tekniset tiedot:<\/b><\/p>\n<ul>\n<li>Liit\u00e4nt\u00e4: Ethernet (sis\u00e4\u00e4n): 1 kpl\n<li>Liit\u00e4nt\u00e4: HDMI (ulos): 1 kpl\n<li>Liit\u00e4nt\u00e4: HDMI-versio: v 1.4\n<li>Liit\u00e4nt\u00e4: USB C (sis\u00e4\u00e4n): 1 kpl\n<li>Langaton liit\u00e4nt\u00e4: WiFI-tyyppi: 802.11ac\n<li>Langaton liit\u00e4nt\u00e4: Bluetooth-tyyppi: Bluetooth 4.0<\/ul>\n<p><i>hakusanat: KASKO-ITC, ATK-tarvikkeet, tv,mediatoistimet<\/i><\/p>\n","protected":false},"excerpt":{"rendered":"<p>Apple TV (4th generation) 32GB TV-ohjelmat, elokuvat ja pelit &#8211; kaikki l\u00f6ytyv\u00e4t Apple TV:st\u00e4.Etsihetkess\u00e4 sis\u00e4lt\u00f6\u00e4 iTunesista ja apeista (kuten HBO:sta, Netflixist\u00e4 jaViaplaysta) Apple TV Remote -kaukos\u00e4\u00e4timell\u00e4. Voit jopa jakaa iPhonellaottamasi kuvat isommalla n\u00e4yt\u00f6ll\u00e4. Kaikki n\u00e4ytt\u00e4\u00e4 upealta HD-tarkkuudella. 1080p HD huippulaatuista videokuvaa varten Dolby Digital Plus 7.1 -tila\u00e4\u00e4ni A8-siru Selaa ja hae Apple TV Remote -kaukos\u00e4\u00e4timell\u00e4 [&hellip;]<\/p>\n","protected":false},"featured_media":0,"comment_status":"open","ping_status":"closed","template":"","meta":[],"product_brand":[],"product_cat":[3249],"product_tag":[],"class_list":{"0":"post-67117","1":"product","2":"type-product","3":"status-publish","5":"product_cat-it-toimisto-sahkolaitteet-ja-tarv-it-tarvikkeet-tietokoneiden-oheislaitteet","7":"first","8":"instock","9":"shipping-taxable","10":"purchasable","11":"product-type-simple"},"_links":{"self":[{"href":"https:\/\/logistiikkakeskus.net\/kauppa\/wp-json\/wp\/v2\/product\/67117","targetHints":{"allow":["GET"]}}],"collection":[{"href":"https:\/\/logistiikkakeskus.net\/kauppa\/wp-json\/wp\/v2\/product"}],"about":[{"href":"https:\/\/logistiikkakeskus.net\/kauppa\/wp-json\/wp\/v2\/types\/product"}],"replies":[{"embeddable":true,"href":"https:\/\/logistiikkakeskus.net\/kauppa\/wp-json\/wp\/v2\/comments?post=67117"}],"wp:attachment":[{"href":"https:\/\/logistiikkakeskus.net\/kauppa\/wp-json\/wp\/v2\/media?parent=67117"}],"wp:term":[{"taxonomy":"product_brand","embeddable":true,"href":"https:\/\/logistiikkakeskus.net\/kauppa\/wp-json\/wp\/v2\/product_brand?post=67117"},{"taxonomy":"product_cat","embeddable":true,"href":"https:\/\/logistiikkakeskus.net\/kauppa\/wp-json\/wp\/v2\/product_cat?post=67117"},{"taxonomy":"product_tag","embeddable":true,"href":"https:\/\/logistiikkakeskus.net\/kauppa\/wp-json\/wp\/v2\/product_tag?post=67117"}],"curies":[{"name":"wp","href":"https:\/\/api.w.org\/{rel}","templated":true}]}}