{"id":67033,"date":"2022-12-01T08:52:27","date_gmt":"2022-12-01T08:52:27","guid":{"rendered":"https:\/\/logistiikkakeskus.net\/kauppa\/tuote\/hdmi-vahvistin-hdmi-1-3-ethernet\/"},"modified":"2026-01-20T09:14:52","modified_gmt":"2026-01-20T07:14:52","slug":"hdmi-vahvistin-hdmi-1-3-ethernet","status":"publish","type":"product","link":"https:\/\/logistiikkakeskus.net\/kauppa\/tuote\/hdmi-vahvistin-hdmi-1-3-ethernet\/","title":{"rendered":"HDMI-vahvistin (HDMI 1.3) Ethernet"},"content":{"rendered":"<h2>DELTACO HDMI-vahvistin hdmi-221<\/h2>\n<ul>\n<li>DELTACO HDMI-vahvistin, hy\u00f6dynt\u00e4\u00e4 Ethernet-kaapelia,pident\u00e4\u00e4 1080p-signaalin kantamaa jopa 120 metriin, musta\n<li>HDMI-vahvistin, joka pident\u00e4\u00e4 signaalin kantamaaCat5-, Cat5e- tai Cat6-kaapelin avulla\n<li>Laite koostuu l\u00e4hettimest\u00e4 ja vastaanottimesta\n<li>HDMI 1.3\n<li>IEEE-568B\n<li>1080p taajuudella 60 Hz\n<li>V\u00e4litt\u00e4\u00e4 HDCP 1.3 -signaalin\n<li>Kantama jopa 80 m, kunk\u00e4ytet\u00e4\u00e4n Cat5-kaapelia\n<li>Kantama jopa 100 m, kun k\u00e4ytet\u00e4\u00e4n Cat5e-kaapelia\n<li>Kantama jopa 120 m, kun k\u00e4ytet\u00e4\u00e4n Cat6-kaapelia\n<li>Sopii yhteen reitittimien ja verkkokameroiden kanssa\n<li>Paino: 258 g\n<li>L\u00e4hettimen mitat (LxSxK): 106 x 57 x 26 mm\n<li>Vastaanottimen mitat (LxSxK): 106 x 57 x 26 mm<\/ul>\n<ul><b>Pakkauksen sis\u00e4lt\u00f6:<\/b><\/p>\n<li>HDMI-l\u00e4hetin, HDMI-vastaanotin, kaksi virtasovitinta ja k\u00e4ytt\u00f6opas<\/ul>\n<p><i><br \/>Hakusanat: KASKO-ITC,ATK-tarvikkeet, vahvistimet,hdmi,l\u00e4hettimet<\/i><\/p>\n","protected":false},"excerpt":{"rendered":"<p>DELTACO HDMI-vahvistin hdmi-221 DELTACO HDMI-vahvistin, hy\u00f6dynt\u00e4\u00e4 Ethernet-kaapelia,pident\u00e4\u00e4 1080p-signaalin kantamaa jopa 120 metriin, musta HDMI-vahvistin, joka pident\u00e4\u00e4 signaalin kantamaaCat5-, Cat5e- tai Cat6-kaapelin avulla Laite koostuu l\u00e4hettimest\u00e4 ja vastaanottimesta HDMI 1.3 IEEE-568B 1080p taajuudella 60 Hz V\u00e4litt\u00e4\u00e4 HDCP 1.3 -signaalin Kantama jopa 80 m, kunk\u00e4ytet\u00e4\u00e4n Cat5-kaapelia Kantama jopa 100 m, kun k\u00e4ytet\u00e4\u00e4n Cat5e-kaapelia Kantama jopa 120 m, [&hellip;]<\/p>\n","protected":false},"featured_media":101576,"comment_status":"open","ping_status":"closed","template":"","meta":[],"product_brand":[],"product_cat":[3247],"product_tag":[],"class_list":{"0":"post-67033","1":"product","2":"type-product","3":"status-publish","4":"has-post-thumbnail","6":"product_cat-it-toimisto-sahkolaitteet-ja-tarv-it-tarvikkeet-muut-it-tarvikkeet","8":"first","9":"instock","10":"shipping-taxable","11":"purchasable","12":"product-type-simple"},"_links":{"self":[{"href":"https:\/\/logistiikkakeskus.net\/kauppa\/wp-json\/wp\/v2\/product\/67033","targetHints":{"allow":["GET"]}}],"collection":[{"href":"https:\/\/logistiikkakeskus.net\/kauppa\/wp-json\/wp\/v2\/product"}],"about":[{"href":"https:\/\/logistiikkakeskus.net\/kauppa\/wp-json\/wp\/v2\/types\/product"}],"replies":[{"embeddable":true,"href":"https:\/\/logistiikkakeskus.net\/kauppa\/wp-json\/wp\/v2\/comments?post=67033"}],"wp:featuredmedia":[{"embeddable":true,"href":"https:\/\/logistiikkakeskus.net\/kauppa\/wp-json\/wp\/v2\/media\/101576"}],"wp:attachment":[{"href":"https:\/\/logistiikkakeskus.net\/kauppa\/wp-json\/wp\/v2\/media?parent=67033"}],"wp:term":[{"taxonomy":"product_brand","embeddable":true,"href":"https:\/\/logistiikkakeskus.net\/kauppa\/wp-json\/wp\/v2\/product_brand?post=67033"},{"taxonomy":"product_cat","embeddable":true,"href":"https:\/\/logistiikkakeskus.net\/kauppa\/wp-json\/wp\/v2\/product_cat?post=67033"},{"taxonomy":"product_tag","embeddable":true,"href":"https:\/\/logistiikkakeskus.net\/kauppa\/wp-json\/wp\/v2\/product_tag?post=67033"}],"curies":[{"name":"wp","href":"https:\/\/api.w.org\/{rel}","templated":true}]}}