{"id":66811,"date":"2022-12-01T08:51:13","date_gmt":"2022-12-01T08:51:13","guid":{"rendered":"https:\/\/logistiikkakeskus.net\/kauppa\/tuote\/apple-usb-c-30wattia\/"},"modified":"2026-01-20T09:14:47","modified_gmt":"2026-01-20T07:14:47","slug":"apple-usb-c-30wattia","status":"publish","type":"product","link":"https:\/\/logistiikkakeskus.net\/kauppa\/tuote\/apple-usb-c-30wattia\/","title":{"rendered":"Virta-adapteri Apple USB-C, 30W"},"content":{"rendered":"<p>Applen 30 W USB-C-virta-adapteri lataa nopeasti ja tehokkaastikotona, toimistossa tai liikkeell\u00e4 ollessasi. Latauskaapeli myyd\u00e4\u00e4nerikseen.<\/p>\n<p><i>Hakusanat: power adapterit, virtal\u00e4hde, verkkolaturit<\/i><\/p>\n","protected":false},"excerpt":{"rendered":"<p>Applen 30 W USB-C-virta-adapteri lataa nopeasti ja tehokkaastikotona, toimistossa tai liikkeell\u00e4 ollessasi. Latauskaapeli myyd\u00e4\u00e4nerikseen. Hakusanat: power adapterit, virtal\u00e4hde, verkkolaturit<\/p>\n","protected":false},"featured_media":101515,"comment_status":"open","ping_status":"closed","template":"","meta":[],"product_brand":[],"product_cat":[3247],"product_tag":[],"class_list":{"0":"post-66811","1":"product","2":"type-product","3":"status-publish","4":"has-post-thumbnail","6":"product_cat-it-toimisto-sahkolaitteet-ja-tarv-it-tarvikkeet-muut-it-tarvikkeet","8":"first","9":"instock","10":"shipping-taxable","11":"purchasable","12":"product-type-simple"},"_links":{"self":[{"href":"https:\/\/logistiikkakeskus.net\/kauppa\/wp-json\/wp\/v2\/product\/66811","targetHints":{"allow":["GET"]}}],"collection":[{"href":"https:\/\/logistiikkakeskus.net\/kauppa\/wp-json\/wp\/v2\/product"}],"about":[{"href":"https:\/\/logistiikkakeskus.net\/kauppa\/wp-json\/wp\/v2\/types\/product"}],"replies":[{"embeddable":true,"href":"https:\/\/logistiikkakeskus.net\/kauppa\/wp-json\/wp\/v2\/comments?post=66811"}],"wp:featuredmedia":[{"embeddable":true,"href":"https:\/\/logistiikkakeskus.net\/kauppa\/wp-json\/wp\/v2\/media\/101515"}],"wp:attachment":[{"href":"https:\/\/logistiikkakeskus.net\/kauppa\/wp-json\/wp\/v2\/media?parent=66811"}],"wp:term":[{"taxonomy":"product_brand","embeddable":true,"href":"https:\/\/logistiikkakeskus.net\/kauppa\/wp-json\/wp\/v2\/product_brand?post=66811"},{"taxonomy":"product_cat","embeddable":true,"href":"https:\/\/logistiikkakeskus.net\/kauppa\/wp-json\/wp\/v2\/product_cat?post=66811"},{"taxonomy":"product_tag","embeddable":true,"href":"https:\/\/logistiikkakeskus.net\/kauppa\/wp-json\/wp\/v2\/product_tag?post=66811"}],"curies":[{"name":"wp","href":"https:\/\/api.w.org\/{rel}","templated":true}]}}