{"id":66805,"date":"2022-12-01T08:51:10","date_gmt":"2022-12-01T08:51:10","guid":{"rendered":"https:\/\/logistiikkakeskus.net\/kauppa\/tuote\/apple-pencil-2nd-generation\/"},"modified":"2026-01-20T09:14:47","modified_gmt":"2026-01-20T07:14:47","slug":"apple-pencil-2nd-generation","status":"publish","type":"product","link":"https:\/\/logistiikkakeskus.net\/kauppa\/tuote\/apple-pencil-2nd-generation\/","title":{"rendered":"Apple Pencil 2nd Gen"},"content":{"rendered":"<p>Apple Pencil tarjoaa pikselintarkkaa t\u00e4sm\u00e4llisyytt\u00e4 ja alanlyhimm\u00e4npiirtoviiveen. Se soveltuu erinomaisesti mm. piirt\u00e4miseen,luonnosteluun, v\u00e4ritt\u00e4miseen, muistiinpanoihin tai jopa merkint\u00f6jentekemiseen s\u00e4hk\u00f6postiviesteihin. Lis\u00e4ksi se on yht\u00e4 helppo ja luontevak\u00e4ytt\u00e4\u00e4 kuin tavallinen kyn\u00e4. Apple Penciliss\u00e4 on my\u00f6s intuitiivinenkosketuspinta, joka tukee kaksoisnapautusta.<\/p>\n<p>Malleihin: 10.9&#8243; iPad Air (4th gen), 11&#8243; iPad Pro (1st, 2nd,3rdgen), 12.9&#8243; iPad Pro (3rd, 4th, 5th gen)<\/p>\n","protected":false},"excerpt":{"rendered":"<p>Apple Pencil tarjoaa pikselintarkkaa t\u00e4sm\u00e4llisyytt\u00e4 ja alanlyhimm\u00e4npiirtoviiveen. Se soveltuu erinomaisesti mm. piirt\u00e4miseen,luonnosteluun, v\u00e4ritt\u00e4miseen, muistiinpanoihin tai jopa merkint\u00f6jentekemiseen s\u00e4hk\u00f6postiviesteihin. Lis\u00e4ksi se on yht\u00e4 helppo ja luontevak\u00e4ytt\u00e4\u00e4 kuin tavallinen kyn\u00e4. Apple Penciliss\u00e4 on my\u00f6s intuitiivinenkosketuspinta, joka tukee kaksoisnapautusta. Malleihin: 10.9&#8243; iPad Air (4th gen), 11&#8243; iPad Pro (1st, 2nd,3rdgen), 12.9&#8243; iPad Pro (3rd, 4th, 5th gen)<\/p>\n","protected":false},"featured_media":101514,"comment_status":"open","ping_status":"closed","template":"","meta":[],"product_brand":[],"product_cat":[3247],"product_tag":[],"class_list":{"0":"post-66805","1":"product","2":"type-product","3":"status-publish","4":"has-post-thumbnail","6":"product_cat-it-toimisto-sahkolaitteet-ja-tarv-it-tarvikkeet-muut-it-tarvikkeet","8":"first","9":"instock","10":"shipping-taxable","11":"purchasable","12":"product-type-simple"},"_links":{"self":[{"href":"https:\/\/logistiikkakeskus.net\/kauppa\/wp-json\/wp\/v2\/product\/66805","targetHints":{"allow":["GET"]}}],"collection":[{"href":"https:\/\/logistiikkakeskus.net\/kauppa\/wp-json\/wp\/v2\/product"}],"about":[{"href":"https:\/\/logistiikkakeskus.net\/kauppa\/wp-json\/wp\/v2\/types\/product"}],"replies":[{"embeddable":true,"href":"https:\/\/logistiikkakeskus.net\/kauppa\/wp-json\/wp\/v2\/comments?post=66805"}],"wp:featuredmedia":[{"embeddable":true,"href":"https:\/\/logistiikkakeskus.net\/kauppa\/wp-json\/wp\/v2\/media\/101514"}],"wp:attachment":[{"href":"https:\/\/logistiikkakeskus.net\/kauppa\/wp-json\/wp\/v2\/media?parent=66805"}],"wp:term":[{"taxonomy":"product_brand","embeddable":true,"href":"https:\/\/logistiikkakeskus.net\/kauppa\/wp-json\/wp\/v2\/product_brand?post=66805"},{"taxonomy":"product_cat","embeddable":true,"href":"https:\/\/logistiikkakeskus.net\/kauppa\/wp-json\/wp\/v2\/product_cat?post=66805"},{"taxonomy":"product_tag","embeddable":true,"href":"https:\/\/logistiikkakeskus.net\/kauppa\/wp-json\/wp\/v2\/product_tag?post=66805"}],"curies":[{"name":"wp","href":"https:\/\/api.w.org\/{rel}","templated":true}]}}