{"id":66769,"date":"2022-12-01T08:51:00","date_gmt":"2022-12-01T08:51:00","guid":{"rendered":"https:\/\/logistiikkakeskus.net\/kauppa\/tuote\/logitech-hd-pro-webcam-c920\/"},"modified":"2026-01-20T09:14:46","modified_gmt":"2026-01-20T07:14:46","slug":"logitech-hd-pro-webcam-c920","status":"publish","type":"product","link":"https:\/\/logistiikkakeskus.net\/kauppa\/tuote\/logitech-hd-pro-webcam-c920\/","title":{"rendered":"Logitech HD Pro Webcam C920"},"content":{"rendered":"<p>Verkkokamera 1920&#215;1080. Sis\u00e4\u00e4nrakennettu mikrofoni. USB-liit\u00e4nt\u00e4.J\u00e4rjestelm\u00e4vaatimus: Google Chrome OS, Microsoft Windows Vista \/ 7 \/ 8 \/10<\/p>\n","protected":false},"excerpt":{"rendered":"<p>Verkkokamera 1920&#215;1080. Sis\u00e4\u00e4nrakennettu mikrofoni. USB-liit\u00e4nt\u00e4.J\u00e4rjestelm\u00e4vaatimus: Google Chrome OS, Microsoft Windows Vista \/ 7 \/ 8 \/10<\/p>\n","protected":false},"featured_media":101509,"comment_status":"open","ping_status":"closed","template":"","meta":[],"product_brand":[],"product_cat":[3247],"product_tag":[],"class_list":{"0":"post-66769","1":"product","2":"type-product","3":"status-publish","4":"has-post-thumbnail","6":"product_cat-it-toimisto-sahkolaitteet-ja-tarv-it-tarvikkeet-muut-it-tarvikkeet","8":"first","9":"instock","10":"shipping-taxable","11":"purchasable","12":"product-type-simple"},"_links":{"self":[{"href":"https:\/\/logistiikkakeskus.net\/kauppa\/wp-json\/wp\/v2\/product\/66769","targetHints":{"allow":["GET"]}}],"collection":[{"href":"https:\/\/logistiikkakeskus.net\/kauppa\/wp-json\/wp\/v2\/product"}],"about":[{"href":"https:\/\/logistiikkakeskus.net\/kauppa\/wp-json\/wp\/v2\/types\/product"}],"replies":[{"embeddable":true,"href":"https:\/\/logistiikkakeskus.net\/kauppa\/wp-json\/wp\/v2\/comments?post=66769"}],"wp:featuredmedia":[{"embeddable":true,"href":"https:\/\/logistiikkakeskus.net\/kauppa\/wp-json\/wp\/v2\/media\/101509"}],"wp:attachment":[{"href":"https:\/\/logistiikkakeskus.net\/kauppa\/wp-json\/wp\/v2\/media?parent=66769"}],"wp:term":[{"taxonomy":"product_brand","embeddable":true,"href":"https:\/\/logistiikkakeskus.net\/kauppa\/wp-json\/wp\/v2\/product_brand?post=66769"},{"taxonomy":"product_cat","embeddable":true,"href":"https:\/\/logistiikkakeskus.net\/kauppa\/wp-json\/wp\/v2\/product_cat?post=66769"},{"taxonomy":"product_tag","embeddable":true,"href":"https:\/\/logistiikkakeskus.net\/kauppa\/wp-json\/wp\/v2\/product_tag?post=66769"}],"curies":[{"name":"wp","href":"https:\/\/api.w.org\/{rel}","templated":true}]}}