{"id":66764,"date":"2022-12-01T08:50:58","date_gmt":"2022-12-01T08:50:58","guid":{"rendered":"https:\/\/logistiikkakeskus.net\/kauppa\/tuote\/voxicon-webcam-hd\/"},"modified":"2026-01-20T09:14:46","modified_gmt":"2026-01-20T07:14:46","slug":"voxicon-webcam-hd","status":"publish","type":"product","link":"https:\/\/logistiikkakeskus.net\/kauppa\/tuote\/voxicon-webcam-hd\/","title":{"rendered":"Lenovo Essential Full HD webcam"},"content":{"rendered":"<p>HD-webkamera, maksimiresoluutio 1920 x 1080. Kaksisis\u00e4\u00e4nrakennettua mikrofonia. USB-liit\u00e4nt\u00e4.<\/p>\n","protected":false},"excerpt":{"rendered":"<p>HD-webkamera, maksimiresoluutio 1920 x 1080. Kaksisis\u00e4\u00e4nrakennettua mikrofonia. USB-liit\u00e4nt\u00e4.<\/p>\n","protected":false},"featured_media":101506,"comment_status":"open","ping_status":"closed","template":"","meta":[],"product_brand":[],"product_cat":[3247],"product_tag":[],"class_list":{"0":"post-66764","1":"product","2":"type-product","3":"status-publish","4":"has-post-thumbnail","6":"product_cat-it-toimisto-sahkolaitteet-ja-tarv-it-tarvikkeet-muut-it-tarvikkeet","8":"first","9":"instock","10":"shipping-taxable","11":"purchasable","12":"product-type-simple"},"_links":{"self":[{"href":"https:\/\/logistiikkakeskus.net\/kauppa\/wp-json\/wp\/v2\/product\/66764","targetHints":{"allow":["GET"]}}],"collection":[{"href":"https:\/\/logistiikkakeskus.net\/kauppa\/wp-json\/wp\/v2\/product"}],"about":[{"href":"https:\/\/logistiikkakeskus.net\/kauppa\/wp-json\/wp\/v2\/types\/product"}],"replies":[{"embeddable":true,"href":"https:\/\/logistiikkakeskus.net\/kauppa\/wp-json\/wp\/v2\/comments?post=66764"}],"wp:featuredmedia":[{"embeddable":true,"href":"https:\/\/logistiikkakeskus.net\/kauppa\/wp-json\/wp\/v2\/media\/101506"}],"wp:attachment":[{"href":"https:\/\/logistiikkakeskus.net\/kauppa\/wp-json\/wp\/v2\/media?parent=66764"}],"wp:term":[{"taxonomy":"product_brand","embeddable":true,"href":"https:\/\/logistiikkakeskus.net\/kauppa\/wp-json\/wp\/v2\/product_brand?post=66764"},{"taxonomy":"product_cat","embeddable":true,"href":"https:\/\/logistiikkakeskus.net\/kauppa\/wp-json\/wp\/v2\/product_cat?post=66764"},{"taxonomy":"product_tag","embeddable":true,"href":"https:\/\/logistiikkakeskus.net\/kauppa\/wp-json\/wp\/v2\/product_tag?post=66764"}],"curies":[{"name":"wp","href":"https:\/\/api.w.org\/{rel}","templated":true}]}}