{"id":66760,"date":"2022-12-01T08:50:57","date_gmt":"2022-12-01T08:50:57","guid":{"rendered":"https:\/\/logistiikkakeskus.net\/kauppa\/tuote\/cleanside-standard-usb-hygienianappaimis\/"},"modified":"2025-10-15T10:13:57","modified_gmt":"2025-10-15T07:13:57","slug":"cleanside-standard-usb-hygienianappaimis","status":"publish","type":"product","link":"https:\/\/logistiikkakeskus.net\/kauppa\/tuote\/cleanside-standard-usb-hygienianappaimis\/","title":{"rendered":"N\u00e4pp\u00e4imist\u00f6 CleanErgo Medical (USB)"},"content":{"rendered":"<p>Pest\u00e4v\u00e4 ja desinfioitava langallinen medical n\u00e4pp\u00e4imist\u00f6.Yhdistet\u00e4\u00e4n USB-kaapelilla, jossa on silikoninen USB-suojus. N\u00e4pp\u00e4imist\u00f6on heti k\u00e4ytt\u00f6valmis (ei vaadi ajureita). N\u00e4pp\u00e4imist\u00f6ss\u00e4 painike, jollasaadaan n\u00e4pp\u00e4imet lukittua (5 sekuntia) puhdistuksen ajaksi.Skandinaavinen n\u00e4pp\u00e4inasettelu. T\u00e4ss\u00e4 mallissa my\u00f6s taustavalo, jonkasaa p\u00e4\u00e4lle ja pois.<\/p>\n","protected":false},"excerpt":{"rendered":"<p>Pest\u00e4v\u00e4 ja desinfioitava langallinen medical n\u00e4pp\u00e4imist\u00f6.Yhdistet\u00e4\u00e4n USB-kaapelilla, jossa on silikoninen USB-suojus. N\u00e4pp\u00e4imist\u00f6on heti k\u00e4ytt\u00f6valmis (ei vaadi ajureita). N\u00e4pp\u00e4imist\u00f6ss\u00e4 painike, jollasaadaan n\u00e4pp\u00e4imet lukittua (5 sekuntia) puhdistuksen ajaksi.Skandinaavinen n\u00e4pp\u00e4inasettelu. T\u00e4ss\u00e4 mallissa my\u00f6s taustavalo, jonkasaa p\u00e4\u00e4lle ja pois.<\/p>\n","protected":false},"featured_media":0,"comment_status":"open","ping_status":"closed","template":"","meta":[],"product_brand":[],"product_cat":[3247],"product_tag":[],"class_list":{"0":"post-66760","1":"product","2":"type-product","3":"status-publish","5":"product_cat-it-toimisto-sahkolaitteet-ja-tarv-it-tarvikkeet-muut-it-tarvikkeet","7":"first","8":"instock","9":"shipping-taxable","10":"purchasable","11":"product-type-simple"},"_links":{"self":[{"href":"https:\/\/logistiikkakeskus.net\/kauppa\/wp-json\/wp\/v2\/product\/66760","targetHints":{"allow":["GET"]}}],"collection":[{"href":"https:\/\/logistiikkakeskus.net\/kauppa\/wp-json\/wp\/v2\/product"}],"about":[{"href":"https:\/\/logistiikkakeskus.net\/kauppa\/wp-json\/wp\/v2\/types\/product"}],"replies":[{"embeddable":true,"href":"https:\/\/logistiikkakeskus.net\/kauppa\/wp-json\/wp\/v2\/comments?post=66760"}],"wp:attachment":[{"href":"https:\/\/logistiikkakeskus.net\/kauppa\/wp-json\/wp\/v2\/media?parent=66760"}],"wp:term":[{"taxonomy":"product_brand","embeddable":true,"href":"https:\/\/logistiikkakeskus.net\/kauppa\/wp-json\/wp\/v2\/product_brand?post=66760"},{"taxonomy":"product_cat","embeddable":true,"href":"https:\/\/logistiikkakeskus.net\/kauppa\/wp-json\/wp\/v2\/product_cat?post=66760"},{"taxonomy":"product_tag","embeddable":true,"href":"https:\/\/logistiikkakeskus.net\/kauppa\/wp-json\/wp\/v2\/product_tag?post=66760"}],"curies":[{"name":"wp","href":"https:\/\/api.w.org\/{rel}","templated":true}]}}