{"id":66756,"date":"2022-12-01T08:50:56","date_gmt":"2022-12-01T08:50:56","guid":{"rendered":"https:\/\/logistiikkakeskus.net\/kauppa\/tuote\/cleanside-hygi-mouse-small-usb\/"},"modified":"2025-10-15T10:13:57","modified_gmt":"2025-10-15T07:13:57","slug":"cleanside-hygi-mouse-small-usb","status":"publish","type":"product","link":"https:\/\/logistiikkakeskus.net\/kauppa\/tuote\/cleanside-hygi-mouse-small-usb\/","title":{"rendered":"Hiiri CleanErgo Medical, langalllinen"},"content":{"rendered":"<p>Miellytt\u00e4v\u00e4, silikonipintainen langallinen hiiri, joka onhelppo pest\u00e4 ja desinfioida. Hiiress\u00e4 on kosketus scrolli ja normaalitvasen- ja oikea painike. Yhdistet\u00e4\u00e4n USB kaapelilla, jossasilikonisuojus. IP68 suojattu vedelt\u00e4 ja p\u00f6lylt\u00e4. V\u00e4ri valkoinen.<\/p>\n","protected":false},"excerpt":{"rendered":"<p>Miellytt\u00e4v\u00e4, silikonipintainen langallinen hiiri, joka onhelppo pest\u00e4 ja desinfioida. Hiiress\u00e4 on kosketus scrolli ja normaalitvasen- ja oikea painike. Yhdistet\u00e4\u00e4n USB kaapelilla, jossasilikonisuojus. IP68 suojattu vedelt\u00e4 ja p\u00f6lylt\u00e4. V\u00e4ri valkoinen.<\/p>\n","protected":false},"featured_media":0,"comment_status":"open","ping_status":"closed","template":"","meta":[],"product_brand":[],"product_cat":[3247],"product_tag":[],"class_list":{"0":"post-66756","1":"product","2":"type-product","3":"status-publish","5":"product_cat-it-toimisto-sahkolaitteet-ja-tarv-it-tarvikkeet-muut-it-tarvikkeet","7":"first","8":"instock","9":"shipping-taxable","10":"purchasable","11":"product-type-simple"},"_links":{"self":[{"href":"https:\/\/logistiikkakeskus.net\/kauppa\/wp-json\/wp\/v2\/product\/66756","targetHints":{"allow":["GET"]}}],"collection":[{"href":"https:\/\/logistiikkakeskus.net\/kauppa\/wp-json\/wp\/v2\/product"}],"about":[{"href":"https:\/\/logistiikkakeskus.net\/kauppa\/wp-json\/wp\/v2\/types\/product"}],"replies":[{"embeddable":true,"href":"https:\/\/logistiikkakeskus.net\/kauppa\/wp-json\/wp\/v2\/comments?post=66756"}],"wp:attachment":[{"href":"https:\/\/logistiikkakeskus.net\/kauppa\/wp-json\/wp\/v2\/media?parent=66756"}],"wp:term":[{"taxonomy":"product_brand","embeddable":true,"href":"https:\/\/logistiikkakeskus.net\/kauppa\/wp-json\/wp\/v2\/product_brand?post=66756"},{"taxonomy":"product_cat","embeddable":true,"href":"https:\/\/logistiikkakeskus.net\/kauppa\/wp-json\/wp\/v2\/product_cat?post=66756"},{"taxonomy":"product_tag","embeddable":true,"href":"https:\/\/logistiikkakeskus.net\/kauppa\/wp-json\/wp\/v2\/product_tag?post=66756"}],"curies":[{"name":"wp","href":"https:\/\/api.w.org\/{rel}","templated":true}]}}