{"id":66676,"date":"2022-12-01T08:50:31","date_gmt":"2022-12-01T08:50:31","guid":{"rendered":"https:\/\/logistiikkakeskus.net\/kauppa\/tuote\/cirafon-privacy-filter-14-310174mm-16\/"},"modified":"2026-01-20T09:14:45","modified_gmt":"2026-01-20T07:14:45","slug":"cirafon-privacy-filter-14-310174mm-16","status":"publish","type":"product","link":"https:\/\/logistiikkakeskus.net\/kauppa\/tuote\/cirafon-privacy-filter-14-310174mm-16\/","title":{"rendered":"LENOVO PRIVACY FILTER 14&#8243; 310 x 174 mm"},"content":{"rendered":"<p>\u2022 K\u00e4\u00e4nnett\u00e4v\u00e4 malli, joka sopii sek\u00e4 kiilt\u00e4ville ett\u00e4 mattapintaisillen\u00e4yt\u00f6ille\u2022 Tarkoitettu 14,0-tuumaisille kannettaville, joissa on 16:9-kuvasuhdeMitat (LxSxK) 309,905 x 0,533 x 174,447 mmSopii mm. T14 mallehin gen1,ThinkPad Edge 14, Edge E420, L420, L421,SL410, T420, T420i, T420s, T420si<\/p>\n","protected":false},"excerpt":{"rendered":"<p>\u2022 K\u00e4\u00e4nnett\u00e4v\u00e4 malli, joka sopii sek\u00e4 kiilt\u00e4ville ett\u00e4 mattapintaisillen\u00e4yt\u00f6ille\u2022 Tarkoitettu 14,0-tuumaisille kannettaville, joissa on 16:9-kuvasuhdeMitat (LxSxK) 309,905 x 0,533 x 174,447 mmSopii mm. T14 mallehin gen1,ThinkPad Edge 14, Edge E420, L420, L421,SL410, T420, T420i, T420s, T420si<\/p>\n","protected":false},"featured_media":101491,"comment_status":"open","ping_status":"closed","template":"","meta":[],"product_brand":[],"product_cat":[3247],"product_tag":[],"class_list":{"0":"post-66676","1":"product","2":"type-product","3":"status-publish","4":"has-post-thumbnail","6":"product_cat-it-toimisto-sahkolaitteet-ja-tarv-it-tarvikkeet-muut-it-tarvikkeet","8":"first","9":"instock","10":"shipping-taxable","11":"purchasable","12":"product-type-simple"},"_links":{"self":[{"href":"https:\/\/logistiikkakeskus.net\/kauppa\/wp-json\/wp\/v2\/product\/66676","targetHints":{"allow":["GET"]}}],"collection":[{"href":"https:\/\/logistiikkakeskus.net\/kauppa\/wp-json\/wp\/v2\/product"}],"about":[{"href":"https:\/\/logistiikkakeskus.net\/kauppa\/wp-json\/wp\/v2\/types\/product"}],"replies":[{"embeddable":true,"href":"https:\/\/logistiikkakeskus.net\/kauppa\/wp-json\/wp\/v2\/comments?post=66676"}],"wp:featuredmedia":[{"embeddable":true,"href":"https:\/\/logistiikkakeskus.net\/kauppa\/wp-json\/wp\/v2\/media\/101491"}],"wp:attachment":[{"href":"https:\/\/logistiikkakeskus.net\/kauppa\/wp-json\/wp\/v2\/media?parent=66676"}],"wp:term":[{"taxonomy":"product_brand","embeddable":true,"href":"https:\/\/logistiikkakeskus.net\/kauppa\/wp-json\/wp\/v2\/product_brand?post=66676"},{"taxonomy":"product_cat","embeddable":true,"href":"https:\/\/logistiikkakeskus.net\/kauppa\/wp-json\/wp\/v2\/product_cat?post=66676"},{"taxonomy":"product_tag","embeddable":true,"href":"https:\/\/logistiikkakeskus.net\/kauppa\/wp-json\/wp\/v2\/product_tag?post=66676"}],"curies":[{"name":"wp","href":"https:\/\/api.w.org\/{rel}","templated":true}]}}