{"id":66638,"date":"2022-12-01T08:50:20","date_gmt":"2022-12-01T08:50:20","guid":{"rendered":"https:\/\/logistiikkakeskus.net\/kauppa\/tuote\/laserkasetti-samsung-clt-y5082\/"},"modified":"2025-10-15T10:13:54","modified_gmt":"2025-10-15T07:13:54","slug":"laserkasetti-samsung-clt-y5082","status":"publish","type":"product","link":"https:\/\/logistiikkakeskus.net\/kauppa\/tuote\/laserkasetti-samsung-clt-y5082\/","title":{"rendered":"Laserkasetti samsung clt-y5082"},"content":{"rendered":"<h2>Laserkasetti Samsung CLT-Y5082L\/ELS (4k), keltainen<\/h2>\n<p>Alkuper\u00e4inen keltainen laserv\u00e4rikasetti, joka antaa korkealaatuisentulostusj\u00e4ljen. Laserkasetti omaa suuren tulostuskapasiteetin &#8211; t\u00e4ll\u00e4tulostat 4000 sivua 5% peitolla<\/p>\n<ul><b>Sopii seuraaviin laitteisiin :<\/b><\/p>\n<li>SamsungCLP-620nd\n<li>Samsung CLP-670n\n<li> Samsung CLP-670nd\n<li>Samsung CLP-670n dt\n<li>Samsung  CLX-6220fx\n<li>Samsung CLX-6220fxk\n<li>Samsung CLX-6250fx\n<li>Samsung CLX-6250fxk<\/ul>\n<p><i> Toimittajantuotenro. CLT-Y5082L\/ELS Bruce Campbell<br \/>hakusanat:Tulostintarvikkeet, Samsung , yellow, laserv\u00e4rikasetti, laserkasetti,tulostimet, v\u00e4rikasetit, keltainen, CLT-Y508L, CLT-Y5082S<\/i><\/p>\n","protected":false},"excerpt":{"rendered":"<p>Laserkasetti Samsung CLT-Y5082L\/ELS (4k), keltainen Alkuper\u00e4inen keltainen laserv\u00e4rikasetti, joka antaa korkealaatuisentulostusj\u00e4ljen. Laserkasetti omaa suuren tulostuskapasiteetin &#8211; t\u00e4ll\u00e4tulostat 4000 sivua 5% peitolla Sopii seuraaviin laitteisiin : SamsungCLP-620nd Samsung CLP-670n Samsung CLP-670nd Samsung CLP-670n dt Samsung CLX-6220fx Samsung CLX-6220fxk Samsung CLX-6250fx Samsung CLX-6250fxk Toimittajantuotenro. CLT-Y5082L\/ELS Bruce Campbellhakusanat:Tulostintarvikkeet, Samsung , yellow, laserv\u00e4rikasetti, laserkasetti,tulostimet, v\u00e4rikasetit, keltainen, CLT-Y508L, CLT-Y5082S<\/p>\n","protected":false},"featured_media":0,"comment_status":"open","ping_status":"closed","template":"","meta":[],"product_brand":[],"product_cat":[3245],"product_tag":[],"class_list":{"0":"post-66638","1":"product","2":"type-product","3":"status-publish","5":"product_cat-it-toimisto-sahkolaitteet-ja-tarv-tulostustarvikkeet-laserkasetit-samsung","7":"first","8":"instock","9":"shipping-taxable","10":"purchasable","11":"product-type-simple"},"_links":{"self":[{"href":"https:\/\/logistiikkakeskus.net\/kauppa\/wp-json\/wp\/v2\/product\/66638","targetHints":{"allow":["GET"]}}],"collection":[{"href":"https:\/\/logistiikkakeskus.net\/kauppa\/wp-json\/wp\/v2\/product"}],"about":[{"href":"https:\/\/logistiikkakeskus.net\/kauppa\/wp-json\/wp\/v2\/types\/product"}],"replies":[{"embeddable":true,"href":"https:\/\/logistiikkakeskus.net\/kauppa\/wp-json\/wp\/v2\/comments?post=66638"}],"wp:attachment":[{"href":"https:\/\/logistiikkakeskus.net\/kauppa\/wp-json\/wp\/v2\/media?parent=66638"}],"wp:term":[{"taxonomy":"product_brand","embeddable":true,"href":"https:\/\/logistiikkakeskus.net\/kauppa\/wp-json\/wp\/v2\/product_brand?post=66638"},{"taxonomy":"product_cat","embeddable":true,"href":"https:\/\/logistiikkakeskus.net\/kauppa\/wp-json\/wp\/v2\/product_cat?post=66638"},{"taxonomy":"product_tag","embeddable":true,"href":"https:\/\/logistiikkakeskus.net\/kauppa\/wp-json\/wp\/v2\/product_tag?post=66638"}],"curies":[{"name":"wp","href":"https:\/\/api.w.org\/{rel}","templated":true}]}}