{"id":66634,"date":"2022-12-01T08:50:19","date_gmt":"2022-12-01T08:50:19","guid":{"rendered":"https:\/\/logistiikkakeskus.net\/kauppa\/tuote\/laserkasetti-samsung-clt-k5082\/"},"modified":"2026-01-20T09:14:44","modified_gmt":"2026-01-20T07:14:44","slug":"laserkasetti-samsung-clt-k5082","status":"publish","type":"product","link":"https:\/\/logistiikkakeskus.net\/kauppa\/tuote\/laserkasetti-samsung-clt-k5082\/","title":{"rendered":"Laserkasetti samsung clt-k5082"},"content":{"rendered":"<h2>Laserkasetti Samsung CLT-K5082L\/ELS (5k), musta<\/h2>\n<p>Alkuper\u00e4inenmusta laserv\u00e4rikasetti, joka antaa korkealaatuisen tulostusj\u00e4ljen.Laserkasetti omaa suuren tulostuskapasiteetin &#8211; t\u00e4ll\u00e4 tulostat 5000sivua 5% peitolla<\/p>\n<ul><b> Sopii seuraaviin laitteisiin:<\/b><\/p>\n<li>Samsung CLP-620nd\n<li>Samsung CLP-670n\n<li>Samsung CLP-670nd\n<li>Samsung CLP-670ndt\n<li>Samsung CLX-6220fx\n<li> Samsung CLX-6220fxk\n<li>Samsung CLX-6250fx\n<li> Samsung CLX-6250fxk<\/ul>\n<p><i>Toimittajantuotenro. CLT-K5082L\/ELS Bruce Campbell<br \/> hakusanat:Tulostintarvikkeet, Samsung, black, laserv\u00e4rikasetti, laserkasetti,tulostimet, v\u00e4rikasetit CLT-K508L, CLT-K5082S<\/i><\/p>\n","protected":false},"excerpt":{"rendered":"<p>Laserkasetti Samsung CLT-K5082L\/ELS (5k), musta Alkuper\u00e4inenmusta laserv\u00e4rikasetti, joka antaa korkealaatuisen tulostusj\u00e4ljen.Laserkasetti omaa suuren tulostuskapasiteetin &#8211; t\u00e4ll\u00e4 tulostat 5000sivua 5% peitolla Sopii seuraaviin laitteisiin: Samsung CLP-620nd Samsung CLP-670n Samsung CLP-670nd Samsung CLP-670ndt Samsung CLX-6220fx Samsung CLX-6220fxk Samsung CLX-6250fx Samsung CLX-6250fxk Toimittajantuotenro. CLT-K5082L\/ELS Bruce Campbell hakusanat:Tulostintarvikkeet, Samsung, black, laserv\u00e4rikasetti, laserkasetti,tulostimet, v\u00e4rikasetit CLT-K508L, CLT-K5082S<\/p>\n","protected":false},"featured_media":101481,"comment_status":"open","ping_status":"closed","template":"","meta":[],"product_brand":[],"product_cat":[3245],"product_tag":[],"class_list":{"0":"post-66634","1":"product","2":"type-product","3":"status-publish","4":"has-post-thumbnail","6":"product_cat-it-toimisto-sahkolaitteet-ja-tarv-tulostustarvikkeet-laserkasetit-samsung","8":"first","9":"instock","10":"shipping-taxable","11":"purchasable","12":"product-type-simple"},"_links":{"self":[{"href":"https:\/\/logistiikkakeskus.net\/kauppa\/wp-json\/wp\/v2\/product\/66634","targetHints":{"allow":["GET"]}}],"collection":[{"href":"https:\/\/logistiikkakeskus.net\/kauppa\/wp-json\/wp\/v2\/product"}],"about":[{"href":"https:\/\/logistiikkakeskus.net\/kauppa\/wp-json\/wp\/v2\/types\/product"}],"replies":[{"embeddable":true,"href":"https:\/\/logistiikkakeskus.net\/kauppa\/wp-json\/wp\/v2\/comments?post=66634"}],"wp:featuredmedia":[{"embeddable":true,"href":"https:\/\/logistiikkakeskus.net\/kauppa\/wp-json\/wp\/v2\/media\/101481"}],"wp:attachment":[{"href":"https:\/\/logistiikkakeskus.net\/kauppa\/wp-json\/wp\/v2\/media?parent=66634"}],"wp:term":[{"taxonomy":"product_brand","embeddable":true,"href":"https:\/\/logistiikkakeskus.net\/kauppa\/wp-json\/wp\/v2\/product_brand?post=66634"},{"taxonomy":"product_cat","embeddable":true,"href":"https:\/\/logistiikkakeskus.net\/kauppa\/wp-json\/wp\/v2\/product_cat?post=66634"},{"taxonomy":"product_tag","embeddable":true,"href":"https:\/\/logistiikkakeskus.net\/kauppa\/wp-json\/wp\/v2\/product_tag?post=66634"}],"curies":[{"name":"wp","href":"https:\/\/api.w.org\/{rel}","templated":true}]}}