{"id":66632,"date":"2022-12-01T08:50:19","date_gmt":"2022-12-01T08:50:19","guid":{"rendered":"https:\/\/logistiikkakeskus.net\/kauppa\/tuote\/hukkavarisailio-samsung-w504\/"},"modified":"2026-01-20T09:14:44","modified_gmt":"2026-01-20T07:14:44","slug":"hukkavarisailio-samsung-w504","status":"publish","type":"product","link":"https:\/\/logistiikkakeskus.net\/kauppa\/tuote\/hukkavarisailio-samsung-w504\/","title":{"rendered":"Hukkav\u00e4ris\u00e4ili\u00f6 Samsung W504"},"content":{"rendered":"<p>Hukkav\u00e4ris\u00e4ili\u00f6 Samsung CLT-W504<\/h2>\n<p>Kapasiteetti n. 14000 sivua (musta) ja 3500 sivua (v\u00e4rit).<\/p>\n<p>Sopii seuraaviin laitteisiin:<\/p>\n<ul>\n<li>Samsung CLP-415\n<li>Samsung CLP-415n\n<li>Samsung CLP-415np\n<li>Samsung CLP-415nw\n<li>Samsung CLX-4195\n<li>Samsung CLX-4195fw\n<li>Samsung CLX-4195fn\n<li>Samsung CLX-4195n\n<li>Samsung SL-C1810w\n<li>Samsung SL-C1860fn\n<li>Samsung SL-C1860fw\n<li>Samsung Xpress C1810w\n<li>Samsung Xpress C1860fw<\/ul>\n<p><i>Hakusanat: hukkav\u00e4ripullot, hukkav\u00e4ris\u00e4ili\u00f6t, CLTW504<\/i><\/p>\n","protected":false},"excerpt":{"rendered":"<p>Hukkav\u00e4ris\u00e4ili\u00f6 Samsung CLT-W504 Kapasiteetti n. 14000 sivua (musta) ja 3500 sivua (v\u00e4rit). Sopii seuraaviin laitteisiin: Samsung CLP-415 Samsung CLP-415n Samsung CLP-415np Samsung CLP-415nw Samsung CLX-4195 Samsung CLX-4195fw Samsung CLX-4195fn Samsung CLX-4195n Samsung SL-C1810w Samsung SL-C1860fn Samsung SL-C1860fw Samsung Xpress C1810w Samsung Xpress C1860fw Hakusanat: hukkav\u00e4ripullot, hukkav\u00e4ris\u00e4ili\u00f6t, CLTW504<\/p>\n","protected":false},"featured_media":101480,"comment_status":"open","ping_status":"closed","template":"","meta":[],"product_brand":[],"product_cat":[3245],"product_tag":[],"class_list":{"0":"post-66632","1":"product","2":"type-product","3":"status-publish","4":"has-post-thumbnail","6":"product_cat-it-toimisto-sahkolaitteet-ja-tarv-tulostustarvikkeet-laserkasetit-samsung","8":"first","9":"instock","10":"shipping-taxable","11":"purchasable","12":"product-type-simple"},"_links":{"self":[{"href":"https:\/\/logistiikkakeskus.net\/kauppa\/wp-json\/wp\/v2\/product\/66632","targetHints":{"allow":["GET"]}}],"collection":[{"href":"https:\/\/logistiikkakeskus.net\/kauppa\/wp-json\/wp\/v2\/product"}],"about":[{"href":"https:\/\/logistiikkakeskus.net\/kauppa\/wp-json\/wp\/v2\/types\/product"}],"replies":[{"embeddable":true,"href":"https:\/\/logistiikkakeskus.net\/kauppa\/wp-json\/wp\/v2\/comments?post=66632"}],"wp:featuredmedia":[{"embeddable":true,"href":"https:\/\/logistiikkakeskus.net\/kauppa\/wp-json\/wp\/v2\/media\/101480"}],"wp:attachment":[{"href":"https:\/\/logistiikkakeskus.net\/kauppa\/wp-json\/wp\/v2\/media?parent=66632"}],"wp:term":[{"taxonomy":"product_brand","embeddable":true,"href":"https:\/\/logistiikkakeskus.net\/kauppa\/wp-json\/wp\/v2\/product_brand?post=66632"},{"taxonomy":"product_cat","embeddable":true,"href":"https:\/\/logistiikkakeskus.net\/kauppa\/wp-json\/wp\/v2\/product_cat?post=66632"},{"taxonomy":"product_tag","embeddable":true,"href":"https:\/\/logistiikkakeskus.net\/kauppa\/wp-json\/wp\/v2\/product_tag?post=66632"}],"curies":[{"name":"wp","href":"https:\/\/api.w.org\/{rel}","templated":true}]}}