{"id":66606,"date":"2022-12-01T08:50:12","date_gmt":"2022-12-01T08:50:12","guid":{"rendered":"https:\/\/logistiikkakeskus.net\/kauppa\/tuote\/laserkasetti-samsung-mlt-d205l\/"},"modified":"2026-01-20T09:14:43","modified_gmt":"2026-01-20T07:14:43","slug":"laserkasetti-samsung-mlt-d205l","status":"publish","type":"product","link":"https:\/\/logistiikkakeskus.net\/kauppa\/tuote\/laserkasetti-samsung-mlt-d205l\/","title":{"rendered":"Laserkasetti samsung mlt-d205l"},"content":{"rendered":"<h2>Laserv\u00e4rikasetti Samsung MLT-D205L\/ELS (5k), musta<\/h2>\n<p>Alkuper\u00e4inen musta laserv\u00e4rikasetti,  joka antaa korkealaatuisentulostusj\u00e4ljen. Laserkasetti omaa suuren tulostuskapasiteetin &#8211; t\u00e4ll\u00e4tulostat n. 5000 sivua 5% peitolla.<\/p>\n<ul><b>Sopii seuraaviinlaitteisiin:<\/b><\/p>\n<li> Samsung ML-3310d\/nd\n<li>Samsung ML-3312d\/nd\n<li>Samsung ML-3710d\/dw\/nd\n<li>Samsung ML-3712d\/dw\/nd\n<li>SamsungSCX-4833fd\/fr\/hd\n<li>Samsung SCX-4835fd \/fr\/hd\n<li>SamsungSCX-5637f\/fn\/fr\/hr\n<li>Samsung SCX-5639fr\/fw\/hr\n<li>SamsungSCX-5737fw<\/ul>\n<p><i> toimittajan tuotenro. MLT-D205L\/ELS Bruce Campbel l<br \/>hakusanat:Tulostimet, lasertulostimet , v\u00e4rikasetit, laserkasetit,laserv\u00e4rikasetit<\/i><\/p>\n","protected":false},"excerpt":{"rendered":"<p>Laserv\u00e4rikasetti Samsung MLT-D205L\/ELS (5k), musta Alkuper\u00e4inen musta laserv\u00e4rikasetti, joka antaa korkealaatuisentulostusj\u00e4ljen. Laserkasetti omaa suuren tulostuskapasiteetin &#8211; t\u00e4ll\u00e4tulostat n. 5000 sivua 5% peitolla. Sopii seuraaviinlaitteisiin: Samsung ML-3310d\/nd Samsung ML-3312d\/nd Samsung ML-3710d\/dw\/nd Samsung ML-3712d\/dw\/nd SamsungSCX-4833fd\/fr\/hd Samsung SCX-4835fd \/fr\/hd SamsungSCX-5637f\/fn\/fr\/hr Samsung SCX-5639fr\/fw\/hr SamsungSCX-5737fw toimittajan tuotenro. MLT-D205L\/ELS Bruce Campbel lhakusanat:Tulostimet, lasertulostimet , v\u00e4rikasetit, laserkasetit,laserv\u00e4rikasetit<\/p>\n","protected":false},"featured_media":101473,"comment_status":"open","ping_status":"closed","template":"","meta":[],"product_brand":[],"product_cat":[3245],"product_tag":[],"class_list":{"0":"post-66606","1":"product","2":"type-product","3":"status-publish","4":"has-post-thumbnail","6":"product_cat-it-toimisto-sahkolaitteet-ja-tarv-tulostustarvikkeet-laserkasetit-samsung","8":"first","9":"instock","10":"shipping-taxable","11":"purchasable","12":"product-type-simple"},"_links":{"self":[{"href":"https:\/\/logistiikkakeskus.net\/kauppa\/wp-json\/wp\/v2\/product\/66606","targetHints":{"allow":["GET"]}}],"collection":[{"href":"https:\/\/logistiikkakeskus.net\/kauppa\/wp-json\/wp\/v2\/product"}],"about":[{"href":"https:\/\/logistiikkakeskus.net\/kauppa\/wp-json\/wp\/v2\/types\/product"}],"replies":[{"embeddable":true,"href":"https:\/\/logistiikkakeskus.net\/kauppa\/wp-json\/wp\/v2\/comments?post=66606"}],"wp:featuredmedia":[{"embeddable":true,"href":"https:\/\/logistiikkakeskus.net\/kauppa\/wp-json\/wp\/v2\/media\/101473"}],"wp:attachment":[{"href":"https:\/\/logistiikkakeskus.net\/kauppa\/wp-json\/wp\/v2\/media?parent=66606"}],"wp:term":[{"taxonomy":"product_brand","embeddable":true,"href":"https:\/\/logistiikkakeskus.net\/kauppa\/wp-json\/wp\/v2\/product_brand?post=66606"},{"taxonomy":"product_cat","embeddable":true,"href":"https:\/\/logistiikkakeskus.net\/kauppa\/wp-json\/wp\/v2\/product_cat?post=66606"},{"taxonomy":"product_tag","embeddable":true,"href":"https:\/\/logistiikkakeskus.net\/kauppa\/wp-json\/wp\/v2\/product_tag?post=66606"}],"curies":[{"name":"wp","href":"https:\/\/api.w.org\/{rel}","templated":true}]}}