{"id":66605,"date":"2022-12-01T08:50:11","date_gmt":"2022-12-01T08:50:11","guid":{"rendered":"https:\/\/logistiikkakeskus.net\/kauppa\/tuote\/hukkavariainesailio-lexmark-253093\/"},"modified":"2026-01-20T09:14:43","modified_gmt":"2026-01-20T07:14:43","slug":"hukkavariainesailio-lexmark-253093","status":"publish","type":"product","link":"https:\/\/logistiikkakeskus.net\/kauppa\/tuote\/hukkavariainesailio-lexmark-253093\/","title":{"rendered":"Hukkav\u00e4riaines\u00e4ili\u00f6 Lexmark 253093"},"content":{"rendered":"<p>Yhteensopiva seuraavien Lexmark laitteiden kanssa:C2240 \/ C2325dw \/C2425dw \/ C2535dw \/ CS421dn \/ CS431dw \/ CS521dn \/ CS622de \/ CX421adn \/CX522ade \/ CX622ade \/ CX625ade \/ CX625adhe \/ MC2325adw \/ MC2425adw \/MC2535adwe \/ MC2640adwe \/ XC2235 \/ XC4240.<\/p>\n","protected":false},"excerpt":{"rendered":"<p>Yhteensopiva seuraavien Lexmark laitteiden kanssa:C2240 \/ C2325dw \/C2425dw \/ C2535dw \/ CS421dn \/ CS431dw \/ CS521dn \/ CS622de \/ CX421adn \/CX522ade \/ CX622ade \/ CX625ade \/ CX625adhe \/ MC2325adw \/ MC2425adw \/MC2535adwe \/ MC2640adwe \/ XC2235 \/ XC4240.<\/p>\n","protected":false},"featured_media":101472,"comment_status":"open","ping_status":"closed","template":"","meta":[],"product_brand":[],"product_cat":[3244],"product_tag":[],"class_list":{"0":"post-66605","1":"product","2":"type-product","3":"status-publish","4":"has-post-thumbnail","6":"product_cat-it-toimisto-sahkolaitteet-ja-tarv-tulostustarvikkeet-laserkasetit-lexmark","8":"first","9":"instock","10":"shipping-taxable","11":"purchasable","12":"product-type-simple"},"_links":{"self":[{"href":"https:\/\/logistiikkakeskus.net\/kauppa\/wp-json\/wp\/v2\/product\/66605","targetHints":{"allow":["GET"]}}],"collection":[{"href":"https:\/\/logistiikkakeskus.net\/kauppa\/wp-json\/wp\/v2\/product"}],"about":[{"href":"https:\/\/logistiikkakeskus.net\/kauppa\/wp-json\/wp\/v2\/types\/product"}],"replies":[{"embeddable":true,"href":"https:\/\/logistiikkakeskus.net\/kauppa\/wp-json\/wp\/v2\/comments?post=66605"}],"wp:featuredmedia":[{"embeddable":true,"href":"https:\/\/logistiikkakeskus.net\/kauppa\/wp-json\/wp\/v2\/media\/101472"}],"wp:attachment":[{"href":"https:\/\/logistiikkakeskus.net\/kauppa\/wp-json\/wp\/v2\/media?parent=66605"}],"wp:term":[{"taxonomy":"product_brand","embeddable":true,"href":"https:\/\/logistiikkakeskus.net\/kauppa\/wp-json\/wp\/v2\/product_brand?post=66605"},{"taxonomy":"product_cat","embeddable":true,"href":"https:\/\/logistiikkakeskus.net\/kauppa\/wp-json\/wp\/v2\/product_cat?post=66605"},{"taxonomy":"product_tag","embeddable":true,"href":"https:\/\/logistiikkakeskus.net\/kauppa\/wp-json\/wp\/v2\/product_tag?post=66605"}],"curies":[{"name":"wp","href":"https:\/\/api.w.org\/{rel}","templated":true}]}}