{"id":66533,"date":"2022-12-01T08:49:50","date_gmt":"2022-12-01T08:49:50","guid":{"rendered":"https:\/\/logistiikkakeskus.net\/kauppa\/tuote\/kuvarumpu-lexmark-520z\/"},"modified":"2026-01-20T09:14:41","modified_gmt":"2026-01-20T07:14:41","slug":"kuvarumpu-lexmark-520z","status":"publish","type":"product","link":"https:\/\/logistiikkakeskus.net\/kauppa\/tuote\/kuvarumpu-lexmark-520z\/","title":{"rendered":"Kuvarumpu lexmark 520z"},"content":{"rendered":"<h2>Lasertulostimen kuvansiirtoyksikk\u00f6 Lexmark 520Z<\/h2>\n<p>Alkuper\u00e4inen Lexmark-kuvarumpu, jonka kapasiteetti onkeskim\u00e4\u00e4rin100000 sivua.<\/p>\n<p>Sopii seuraaviin laitteisiin:<\/p>\n<ul>\n<li>B2650dn\n<li>B2650dw\n<li>MB2650ade\n<li>MB2650adwe\n<li>MB2650awe\n<li>MB2770adhwe\n<li>MS710dn\n<li>MS710n\n<li>MS711dn\n<li>MS810de\n<li>MS810dn\n<li>MS810dtn\n<li>MS810n\n<li>MS811dn\n<li>MS811dtn\n<li>MS811n\n<li>MS812de\n<li>MS812dn\n<li>MS812dtn\n<li>MS817dn\n<li>MS817hdn\n<li>MS817n\n<li>MS818dn\n<li>MX710de\n<li>MX710dhe\n<li>MX711de\n<li>MX711dhe\n<li>MX717de\n<li>MX718de\n<li>MX810dfe\n<li>MX810dme\n<li>MX810dpe\n<li>MX810dte\n<li>MX810dtfe\n<li>MX810dtme\n<li>MX810dtpe\n<li>MX810dxfe\n<li>MX810dxme\n<li>MX810dxpe\n<li>MX811dfe\n<li>MX811dme\n<li>MX811dpe\n<li>MX811dxfe\n<li>MX811dxme\n<li>MX811dxpe\n<li>MX812dfe\n<li>MX812dme\n<li>MX812dpe\n<li>MX812dxfe\n<li>MX812dxme\n<li>MX812dxpe<\/ul>\n<p>Toimittajan tuotenro: 52D0Z00<br \/><i>Hakusanat: kuvarumpu, kuvansiirtoyksikk\u00f6<\/i><\/p>\n","protected":false},"excerpt":{"rendered":"<p>Lasertulostimen kuvansiirtoyksikk\u00f6 Lexmark 520Z Alkuper\u00e4inen Lexmark-kuvarumpu, jonka kapasiteetti onkeskim\u00e4\u00e4rin100000 sivua. Sopii seuraaviin laitteisiin: B2650dn B2650dw MB2650ade MB2650adwe MB2650awe MB2770adhwe MS710dn MS710n MS711dn MS810de MS810dn MS810dtn MS810n MS811dn MS811dtn MS811n MS812de MS812dn MS812dtn MS817dn MS817hdn MS817n MS818dn MX710de MX710dhe MX711de MX711dhe MX717de MX718de MX810dfe MX810dme MX810dpe MX810dte MX810dtfe MX810dtme MX810dtpe MX810dxfe MX810dxme MX810dxpe MX811dfe MX811dme MX811dpe [&hellip;]<\/p>\n","protected":false},"featured_media":101451,"comment_status":"open","ping_status":"closed","template":"","meta":[],"product_brand":[],"product_cat":[3244],"product_tag":[],"class_list":{"0":"post-66533","1":"product","2":"type-product","3":"status-publish","4":"has-post-thumbnail","6":"product_cat-it-toimisto-sahkolaitteet-ja-tarv-tulostustarvikkeet-laserkasetit-lexmark","8":"first","9":"instock","10":"shipping-taxable","11":"purchasable","12":"product-type-simple"},"_links":{"self":[{"href":"https:\/\/logistiikkakeskus.net\/kauppa\/wp-json\/wp\/v2\/product\/66533","targetHints":{"allow":["GET"]}}],"collection":[{"href":"https:\/\/logistiikkakeskus.net\/kauppa\/wp-json\/wp\/v2\/product"}],"about":[{"href":"https:\/\/logistiikkakeskus.net\/kauppa\/wp-json\/wp\/v2\/types\/product"}],"replies":[{"embeddable":true,"href":"https:\/\/logistiikkakeskus.net\/kauppa\/wp-json\/wp\/v2\/comments?post=66533"}],"wp:featuredmedia":[{"embeddable":true,"href":"https:\/\/logistiikkakeskus.net\/kauppa\/wp-json\/wp\/v2\/media\/101451"}],"wp:attachment":[{"href":"https:\/\/logistiikkakeskus.net\/kauppa\/wp-json\/wp\/v2\/media?parent=66533"}],"wp:term":[{"taxonomy":"product_brand","embeddable":true,"href":"https:\/\/logistiikkakeskus.net\/kauppa\/wp-json\/wp\/v2\/product_brand?post=66533"},{"taxonomy":"product_cat","embeddable":true,"href":"https:\/\/logistiikkakeskus.net\/kauppa\/wp-json\/wp\/v2\/product_cat?post=66533"},{"taxonomy":"product_tag","embeddable":true,"href":"https:\/\/logistiikkakeskus.net\/kauppa\/wp-json\/wp\/v2\/product_tag?post=66533"}],"curies":[{"name":"wp","href":"https:\/\/api.w.org\/{rel}","templated":true}]}}