{"id":66529,"date":"2022-12-01T08:49:49","date_gmt":"2022-12-01T08:49:49","guid":{"rendered":"https:\/\/logistiikkakeskus.net\/kauppa\/tuote\/laserkasetti-lexmark-512h\/"},"modified":"2026-01-20T09:14:41","modified_gmt":"2026-01-20T07:14:41","slug":"laserkasetti-lexmark-512h","status":"publish","type":"product","link":"https:\/\/logistiikkakeskus.net\/kauppa\/tuote\/laserkasetti-lexmark-512h\/","title":{"rendered":"Laserkasetti lexmark 512h"},"content":{"rendered":"<h2>Laserkasetti Lexmark 512H (5k), musta <\/h2>\n<p>Alkuper\u00e4inen mustalaserv\u00e4rikasetti, joka antaa korkealaatuisen tulostusj\u00e4ljen.Laserkasetin tulostuskapasiteetti on n. 5000 sivua .<\/p>\n<ul><b>Sopiiseuraaviin laitteisiin:<\/b><\/p>\n<li> Lexmark MS312dn\n<li>Lexmark MS415dn<\/ul>\n<p><i> Toimittajan tuotenro. 51F2H0E Bruce Campbell<br \/> hakusanat:Tulostintarvikkeet, MS312,MS415, riittov\u00e4rikasetti<\/i><\/p>\n","protected":false},"excerpt":{"rendered":"<p>Laserkasetti Lexmark 512H (5k), musta Alkuper\u00e4inen mustalaserv\u00e4rikasetti, joka antaa korkealaatuisen tulostusj\u00e4ljen.Laserkasetin tulostuskapasiteetti on n. 5000 sivua . Sopiiseuraaviin laitteisiin: Lexmark MS312dn Lexmark MS415dn Toimittajan tuotenro. 51F2H0E Bruce Campbell hakusanat:Tulostintarvikkeet, MS312,MS415, riittov\u00e4rikasetti<\/p>\n","protected":false},"featured_media":101449,"comment_status":"open","ping_status":"closed","template":"","meta":[],"product_brand":[],"product_cat":[3244],"product_tag":[],"class_list":{"0":"post-66529","1":"product","2":"type-product","3":"status-publish","4":"has-post-thumbnail","6":"product_cat-it-toimisto-sahkolaitteet-ja-tarv-tulostustarvikkeet-laserkasetit-lexmark","8":"first","9":"instock","10":"shipping-taxable","11":"purchasable","12":"product-type-simple"},"_links":{"self":[{"href":"https:\/\/logistiikkakeskus.net\/kauppa\/wp-json\/wp\/v2\/product\/66529","targetHints":{"allow":["GET"]}}],"collection":[{"href":"https:\/\/logistiikkakeskus.net\/kauppa\/wp-json\/wp\/v2\/product"}],"about":[{"href":"https:\/\/logistiikkakeskus.net\/kauppa\/wp-json\/wp\/v2\/types\/product"}],"replies":[{"embeddable":true,"href":"https:\/\/logistiikkakeskus.net\/kauppa\/wp-json\/wp\/v2\/comments?post=66529"}],"wp:featuredmedia":[{"embeddable":true,"href":"https:\/\/logistiikkakeskus.net\/kauppa\/wp-json\/wp\/v2\/media\/101449"}],"wp:attachment":[{"href":"https:\/\/logistiikkakeskus.net\/kauppa\/wp-json\/wp\/v2\/media?parent=66529"}],"wp:term":[{"taxonomy":"product_brand","embeddable":true,"href":"https:\/\/logistiikkakeskus.net\/kauppa\/wp-json\/wp\/v2\/product_brand?post=66529"},{"taxonomy":"product_cat","embeddable":true,"href":"https:\/\/logistiikkakeskus.net\/kauppa\/wp-json\/wp\/v2\/product_cat?post=66529"},{"taxonomy":"product_tag","embeddable":true,"href":"https:\/\/logistiikkakeskus.net\/kauppa\/wp-json\/wp\/v2\/product_tag?post=66529"}],"curies":[{"name":"wp","href":"https:\/\/api.w.org\/{rel}","templated":true}]}}