{"id":66519,"date":"2022-12-01T08:49:46","date_gmt":"2022-12-01T08:49:46","guid":{"rendered":"https:\/\/logistiikkakeskus.net\/kauppa\/tuote\/laserkasetti-lexmark-50f2h\/"},"modified":"2026-01-20T09:14:40","modified_gmt":"2026-01-20T07:14:40","slug":"laserkasetti-lexmark-50f2h","status":"publish","type":"product","link":"https:\/\/logistiikkakeskus.net\/kauppa\/tuote\/laserkasetti-lexmark-50f2h\/","title":{"rendered":"Laserkasetti Lexmark 50F2H"},"content":{"rendered":"<h2>Laserkasetti lexmark 50F2H (5k), musta<\/h2>\n<p>Alkuper\u00e4inen musta laserv\u00e4rikasetti, joka antaa korkealaatuisentulostusj\u00e4ljen. Laserkasetin tulostuskapasiteetti on n. 5000 sivua 5%peitolla .<\/p>\n<p><b>Sopii seuraaviin laitteisiin:<\/b><\/p>\n<ul>\n<li>Lexmark MS310d\n<li>Lexmark MS310dn\n<li>Lexmark MS312dn\n<li>Lexmark MS410d\n<li>Lexmark MS410dn\n<li>Lexmark MS415dn\n<li>Lexmark MS510dn\n<li>Lexmark MS610de\n<li>Lexmark MS610dn\n<li>Lexmark MS610dte\n<li>Lexmark MS610dtn<\/ul>\n<p>Toimittajan tuotenro. 50F2H0E RCK Finland Oy<br \/><i>hakusanat: tulostintarvikkeet, kasetti, MS310, MS312, MS410,MS415,MS510, MS610<\/i><\/p>\n","protected":false},"excerpt":{"rendered":"<p>Laserkasetti lexmark 50F2H (5k), musta Alkuper\u00e4inen musta laserv\u00e4rikasetti, joka antaa korkealaatuisentulostusj\u00e4ljen. Laserkasetin tulostuskapasiteetti on n. 5000 sivua 5%peitolla . Sopii seuraaviin laitteisiin: Lexmark MS310d Lexmark MS310dn Lexmark MS312dn Lexmark MS410d Lexmark MS410dn Lexmark MS415dn Lexmark MS510dn Lexmark MS610de Lexmark MS610dn Lexmark MS610dte Lexmark MS610dtn Toimittajan tuotenro. 50F2H0E RCK Finland Oyhakusanat: tulostintarvikkeet, kasetti, MS310, MS312, MS410,MS415,MS510, [&hellip;]<\/p>\n","protected":false},"featured_media":101444,"comment_status":"open","ping_status":"closed","template":"","meta":[],"product_brand":[],"product_cat":[3244],"product_tag":[],"class_list":{"0":"post-66519","1":"product","2":"type-product","3":"status-publish","4":"has-post-thumbnail","6":"product_cat-it-toimisto-sahkolaitteet-ja-tarv-tulostustarvikkeet-laserkasetit-lexmark","8":"first","9":"instock","10":"shipping-taxable","11":"purchasable","12":"product-type-simple"},"_links":{"self":[{"href":"https:\/\/logistiikkakeskus.net\/kauppa\/wp-json\/wp\/v2\/product\/66519","targetHints":{"allow":["GET"]}}],"collection":[{"href":"https:\/\/logistiikkakeskus.net\/kauppa\/wp-json\/wp\/v2\/product"}],"about":[{"href":"https:\/\/logistiikkakeskus.net\/kauppa\/wp-json\/wp\/v2\/types\/product"}],"replies":[{"embeddable":true,"href":"https:\/\/logistiikkakeskus.net\/kauppa\/wp-json\/wp\/v2\/comments?post=66519"}],"wp:featuredmedia":[{"embeddable":true,"href":"https:\/\/logistiikkakeskus.net\/kauppa\/wp-json\/wp\/v2\/media\/101444"}],"wp:attachment":[{"href":"https:\/\/logistiikkakeskus.net\/kauppa\/wp-json\/wp\/v2\/media?parent=66519"}],"wp:term":[{"taxonomy":"product_brand","embeddable":true,"href":"https:\/\/logistiikkakeskus.net\/kauppa\/wp-json\/wp\/v2\/product_brand?post=66519"},{"taxonomy":"product_cat","embeddable":true,"href":"https:\/\/logistiikkakeskus.net\/kauppa\/wp-json\/wp\/v2\/product_cat?post=66519"},{"taxonomy":"product_tag","embeddable":true,"href":"https:\/\/logistiikkakeskus.net\/kauppa\/wp-json\/wp\/v2\/product_tag?post=66519"}],"curies":[{"name":"wp","href":"https:\/\/api.w.org\/{rel}","templated":true}]}}