{"id":66515,"date":"2022-12-01T08:49:45","date_gmt":"2022-12-01T08:49:45","guid":{"rendered":"https:\/\/logistiikkakeskus.net\/kauppa\/tuote\/laserkasetti-lexmark-t650h\/"},"modified":"2025-10-15T10:13:51","modified_gmt":"2025-10-15T07:13:51","slug":"laserkasetti-lexmark-t650h","status":"publish","type":"product","link":"https:\/\/logistiikkakeskus.net\/kauppa\/tuote\/laserkasetti-lexmark-t650h\/","title":{"rendered":"Laserkasetti lexmark T650H"},"content":{"rendered":"<h2>Laserkasetti lexmark T650H31E (25k), musta<\/h2>\n<p>Alkuper\u00e4inenmustalaserv\u00e4rikasetti, joka antaa korkealaatuisen tulostusj\u00e4ljen.Laserkaset ti omaa suuren tulostuskapasiteetin &#8211; t\u00e4ll\u00e4 tulostat n. 25000sivua 5% peitolla.<\/p>\n<ul> <b>Sopii seuraaviin laitteisiin:<\/b><\/p>\n<li>Lexmark T650n\n<li>Lexmark T650dn\n<li>Lexmark T650dtn\n<li> Lexmark T652n\n<li>Lexmark T652dn\n<li>Lexmark T652dtn\n<li>Lexmark T654n\n<li>LexmarkT654dn\n<li>Lexmark T654dtn\n<li>Lexmark T656dne\n<li>Lexmark TS652dn\n<li>Lexmark TS654dn\n<li>Lexmark TS656dne<\/ul>\n<p><i> Toimittajan tuotenro.T650H31E Bruce Campbell<br \/> hakusanat: Tulostintarvikkeet, T650A11E,T650A21E,  T650H04E, T650H11E, T650H21E, T654X04E, T654X11E,  T654X21E<\/i><\/p>\n","protected":false},"excerpt":{"rendered":"<p>Laserkasetti lexmark T650H31E (25k), musta Alkuper\u00e4inenmustalaserv\u00e4rikasetti, joka antaa korkealaatuisen tulostusj\u00e4ljen.Laserkaset ti omaa suuren tulostuskapasiteetin &#8211; t\u00e4ll\u00e4 tulostat n. 25000sivua 5% peitolla. Sopii seuraaviin laitteisiin: Lexmark T650n Lexmark T650dn Lexmark T650dtn Lexmark T652n Lexmark T652dn Lexmark T652dtn Lexmark T654n LexmarkT654dn Lexmark T654dtn Lexmark T656dne Lexmark TS652dn Lexmark TS654dn Lexmark TS656dne Toimittajan tuotenro.T650H31E Bruce Campbell hakusanat: Tulostintarvikkeet, [&hellip;]<\/p>\n","protected":false},"featured_media":0,"comment_status":"open","ping_status":"closed","template":"","meta":[],"product_brand":[],"product_cat":[3244],"product_tag":[],"class_list":{"0":"post-66515","1":"product","2":"type-product","3":"status-publish","5":"product_cat-it-toimisto-sahkolaitteet-ja-tarv-tulostustarvikkeet-laserkasetit-lexmark","7":"first","8":"instock","9":"shipping-taxable","10":"purchasable","11":"product-type-simple"},"_links":{"self":[{"href":"https:\/\/logistiikkakeskus.net\/kauppa\/wp-json\/wp\/v2\/product\/66515","targetHints":{"allow":["GET"]}}],"collection":[{"href":"https:\/\/logistiikkakeskus.net\/kauppa\/wp-json\/wp\/v2\/product"}],"about":[{"href":"https:\/\/logistiikkakeskus.net\/kauppa\/wp-json\/wp\/v2\/types\/product"}],"replies":[{"embeddable":true,"href":"https:\/\/logistiikkakeskus.net\/kauppa\/wp-json\/wp\/v2\/comments?post=66515"}],"wp:attachment":[{"href":"https:\/\/logistiikkakeskus.net\/kauppa\/wp-json\/wp\/v2\/media?parent=66515"}],"wp:term":[{"taxonomy":"product_brand","embeddable":true,"href":"https:\/\/logistiikkakeskus.net\/kauppa\/wp-json\/wp\/v2\/product_brand?post=66515"},{"taxonomy":"product_cat","embeddable":true,"href":"https:\/\/logistiikkakeskus.net\/kauppa\/wp-json\/wp\/v2\/product_cat?post=66515"},{"taxonomy":"product_tag","embeddable":true,"href":"https:\/\/logistiikkakeskus.net\/kauppa\/wp-json\/wp\/v2\/product_tag?post=66515"}],"curies":[{"name":"wp","href":"https:\/\/api.w.org\/{rel}","templated":true}]}}