{"id":66501,"date":"2022-12-01T08:49:39","date_gmt":"2022-12-01T08:49:39","guid":{"rendered":"https:\/\/logistiikkakeskus.net\/kauppa\/tuote\/laserkasetti-lexmark-e360h\/"},"modified":"2026-01-20T09:14:40","modified_gmt":"2026-01-20T07:14:40","slug":"laserkasetti-lexmark-e360h","status":"publish","type":"product","link":"https:\/\/logistiikkakeskus.net\/kauppa\/tuote\/laserkasetti-lexmark-e360h\/","title":{"rendered":"Laserkasetti lexmark e360h"},"content":{"rendered":"<h2>Laserkasetti lexmark E360H31E (9k), musta<\/h2>\n<p>Alkuper\u00e4inen mustalaserv\u00e4rikasetti, joka antaa korkealaatuisen tulostusj\u00e4ljen.Laserkasetti omaa suuren tulostuskapasiteetin &#8211; t\u00e4ll\u00e4 tulostat n. 9000sivua 5% peitolla.<\/p>\n<ul> <b>Sopii seuraaviin laitteisiin:<\/b><\/p>\n<li>Lexmark E360d\n<li>Lexmark E360dn\n<li>Lexmark E360dt\n<li> LexmarkE360dtn\n<li>Lexmark E460dn\n<li>Lexmark E460dtn\n<li>Lexmark E460dtw\n<li>Lexmark E460dw\n<li> Lexmark E462dtn<\/ul>\n<p><i> Toimittajan tuotenro.E360H31E Bruce Campbell <br \/>hakusanat: Tulostintarvikkeet, Lexmark,E260A11E, E260A21E, E360H11E, E360H21E, E460X11E, E460X21E, E462U11E,E360H21E, mustepatruuna, v\u00e4rikasetit<\/i><\/p>\n","protected":false},"excerpt":{"rendered":"<p>Laserkasetti lexmark E360H31E (9k), musta Alkuper\u00e4inen mustalaserv\u00e4rikasetti, joka antaa korkealaatuisen tulostusj\u00e4ljen.Laserkasetti omaa suuren tulostuskapasiteetin &#8211; t\u00e4ll\u00e4 tulostat n. 9000sivua 5% peitolla. Sopii seuraaviin laitteisiin: Lexmark E360d Lexmark E360dn Lexmark E360dt LexmarkE360dtn Lexmark E460dn Lexmark E460dtn Lexmark E460dtw Lexmark E460dw Lexmark E462dtn Toimittajan tuotenro.E360H31E Bruce Campbell hakusanat: Tulostintarvikkeet, Lexmark,E260A11E, E260A21E, E360H11E, E360H21E, E460X11E, E460X21E, E462U11E,E360H21E, mustepatruuna, [&hellip;]<\/p>\n","protected":false},"featured_media":101434,"comment_status":"open","ping_status":"closed","template":"","meta":[],"product_brand":[],"product_cat":[3244],"product_tag":[],"class_list":{"0":"post-66501","1":"product","2":"type-product","3":"status-publish","4":"has-post-thumbnail","6":"product_cat-it-toimisto-sahkolaitteet-ja-tarv-tulostustarvikkeet-laserkasetit-lexmark","8":"first","9":"instock","10":"shipping-taxable","11":"purchasable","12":"product-type-simple"},"_links":{"self":[{"href":"https:\/\/logistiikkakeskus.net\/kauppa\/wp-json\/wp\/v2\/product\/66501","targetHints":{"allow":["GET"]}}],"collection":[{"href":"https:\/\/logistiikkakeskus.net\/kauppa\/wp-json\/wp\/v2\/product"}],"about":[{"href":"https:\/\/logistiikkakeskus.net\/kauppa\/wp-json\/wp\/v2\/types\/product"}],"replies":[{"embeddable":true,"href":"https:\/\/logistiikkakeskus.net\/kauppa\/wp-json\/wp\/v2\/comments?post=66501"}],"wp:featuredmedia":[{"embeddable":true,"href":"https:\/\/logistiikkakeskus.net\/kauppa\/wp-json\/wp\/v2\/media\/101434"}],"wp:attachment":[{"href":"https:\/\/logistiikkakeskus.net\/kauppa\/wp-json\/wp\/v2\/media?parent=66501"}],"wp:term":[{"taxonomy":"product_brand","embeddable":true,"href":"https:\/\/logistiikkakeskus.net\/kauppa\/wp-json\/wp\/v2\/product_brand?post=66501"},{"taxonomy":"product_cat","embeddable":true,"href":"https:\/\/logistiikkakeskus.net\/kauppa\/wp-json\/wp\/v2\/product_cat?post=66501"},{"taxonomy":"product_tag","embeddable":true,"href":"https:\/\/logistiikkakeskus.net\/kauppa\/wp-json\/wp\/v2\/product_tag?post=66501"}],"curies":[{"name":"wp","href":"https:\/\/api.w.org\/{rel}","templated":true}]}}