{"id":66499,"date":"2022-12-01T08:49:39","date_gmt":"2022-12-01T08:49:39","guid":{"rendered":"https:\/\/logistiikkakeskus.net\/kauppa\/tuote\/kuvarumpu-lexmark-e260x22g\/"},"modified":"2025-10-15T10:13:50","modified_gmt":"2025-10-15T07:13:50","slug":"kuvarumpu-lexmark-e260x22g","status":"publish","type":"product","link":"https:\/\/logistiikkakeskus.net\/kauppa\/tuote\/kuvarumpu-lexmark-e260x22g\/","title":{"rendered":"Kuvarumpu lexmark e260x22g"},"content":{"rendered":"<h2>Lasertulostimen kuvansiirtoyksikk\u00f6 Lexmark E260X22G<\/h2>\n<p>Alkuper\u00e4inen Lexmark -kuvarumpu,  jonka kuvansiirtokyky kest\u00e4\u00e4keskim\u00e4\u00e4rin 30000 sivun tulostamisen ennen kuin kuvarumpu on loppuunkuluneena vaihdettavauuteen.<\/p>\n<ul><b> Sopii seuraaviin laitteisiin:<\/b><\/p>\n<li>Lexmark E260d < li>Lexmark E260dn\n<li>Lexmark E260dtn\n<li>LexmarkE360d\n<li>Lexmark E360dn\n<li>Lexmark E460dn\n<li> Lexmark E360dt\n<li>LexmarkE360dtn\n<li>Lexmark E460dtn\n<li>Lexmark E460dtw\n<li>Lexmark E460dw\n<li>Lexmark E462dtn\n<li>Lexmark X264de\n<li>Lexmark X264dn\n<li>Lexmark X463de\n<li>Lexmark X363dn\n<li> Lexmark X364dn\n<li>Lexmark X364dw\n<li>LexmarkX463de\n<li>Lexmark X464de\n<li>LexmarkX466de\n<li>Lexmark X466dte\n<li>LexmarkX466dwe<\/ul>\n","protected":false},"excerpt":{"rendered":"<p>Lasertulostimen kuvansiirtoyksikk\u00f6 Lexmark E260X22G Alkuper\u00e4inen Lexmark -kuvarumpu, jonka kuvansiirtokyky kest\u00e4\u00e4keskim\u00e4\u00e4rin 30000 sivun tulostamisen ennen kuin kuvarumpu on loppuunkuluneena vaihdettavauuteen. Sopii seuraaviin laitteisiin: Lexmark E260d < li>Lexmark E260dn Lexmark E260dtn LexmarkE360d Lexmark E360dn Lexmark E460dn Lexmark E360dt LexmarkE360dtn Lexmark E460dtn Lexmark E460dtw Lexmark E460dw Lexmark E462dtn Lexmark X264de Lexmark X264dn Lexmark X463de Lexmark X363dn Lexmark X364dn [&hellip;]<\/p>\n","protected":false},"featured_media":0,"comment_status":"open","ping_status":"closed","template":"","meta":[],"product_brand":[],"product_cat":[3244],"product_tag":[],"class_list":{"0":"post-66499","1":"product","2":"type-product","3":"status-publish","5":"product_cat-it-toimisto-sahkolaitteet-ja-tarv-tulostustarvikkeet-laserkasetit-lexmark","7":"first","8":"instock","9":"shipping-taxable","10":"purchasable","11":"product-type-simple"},"_links":{"self":[{"href":"https:\/\/logistiikkakeskus.net\/kauppa\/wp-json\/wp\/v2\/product\/66499","targetHints":{"allow":["GET"]}}],"collection":[{"href":"https:\/\/logistiikkakeskus.net\/kauppa\/wp-json\/wp\/v2\/product"}],"about":[{"href":"https:\/\/logistiikkakeskus.net\/kauppa\/wp-json\/wp\/v2\/types\/product"}],"replies":[{"embeddable":true,"href":"https:\/\/logistiikkakeskus.net\/kauppa\/wp-json\/wp\/v2\/comments?post=66499"}],"wp:attachment":[{"href":"https:\/\/logistiikkakeskus.net\/kauppa\/wp-json\/wp\/v2\/media?parent=66499"}],"wp:term":[{"taxonomy":"product_brand","embeddable":true,"href":"https:\/\/logistiikkakeskus.net\/kauppa\/wp-json\/wp\/v2\/product_brand?post=66499"},{"taxonomy":"product_cat","embeddable":true,"href":"https:\/\/logistiikkakeskus.net\/kauppa\/wp-json\/wp\/v2\/product_cat?post=66499"},{"taxonomy":"product_tag","embeddable":true,"href":"https:\/\/logistiikkakeskus.net\/kauppa\/wp-json\/wp\/v2\/product_tag?post=66499"}],"curies":[{"name":"wp","href":"https:\/\/api.w.org\/{rel}","templated":true}]}}