{"id":66491,"date":"2022-12-01T08:49:36","date_gmt":"2022-12-01T08:49:36","guid":{"rendered":"https:\/\/logistiikkakeskus.net\/kauppa\/tuote\/laserkasetti-lexmark-e120\/"},"modified":"2026-01-20T09:14:40","modified_gmt":"2026-01-20T07:14:40","slug":"laserkasetti-lexmark-e120","status":"publish","type":"product","link":"https:\/\/logistiikkakeskus.net\/kauppa\/tuote\/laserkasetti-lexmark-e120\/","title":{"rendered":"Laserkasetti Lexmark E120"},"content":{"rendered":"<h2>Lexmark 12016SE (E120) musta (2000 s.)<\/h2>\n<p>Alkuper\u00e4inen kasetti tulostimen valmistajalta. Hyv\u00e4 valintaniille, jotka haluavat tuottaa monimutkaisesta sis\u00e4ll\u00f6st\u00e4 laadukkaita jakest\u00e4vi\u00e4 tulosteita. V\u00e4litt\u00e4\u00e4 tulostimelle tarkat tiedot j\u00e4ljell\u00e4 olevanv\u00e4rijauheen m\u00e4\u00e4r\u00e4st\u00e4.<\/p>\n<p><b>Sopii seuraaviin laitteisiin:<\/b><\/p>\n<ul>\n<li>E120\n<li>E120n<\/ul>\n<p>Toimittajan tuotenro 12016SE RCK Finland Oy<br \/><i>hakusanat: tulostintarvikkeet, Lexmark, mustepatruuna,v\u00e4rikasetti, tulostimet, lasertulostimet, v\u00e4rikasetit, E120, E120n<\/i><\/p>\n","protected":false},"excerpt":{"rendered":"<p>Lexmark 12016SE (E120) musta (2000 s.) Alkuper\u00e4inen kasetti tulostimen valmistajalta. Hyv\u00e4 valintaniille, jotka haluavat tuottaa monimutkaisesta sis\u00e4ll\u00f6st\u00e4 laadukkaita jakest\u00e4vi\u00e4 tulosteita. V\u00e4litt\u00e4\u00e4 tulostimelle tarkat tiedot j\u00e4ljell\u00e4 olevanv\u00e4rijauheen m\u00e4\u00e4r\u00e4st\u00e4. Sopii seuraaviin laitteisiin: E120 E120n Toimittajan tuotenro 12016SE RCK Finland Oyhakusanat: tulostintarvikkeet, Lexmark, mustepatruuna,v\u00e4rikasetti, tulostimet, lasertulostimet, v\u00e4rikasetit, E120, E120n<\/p>\n","protected":false},"featured_media":101431,"comment_status":"open","ping_status":"closed","template":"","meta":[],"product_brand":[],"product_cat":[3244],"product_tag":[],"class_list":{"0":"post-66491","1":"product","2":"type-product","3":"status-publish","4":"has-post-thumbnail","6":"product_cat-it-toimisto-sahkolaitteet-ja-tarv-tulostustarvikkeet-laserkasetit-lexmark","8":"first","9":"instock","10":"shipping-taxable","11":"purchasable","12":"product-type-simple"},"_links":{"self":[{"href":"https:\/\/logistiikkakeskus.net\/kauppa\/wp-json\/wp\/v2\/product\/66491","targetHints":{"allow":["GET"]}}],"collection":[{"href":"https:\/\/logistiikkakeskus.net\/kauppa\/wp-json\/wp\/v2\/product"}],"about":[{"href":"https:\/\/logistiikkakeskus.net\/kauppa\/wp-json\/wp\/v2\/types\/product"}],"replies":[{"embeddable":true,"href":"https:\/\/logistiikkakeskus.net\/kauppa\/wp-json\/wp\/v2\/comments?post=66491"}],"wp:featuredmedia":[{"embeddable":true,"href":"https:\/\/logistiikkakeskus.net\/kauppa\/wp-json\/wp\/v2\/media\/101431"}],"wp:attachment":[{"href":"https:\/\/logistiikkakeskus.net\/kauppa\/wp-json\/wp\/v2\/media?parent=66491"}],"wp:term":[{"taxonomy":"product_brand","embeddable":true,"href":"https:\/\/logistiikkakeskus.net\/kauppa\/wp-json\/wp\/v2\/product_brand?post=66491"},{"taxonomy":"product_cat","embeddable":true,"href":"https:\/\/logistiikkakeskus.net\/kauppa\/wp-json\/wp\/v2\/product_cat?post=66491"},{"taxonomy":"product_tag","embeddable":true,"href":"https:\/\/logistiikkakeskus.net\/kauppa\/wp-json\/wp\/v2\/product_tag?post=66491"}],"curies":[{"name":"wp","href":"https:\/\/api.w.org\/{rel}","templated":true}]}}