{"id":66489,"date":"2022-12-01T08:49:36","date_gmt":"2022-12-01T08:49:36","guid":{"rendered":"https:\/\/logistiikkakeskus.net\/kauppa\/tuote\/laserkasetti-hp-cf360xc-musta\/"},"modified":"2026-01-20T09:14:40","modified_gmt":"2026-01-20T07:14:40","slug":"laserkasetti-hp-cf360xc-musta","status":"publish","type":"product","link":"https:\/\/logistiikkakeskus.net\/kauppa\/tuote\/laserkasetti-hp-cf360xc-musta\/","title":{"rendered":"Laserkasetti HP CF360XC, musta"},"content":{"rendered":"<h2>Laserkasetti HP CF360XC (12.5k), musta<\/h2>\n<p>Alkuper\u00e4inenmusta laserv\u00e4rikasetti, joka antaa korkealaatuisen tulostusj\u00e4ljen.Laserkasetti riitt\u00e4\u00e4 n. 9500 sivuun 5% peitolla.<\/p>\n<ul><b>Sopiiseuraaviin laitteisiin:<\/b><\/p>\n<li>HP Color Laserjet EnterpriseM552dn\n<li>HP Color Laserjet Enterprise M553n\n<li>HP Color Laserjet EnterpriseM553x\n<li>HP Color Laserjet Enterprise M550<\/ul>\n<p><i>hakusanat:Tulostintarvikkeet, Hewlett-Packard, Laserjet, syaani, laserv\u00e4rikasetti, laserkasetti, mustepatruunat, lasertulostimet, v\u00e4rikasetit, CF361A,508x, CF361X, UUTUUS-Kes\u00e4kuu<\/i><\/p>\n","protected":false},"excerpt":{"rendered":"<p>Laserkasetti HP CF360XC (12.5k), musta Alkuper\u00e4inenmusta laserv\u00e4rikasetti, joka antaa korkealaatuisen tulostusj\u00e4ljen.Laserkasetti riitt\u00e4\u00e4 n. 9500 sivuun 5% peitolla. Sopiiseuraaviin laitteisiin: HP Color Laserjet EnterpriseM552dn HP Color Laserjet Enterprise M553n HP Color Laserjet EnterpriseM553x HP Color Laserjet Enterprise M550 hakusanat:Tulostintarvikkeet, Hewlett-Packard, Laserjet, syaani, laserv\u00e4rikasetti, laserkasetti, mustepatruunat, lasertulostimet, v\u00e4rikasetit, CF361A,508x, CF361X, UUTUUS-Kes\u00e4kuu<\/p>\n","protected":false},"featured_media":101430,"comment_status":"open","ping_status":"closed","template":"","meta":[],"product_brand":[],"product_cat":[3243],"product_tag":[],"class_list":{"0":"post-66489","1":"product","2":"type-product","3":"status-publish","4":"has-post-thumbnail","6":"product_cat-it-toimisto-sahkolaitteet-ja-tarv-tulostustarvikkeet-laserkasetit-hp","8":"first","9":"instock","10":"shipping-taxable","11":"purchasable","12":"product-type-simple"},"_links":{"self":[{"href":"https:\/\/logistiikkakeskus.net\/kauppa\/wp-json\/wp\/v2\/product\/66489","targetHints":{"allow":["GET"]}}],"collection":[{"href":"https:\/\/logistiikkakeskus.net\/kauppa\/wp-json\/wp\/v2\/product"}],"about":[{"href":"https:\/\/logistiikkakeskus.net\/kauppa\/wp-json\/wp\/v2\/types\/product"}],"replies":[{"embeddable":true,"href":"https:\/\/logistiikkakeskus.net\/kauppa\/wp-json\/wp\/v2\/comments?post=66489"}],"wp:featuredmedia":[{"embeddable":true,"href":"https:\/\/logistiikkakeskus.net\/kauppa\/wp-json\/wp\/v2\/media\/101430"}],"wp:attachment":[{"href":"https:\/\/logistiikkakeskus.net\/kauppa\/wp-json\/wp\/v2\/media?parent=66489"}],"wp:term":[{"taxonomy":"product_brand","embeddable":true,"href":"https:\/\/logistiikkakeskus.net\/kauppa\/wp-json\/wp\/v2\/product_brand?post=66489"},{"taxonomy":"product_cat","embeddable":true,"href":"https:\/\/logistiikkakeskus.net\/kauppa\/wp-json\/wp\/v2\/product_cat?post=66489"},{"taxonomy":"product_tag","embeddable":true,"href":"https:\/\/logistiikkakeskus.net\/kauppa\/wp-json\/wp\/v2\/product_tag?post=66489"}],"curies":[{"name":"wp","href":"https:\/\/api.w.org\/{rel}","templated":true}]}}