{"id":66477,"date":"2022-12-01T08:49:31","date_gmt":"2022-12-01T08:49:31","guid":{"rendered":"https:\/\/logistiikkakeskus.net\/kauppa\/tuote\/laserkasetti-hp-ce402yc-keltainen\/"},"modified":"2026-01-20T09:14:39","modified_gmt":"2026-01-20T07:14:39","slug":"laserkasetti-hp-ce402yc-keltainen","status":"publish","type":"product","link":"https:\/\/logistiikkakeskus.net\/kauppa\/tuote\/laserkasetti-hp-ce402yc-keltainen\/","title":{"rendered":"Laserkasetti HP CE402YC keltainen"},"content":{"rendered":"<h2>Laserkasetti HP CE402YC (7.8k), keltainen <\/h2>\n<p>Alkuper\u00e4inenkeltainen laserv\u00e4rikasetti, joka antaa korkealaatuisen tulostusj\u00e4ljen.Laserkasetti riitt\u00e4\u00e4 n. 7800 sivuun 5% peitolla. <\/p>\n<ul><b>Sopiiseuraaviin laitteisiin:<\/b> <\/p>\n<li>HP Color Laserjet Enterprise M551n\n<li>HP Color Laserjet Enterprise M551dn\n<li>HP Color Laserjet EnterpriseM551xh <\/ul>\n<p><i> toimittajan tuotenro. CE402YC Bruce Campbell<br \/>hakusanat: Tulostintarvikkeet, Hewlett-Packard, Laserjet, yellow,laserv\u00e4rikasetti, laserkasetti, mustepatruunat, lasertulostimet,v\u00e4rikasetit, EX-CE402AC<\/i><\/p>\n","protected":false},"excerpt":{"rendered":"<p>Laserkasetti HP CE402YC (7.8k), keltainen Alkuper\u00e4inenkeltainen laserv\u00e4rikasetti, joka antaa korkealaatuisen tulostusj\u00e4ljen.Laserkasetti riitt\u00e4\u00e4 n. 7800 sivuun 5% peitolla. Sopiiseuraaviin laitteisiin: HP Color Laserjet Enterprise M551n HP Color Laserjet Enterprise M551dn HP Color Laserjet EnterpriseM551xh toimittajan tuotenro. CE402YC Bruce Campbellhakusanat: Tulostintarvikkeet, Hewlett-Packard, Laserjet, yellow,laserv\u00e4rikasetti, laserkasetti, mustepatruunat, lasertulostimet,v\u00e4rikasetit, EX-CE402AC<\/p>\n","protected":false},"featured_media":101424,"comment_status":"open","ping_status":"closed","template":"","meta":[],"product_brand":[],"product_cat":[3243],"product_tag":[],"class_list":{"0":"post-66477","1":"product","2":"type-product","3":"status-publish","4":"has-post-thumbnail","6":"product_cat-it-toimisto-sahkolaitteet-ja-tarv-tulostustarvikkeet-laserkasetit-hp","8":"first","9":"instock","10":"shipping-taxable","11":"purchasable","12":"product-type-simple"},"_links":{"self":[{"href":"https:\/\/logistiikkakeskus.net\/kauppa\/wp-json\/wp\/v2\/product\/66477","targetHints":{"allow":["GET"]}}],"collection":[{"href":"https:\/\/logistiikkakeskus.net\/kauppa\/wp-json\/wp\/v2\/product"}],"about":[{"href":"https:\/\/logistiikkakeskus.net\/kauppa\/wp-json\/wp\/v2\/types\/product"}],"replies":[{"embeddable":true,"href":"https:\/\/logistiikkakeskus.net\/kauppa\/wp-json\/wp\/v2\/comments?post=66477"}],"wp:featuredmedia":[{"embeddable":true,"href":"https:\/\/logistiikkakeskus.net\/kauppa\/wp-json\/wp\/v2\/media\/101424"}],"wp:attachment":[{"href":"https:\/\/logistiikkakeskus.net\/kauppa\/wp-json\/wp\/v2\/media?parent=66477"}],"wp:term":[{"taxonomy":"product_brand","embeddable":true,"href":"https:\/\/logistiikkakeskus.net\/kauppa\/wp-json\/wp\/v2\/product_brand?post=66477"},{"taxonomy":"product_cat","embeddable":true,"href":"https:\/\/logistiikkakeskus.net\/kauppa\/wp-json\/wp\/v2\/product_cat?post=66477"},{"taxonomy":"product_tag","embeddable":true,"href":"https:\/\/logistiikkakeskus.net\/kauppa\/wp-json\/wp\/v2\/product_tag?post=66477"}],"curies":[{"name":"wp","href":"https:\/\/api.w.org\/{rel}","templated":true}]}}