{"id":66471,"date":"2022-12-01T08:49:29","date_gmt":"2022-12-01T08:49:29","guid":{"rendered":"https:\/\/logistiikkakeskus.net\/kauppa\/tuote\/laserkasetti-hp-ce253y-magenta\/"},"modified":"2026-01-20T09:14:39","modified_gmt":"2026-01-20T07:14:39","slug":"laserkasetti-hp-ce253y-magenta","status":"publish","type":"product","link":"https:\/\/logistiikkakeskus.net\/kauppa\/tuote\/laserkasetti-hp-ce253y-magenta\/","title":{"rendered":"Laserkasetti hp ce253y magenta"},"content":{"rendered":"<h2>Laserkasetti HP CE253YC (7.9k), magenta <\/h2>\n<p>Alkuper\u00e4inenpunainen laserv\u00e4rikasetti, joka antaa korkealaatuisen tulostusj\u00e4ljen.Laserkasetti riitt\u00e4\u00e4 n. 7900 sivuun 5% peitolla. <\/p>\n<ul><b>Sopiiseuraaviin laitteisiin:<\/b><\/p>\n<li>HP  Color Laserjet CP3520\n<li>HP ColorLaserjet CP3525\n<li>HP Color Laserjet CP3525dn\n<li>HP Color LaserjetCP3525n\n<li>HP Color Laserjet CP3525x\n<li> HP Color Laserjet CM3530 mfp\n<li>HP Color Laserjet CM3530fs<\/ul>\n<p><i> toimittajan tuotenro. CE253YCBruce Campbell<br \/> hakusanat: Tulostintarvikkeet, Hewlett-Packard,Laserjet, red, laserv\u00e4rikasetti, laserkasetti, mustepatruunat,lasertulostimet, v\u00e4rikasetit, EX-CE253A, EX-CE253AC<\/i><\/p>\n","protected":false},"excerpt":{"rendered":"<p>Laserkasetti HP CE253YC (7.9k), magenta Alkuper\u00e4inenpunainen laserv\u00e4rikasetti, joka antaa korkealaatuisen tulostusj\u00e4ljen.Laserkasetti riitt\u00e4\u00e4 n. 7900 sivuun 5% peitolla. Sopiiseuraaviin laitteisiin: HP Color Laserjet CP3520 HP ColorLaserjet CP3525 HP Color Laserjet CP3525dn HP Color LaserjetCP3525n HP Color Laserjet CP3525x HP Color Laserjet CM3530 mfp HP Color Laserjet CM3530fs toimittajan tuotenro. CE253YCBruce Campbell hakusanat: Tulostintarvikkeet, Hewlett-Packard,Laserjet, red, laserv\u00e4rikasetti, [&hellip;]<\/p>\n","protected":false},"featured_media":101421,"comment_status":"open","ping_status":"closed","template":"","meta":[],"product_brand":[],"product_cat":[3243],"product_tag":[],"class_list":{"0":"post-66471","1":"product","2":"type-product","3":"status-publish","4":"has-post-thumbnail","6":"product_cat-it-toimisto-sahkolaitteet-ja-tarv-tulostustarvikkeet-laserkasetit-hp","8":"first","9":"instock","10":"shipping-taxable","11":"purchasable","12":"product-type-simple"},"_links":{"self":[{"href":"https:\/\/logistiikkakeskus.net\/kauppa\/wp-json\/wp\/v2\/product\/66471","targetHints":{"allow":["GET"]}}],"collection":[{"href":"https:\/\/logistiikkakeskus.net\/kauppa\/wp-json\/wp\/v2\/product"}],"about":[{"href":"https:\/\/logistiikkakeskus.net\/kauppa\/wp-json\/wp\/v2\/types\/product"}],"replies":[{"embeddable":true,"href":"https:\/\/logistiikkakeskus.net\/kauppa\/wp-json\/wp\/v2\/comments?post=66471"}],"wp:featuredmedia":[{"embeddable":true,"href":"https:\/\/logistiikkakeskus.net\/kauppa\/wp-json\/wp\/v2\/media\/101421"}],"wp:attachment":[{"href":"https:\/\/logistiikkakeskus.net\/kauppa\/wp-json\/wp\/v2\/media?parent=66471"}],"wp:term":[{"taxonomy":"product_brand","embeddable":true,"href":"https:\/\/logistiikkakeskus.net\/kauppa\/wp-json\/wp\/v2\/product_brand?post=66471"},{"taxonomy":"product_cat","embeddable":true,"href":"https:\/\/logistiikkakeskus.net\/kauppa\/wp-json\/wp\/v2\/product_cat?post=66471"},{"taxonomy":"product_tag","embeddable":true,"href":"https:\/\/logistiikkakeskus.net\/kauppa\/wp-json\/wp\/v2\/product_tag?post=66471"}],"curies":[{"name":"wp","href":"https:\/\/api.w.org\/{rel}","templated":true}]}}