{"id":66449,"date":"2022-12-01T08:49:23","date_gmt":"2022-12-01T08:49:23","guid":{"rendered":"https:\/\/logistiikkakeskus.net\/kauppa\/tuote\/laserkasetti-hp-ce285a-musta\/"},"modified":"2026-01-20T09:14:38","modified_gmt":"2026-01-20T07:14:38","slug":"laserkasetti-hp-ce285a-musta","status":"publish","type":"product","link":"https:\/\/logistiikkakeskus.net\/kauppa\/tuote\/laserkasetti-hp-ce285a-musta\/","title":{"rendered":"Laserkasetti HP CE285A, musta"},"content":{"rendered":"<h2>Laserkasetti HP CE285AC (1.6k), musta<\/h2>\n<p> Alkuper\u00e4inenlaserv\u00e4rikasetti korkealaatuisella  tulostusj\u00e4ljell\u00e4. T\u00e4ll\u00e4 kasetillatulostat 1600 sivua 5% peitolla.<\/p>\n<ul><b>Sopii seuraaviin laitteisiin:<\/b><\/p>\n<li>HP Laserjet P1102\n<li>HP Laserjet P1102w\n<li>HP Laserjet M1130\n<li>HP LaserjetM1132\n<li>HP Laserjet M1134\n<li>HP Laserjet  M1136\n<li>HPLaserjet M1137<l i>HP Laserjet M1138\n<li>HP Laserjet M1139\n<li>HPLaserjet M1210 mfp\n<li> HP Laserjet M1212nf\n<li>HP Laserjet M1212nfh\n<li>HPLaserjet M1213nf\n<li>HP Laserjet M1214nfh\n<li>HP Laserjet M1216nfh\n<li>HPLaserjet M1217nfw\n<li>HP Laserjet M1219nf<\/ul>\n<p><i>Toimittajan tuotenro.CE285AC Bruce Campbell<br \/>hakusanat: Hewlett-Packard, Tulostintarvikkeet<\/i><\/p>\n","protected":false},"excerpt":{"rendered":"<p>Laserkasetti HP CE285AC (1.6k), musta Alkuper\u00e4inenlaserv\u00e4rikasetti korkealaatuisella tulostusj\u00e4ljell\u00e4. T\u00e4ll\u00e4 kasetillatulostat 1600 sivua 5% peitolla. Sopii seuraaviin laitteisiin: HP Laserjet P1102 HP Laserjet P1102w HP Laserjet M1130 HP LaserjetM1132 HP Laserjet M1134 HP Laserjet M1136 HPLaserjet M1137HP Laserjet M1138 HP Laserjet M1139 HPLaserjet M1210 mfp HP Laserjet M1212nf HP Laserjet M1212nfh HPLaserjet M1213nf HP Laserjet M1214nfh [&hellip;]<\/p>\n","protected":false},"featured_media":101414,"comment_status":"open","ping_status":"closed","template":"","meta":[],"product_brand":[],"product_cat":[3243],"product_tag":[],"class_list":{"0":"post-66449","1":"product","2":"type-product","3":"status-publish","4":"has-post-thumbnail","6":"product_cat-it-toimisto-sahkolaitteet-ja-tarv-tulostustarvikkeet-laserkasetit-hp","8":"first","9":"instock","10":"shipping-taxable","11":"purchasable","12":"product-type-simple"},"_links":{"self":[{"href":"https:\/\/logistiikkakeskus.net\/kauppa\/wp-json\/wp\/v2\/product\/66449","targetHints":{"allow":["GET"]}}],"collection":[{"href":"https:\/\/logistiikkakeskus.net\/kauppa\/wp-json\/wp\/v2\/product"}],"about":[{"href":"https:\/\/logistiikkakeskus.net\/kauppa\/wp-json\/wp\/v2\/types\/product"}],"replies":[{"embeddable":true,"href":"https:\/\/logistiikkakeskus.net\/kauppa\/wp-json\/wp\/v2\/comments?post=66449"}],"wp:featuredmedia":[{"embeddable":true,"href":"https:\/\/logistiikkakeskus.net\/kauppa\/wp-json\/wp\/v2\/media\/101414"}],"wp:attachment":[{"href":"https:\/\/logistiikkakeskus.net\/kauppa\/wp-json\/wp\/v2\/media?parent=66449"}],"wp:term":[{"taxonomy":"product_brand","embeddable":true,"href":"https:\/\/logistiikkakeskus.net\/kauppa\/wp-json\/wp\/v2\/product_brand?post=66449"},{"taxonomy":"product_cat","embeddable":true,"href":"https:\/\/logistiikkakeskus.net\/kauppa\/wp-json\/wp\/v2\/product_cat?post=66449"},{"taxonomy":"product_tag","embeddable":true,"href":"https:\/\/logistiikkakeskus.net\/kauppa\/wp-json\/wp\/v2\/product_tag?post=66449"}],"curies":[{"name":"wp","href":"https:\/\/api.w.org\/{rel}","templated":true}]}}